{"id":176,"date":"2024-05-12T23:31:10","date_gmt":"2024-05-12T23:31:10","guid":{"rendered":"https:\/\/sitoweb.biz\/elpalaciodelviento.com\/?page_id=176"},"modified":"2024-07-30T10:05:12","modified_gmt":"2024-07-30T10:05:12","slug":"intrebari-frecvente","status":"publish","type":"page","link":"https:\/\/elpalaciodelviento.com\/ro\/intrebari-frecvente\/","title":{"rendered":"\u00ceNTREB\u0102RI FRECVENTE"},"content":{"rendered":"<div data-elementor-type=\"wp-page\" data-elementor-id=\"176\" class=\"elementor elementor-176\" data-elementor-post-type=\"page\">\n\t\t\t\t<div class=\"elementor-element elementor-element-178e57ae e-flex e-con-boxed e-con e-parent\" data-id=\"178e57ae\" data-element_type=\"container\" data-e-type=\"container\" data-settings=\"{&quot;background_background&quot;:&quot;classic&quot;}\">\n\t\t\t\t\t<div class=\"e-con-inner\">\n\t\t<div class=\"elementor-element elementor-element-2e91ee38 e-con-full e-flex e-con e-child\" data-id=\"2e91ee38\" data-element_type=\"container\" data-e-type=\"container\">\n\t\t\t\t<div class=\"elementor-element elementor-element-50423f3 elementor-invisible elementor-widget elementor-widget-heading\" data-id=\"50423f3\" data-element_type=\"widget\" data-e-type=\"widget\" data-settings=\"{&quot;_animation&quot;:&quot;fadeIn&quot;}\" data-widget_type=\"heading.default\">\n\t\t\t\t<div class=\"elementor-widget-container\">\n\t\t\t\t\t<h2 class=\"elementor-heading-title elementor-size-default\">\u00ceNTREB\u0102RI FRECVENTE<\/h2>\t\t\t\t<\/div>\n\t\t\t\t<\/div>\n\t\t\t\t<div class=\"elementor-element elementor-element-77d88766 elementor-widget__width-initial elementor-widget-mobile__width-inherit elementor-invisible elementor-widget elementor-widget-text-editor\" data-id=\"77d88766\" data-element_type=\"widget\" data-e-type=\"widget\" data-settings=\"{&quot;_animation&quot;:&quot;fadeIn&quot;,&quot;_animation_delay&quot;:&quot;200&quot;}\" data-widget_type=\"text-editor.default\">\n\t\t\t\t<div class=\"elementor-widget-container\">\n\t\t\t\t\t\t\t\t\t<p>Pentru a v\u0103 ajuta cu rezervarea sau pentru a v\u0103 oferi mai multe informa\u021bii despre El Palacio del Viento, aici este o list\u0103 cu \u00eentreb\u0103ri la care am r\u0103spuns pentru dumneavoastr\u0103.<\/p>\t\t\t\t\t\t\t\t<\/div>\n\t\t\t\t<\/div>\n\t\t\t\t<\/div>\n\t\t\t\t\t<\/div>\n\t\t\t\t<\/div>\n\t\t<div class=\"elementor-element elementor-element-79ff3623 e-flex e-con-boxed e-con e-parent\" data-id=\"79ff3623\" data-element_type=\"container\" data-e-type=\"container\">\n\t\t\t\t\t<div class=\"e-con-inner\">\n\t\t\t\t<div class=\"elementor-element elementor-element-2e155a85 elementor-invisible elementor-widget elementor-widget-heading\" data-id=\"2e155a85\" data-element_type=\"widget\" data-e-type=\"widget\" data-settings=\"{&quot;_animation&quot;:&quot;fadeIn&quot;}\" data-widget_type=\"heading.default\">\n\t\t\t\t<div class=\"elementor-widget-container\">\n\t\t\t\t\t<h2 class=\"elementor-heading-title elementor-size-default\">\u00centreb\u0103ri populare<\/h2>\t\t\t\t<\/div>\n\t\t\t\t<\/div>\n\t\t\t\t<div class=\"elementor-element elementor-element-1d48b8b9 elementor-widget__width-initial elementor-invisible elementor-widget elementor-widget-jkit_accordion\" data-id=\"1d48b8b9\" data-element_type=\"widget\" data-e-type=\"widget\" data-settings=\"{&quot;_animation&quot;:&quot;fadeIn&quot;,&quot;_animation_delay&quot;:&quot;200&quot;}\" data-widget_type=\"jkit_accordion.default\">\n\t\t\t\t<div class=\"elementor-widget-container\">\n\t\t\t\t\t<div  class=\"jeg-elementor-kit jkit-accordion style-default jeg_module___69fb39bcc2901\" ><div class=\"card-wrapper expand\">\n                <div class=\"card-header\">\n                    <a href=\"#expand-4aef99e\" class=\"card-header-button\" aria-expanded=\"false\" data-target=\"#expand-4aef99e\" aria-controls=\"expand-4aef99e\">\n                        <span class=\"title\">Cum pot rezerva o camer\u0103?<\/span><div class=\"right-icon-group\">\n                <div class=\"normal-icon\"><i aria-hidden=\"true\" class=\"jki jki-plus-light\"><\/i><\/div>\n                <div class=\"active-icon\"><i aria-hidden=\"true\" class=\"jki jki-minus-light\"><\/i><\/div>\n            <\/div>\n                    <\/a>\n                <\/div>\n                <div class=\"card-expand\" id=\"expand-4aef99e\" style=\"display:block\"><div class=\"card-body\"><p>Pute\u021bi rezerva direct prin intermediul butonului BOOK NOW din partea de sus a paginii. De asemenea, pute\u021bi s\u0103 v\u0103 rezerva\u021bi camera pe pagina noastr\u0103 CAMERE sau s\u0103 utiliza\u021bi formularul nostru de contact de pe pagina CONTACT.<\/p><\/div><\/div>\n            <\/div><div class=\"card-wrapper\">\n                <div class=\"card-header\">\n                    <a href=\"#expand-e4df669\" class=\"card-header-button\" aria-expanded=\"false\" data-target=\"#expand-e4df669\" aria-controls=\"expand-e4df669\">\n                        <span class=\"title\">Care este cel mai apropiat aeroport?<\/span><div class=\"right-icon-group\">\n                <div class=\"normal-icon\"><i aria-hidden=\"true\" class=\"jki jki-plus-light\"><\/i><\/div>\n                <div class=\"active-icon\"><i aria-hidden=\"true\" class=\"jki jki-minus-light\"><\/i><\/div>\n            <\/div>\n                    <\/a>\n                <\/div>\n                <div class=\"card-expand\" id=\"expand-e4df669\" style=\"display:none\"><div class=\"card-body\"><p>Cele mai apropiate aeroporturi sunt Gibraltar (46 km), Jerez de la Frontera (127 km), Malaga (153 km) \u0219i Sevilla (217 km). C\u0103l\u0103toria cu avionul din Germania \u0219i Europa de Nord c\u0103tre Andaluzia este foarte simpl\u0103 \u0219i ieftin\u0103. Pute\u021bi zbura c\u0103tre 4 aeroporturi cu o durat\u0103 aproximativ\u0103 de zbor de 2-3 ore. Din Germania, cele mai recomandate aeroporturi sunt Malaga sau Jerez, care sunt operate de Ryanair, Easyjet, Airberlin, Condor, German Wings \u0219i multe altele. Cel mai apropiat aeroport, \"Gibraltar\", este perfect pentru prietenii no\u0219tri britanici. Aeroportul Seville este pu\u021bin mai departe.<\/p><\/div><\/div>\n            <\/div><div class=\"card-wrapper\">\n                <div class=\"card-header\">\n                    <a href=\"#expand-0c97855\" class=\"card-header-button\" aria-expanded=\"false\" data-target=\"#expand-0c97855\" aria-controls=\"expand-0c97855\">\n                        <span class=\"title\">Unde pot accesa internetul?<\/span><div class=\"right-icon-group\">\n                <div class=\"normal-icon\"><i aria-hidden=\"true\" class=\"jki jki-plus-light\"><\/i><\/div>\n                <div class=\"active-icon\"><i aria-hidden=\"true\" class=\"jki jki-minus-light\"><\/i><\/div>\n            <\/div>\n                    <\/a>\n                <\/div>\n                <div class=\"card-expand\" id=\"expand-0c97855\" style=\"display:none\"><div class=\"card-body\"><p>Accesul la internet este disponibil \u00een incinta noastr\u0103, trebuie doar s\u0103 solicita\u021bi parola la sosire.<\/p><\/div><\/div>\n            <\/div><div class=\"card-wrapper\">\n                <div class=\"card-header\">\n                    <a href=\"#expand-2d1bc8d\" class=\"card-header-button\" aria-expanded=\"false\" data-target=\"#expand-2d1bc8d\" aria-controls=\"expand-2d1bc8d\">\n                        <span class=\"title\">Unde pot rezerva o excursie de o zi, lec\u021bii de spaniol\u0103 sau observarea balenelor?<\/span><div class=\"right-icon-group\">\n                <div class=\"normal-icon\"><i aria-hidden=\"true\" class=\"jki jki-plus-light\"><\/i><\/div>\n                <div class=\"active-icon\"><i aria-hidden=\"true\" class=\"jki jki-minus-light\"><\/i><\/div>\n            <\/div>\n                    <\/a>\n                <\/div>\n                <div class=\"card-expand\" id=\"expand-2d1bc8d\" style=\"display:none\"><div class=\"card-body\"><p>Doar \u00eentreba\u021bi-ne \u0219i v\u0103 vom oferi toate informa\u021biile de care ave\u021bi nevoie despre orice tur sau excursie care v\u0103 intereseaz\u0103.<\/p><\/div><\/div>\n            <\/div><div class=\"card-wrapper\">\n                <div class=\"card-header\">\n                    <a href=\"#expand-e3f41a9\" class=\"card-header-button\" aria-expanded=\"false\" data-target=\"#expand-e3f41a9\" aria-controls=\"expand-e3f41a9\">\n                        <span class=\"title\">Trebuie s\u0103 aduc lenjerie de pat \u0219i prosoape?<\/span><div class=\"right-icon-group\">\n                <div class=\"normal-icon\"><i aria-hidden=\"true\" class=\"jki jki-plus-light\"><\/i><\/div>\n                <div class=\"active-icon\"><i aria-hidden=\"true\" class=\"jki jki-minus-light\"><\/i><\/div>\n            <\/div>\n                    <\/a>\n                <\/div>\n                <div class=\"card-expand\" id=\"expand-e3f41a9\" style=\"display:none\"><div class=\"card-body\"><p>Furniz\u0103m lenjerie de pat, dar v\u0103 rug\u0103m s\u0103 v\u0103 aduce\u021bi propriile prosoape.<\/p><\/div><\/div>\n            <\/div><div class=\"card-wrapper\">\n                <div class=\"card-header\">\n                    <a href=\"#expand-f0e842d\" class=\"card-header-button\" aria-expanded=\"false\" data-target=\"#expand-f0e842d\" aria-controls=\"expand-f0e842d\">\n                        <span class=\"title\">Unde \u00eemi pot parca ma\u0219ina?<\/span><div class=\"right-icon-group\">\n                <div class=\"normal-icon\"><i aria-hidden=\"true\" class=\"jki jki-plus-light\"><\/i><\/div>\n                <div class=\"active-icon\"><i aria-hidden=\"true\" class=\"jki jki-minus-light\"><\/i><\/div>\n            <\/div>\n                    <\/a>\n                <\/div>\n                <div class=\"card-expand\" id=\"expand-f0e842d\" style=\"display:none\"><div class=\"card-body\"><p>Parcarea \u00een Tarifa poate fi complicat\u0103. NU parca\u021bi pe liniile galbene, ma\u0219ina dumneavoastr\u0103 va fi remorcat\u0103! Liniile albastre sunt zone cu plat\u0103, a\u0219a c\u0103 asigura\u021bi-v\u0103 c\u0103 prezenta\u021bi biletul de parcare sau ve\u021bi fi amendat.<\/p><\/div><\/div>\n            <\/div><div class=\"card-wrapper\">\n                <div class=\"card-header\">\n                    <a href=\"#expand-e8f765f\" class=\"card-header-button\" aria-expanded=\"false\" data-target=\"#expand-e8f765f\" aria-controls=\"expand-e8f765f\">\n                        <span class=\"title\">Este permis fumatul \u00een El Palacio del Viento?<\/span><div class=\"right-icon-group\">\n                <div class=\"normal-icon\"><i aria-hidden=\"true\" class=\"jki jki-plus-light\"><\/i><\/div>\n                <div class=\"active-icon\"><i aria-hidden=\"true\" class=\"jki jki-minus-light\"><\/i><\/div>\n            <\/div>\n                    <\/a>\n                <\/div>\n                <div class=\"card-expand\" id=\"expand-e8f765f\" style=\"display:none\"><div class=\"card-body\"><p>Fumatul nu este permis \u00een interiorul cl\u0103dirii.<\/p><\/div><\/div>\n            <\/div><\/div>\t\t\t\t<\/div>\n\t\t\t\t<\/div>\n\t\t\t\t\t<\/div>\n\t\t\t\t<\/div>\n\t\t<div class=\"elementor-element elementor-element-1007e43b jkit-sticky-element--enabled e-con-full e-flex jkit-sticky-element-on--down jkit-sticky-position--sticky e-con e-parent\" data-id=\"1007e43b\" data-element_type=\"container\" data-e-type=\"container\" data-settings=\"{&quot;background_background&quot;:&quot;classic&quot;,&quot;jkit_sticky_top_position&quot;:{&quot;unit&quot;:&quot;px&quot;,&quot;size&quot;:&quot;&quot;,&quot;sizes&quot;:[]},&quot;jkit_sticky_device&quot;:[&quot;desktop&quot;]}\">\n\t\t\t\t<div class=\"elementor-element elementor-element-396f22bc elementor-invisible elementor-widget elementor-widget-heading\" data-id=\"396f22bc\" data-element_type=\"widget\" data-e-type=\"widget\" data-settings=\"{&quot;_animation&quot;:&quot;fadeIn&quot;}\" data-widget_type=\"heading.default\">\n\t\t\t\t<div class=\"elementor-widget-container\">\n\t\t\t\t\t<h2 class=\"elementor-heading-title elementor-size-default\">Suntem aici pentru a v\u0103 ajuta<\/h2>\t\t\t\t<\/div>\n\t\t\t\t<\/div>\n\t\t\t\t<div class=\"elementor-element elementor-element-15c1b7b8 elementor-widget__width-initial elementor-widget-mobile__width-initial elementor-invisible elementor-widget elementor-widget-text-editor\" data-id=\"15c1b7b8\" data-element_type=\"widget\" data-e-type=\"widget\" data-settings=\"{&quot;_animation&quot;:&quot;fadeIn&quot;,&quot;_animation_delay&quot;:&quot;200&quot;}\" data-widget_type=\"text-editor.default\">\n\t\t\t\t<div class=\"elementor-widget-container\">\n\t\t\t\t\t\t\t\t\t<p>Lorem ipsum dolor sit amet, consectetur adipiscing elit. Ut elit tellus, luctus nec ullamcorper mattis, pulvinar dapibus leo.<\/p>\t\t\t\t\t\t\t\t<\/div>\n\t\t\t\t<\/div>\n\t\t\t\t<div class=\"elementor-element elementor-element-88b6bf8 elementor-widget__width-auto elementor-invisible elementor-widget elementor-widget-jkit_button\" data-id=\"88b6bf8\" data-element_type=\"widget\" data-e-type=\"widget\" data-settings=\"{&quot;_animation&quot;:&quot;fadeIn&quot;,&quot;_animation_delay&quot;:&quot;400&quot;}\" data-widget_type=\"jkit_button.default\">\n\t\t\t\t<div class=\"elementor-widget-container\">\n\t\t\t\t\t<div  class=\"jeg-elementor-kit jkit-button  icon-position-before jeg_module__1_69fb39bcc4fca\" ><a href=\"https:\/\/elpalaciodelviento.com\/index.php\/contact\/\" class=\"jkit-button-wrapper\">Pune\u021bi o \u00eentrebare<\/a><\/div>\t\t\t\t<\/div>\n\t\t\t\t<\/div>\n\t\t\t\t<\/div>\n\t\t<div class=\"elementor-element elementor-element-c9c01e3 e-flex e-con-boxed e-con e-parent\" data-id=\"c9c01e3\" data-element_type=\"container\" data-e-type=\"container\">\n\t\t\t\t\t<div class=\"e-con-inner\">\n\t\t\t\t<div class=\"elementor-element elementor-element-f10efe2 elementor-invisible elementor-widget elementor-widget-heading\" data-id=\"f10efe2\" data-element_type=\"widget\" data-e-type=\"widget\" data-settings=\"{&quot;_animation&quot;:&quot;fadeIn&quot;}\" data-widget_type=\"heading.default\">\n\t\t\t\t<div class=\"elementor-widget-container\">\n\t\t\t\t\t<h2 class=\"elementor-heading-title elementor-size-default\">Alte \u00eentreb\u0103ri populare<\/h2>\t\t\t\t<\/div>\n\t\t\t\t<\/div>\n\t\t\t\t<div class=\"elementor-element elementor-element-6bf25ca elementor-widget__width-initial elementor-invisible elementor-widget elementor-widget-jkit_accordion\" data-id=\"6bf25ca\" data-element_type=\"widget\" data-e-type=\"widget\" data-settings=\"{&quot;_animation&quot;:&quot;fadeIn&quot;,&quot;_animation_delay&quot;:&quot;200&quot;}\" data-widget_type=\"jkit_accordion.default\">\n\t\t\t\t<div class=\"elementor-widget-container\">\n\t\t\t\t\t<div  class=\"jeg-elementor-kit jkit-accordion style-default jeg_module__2_69fb39bcc6319\" ><div class=\"card-wrapper expand\">\n                <div class=\"card-header\">\n                    <a href=\"#expand-4aef99e\" class=\"card-header-button\" aria-expanded=\"false\" data-target=\"#expand-4aef99e\" aria-controls=\"expand-4aef99e\">\n                        <span class=\"title\">Unde este cel mai apropiat supermarket?<\/span><div class=\"right-icon-group\">\n                <div class=\"normal-icon\"><i aria-hidden=\"true\" class=\"jki jki-plus-light\"><\/i><\/div>\n                <div class=\"active-icon\"><i aria-hidden=\"true\" class=\"jki jki-minus-light\"><\/i><\/div>\n            <\/div>\n                    <\/a>\n                <\/div>\n                <div class=\"card-expand\" id=\"expand-4aef99e\" style=\"display:block\"><div class=\"card-body\"><\/div><\/div>\n            <\/div><div class=\"card-wrapper\">\n                <div class=\"card-header\">\n                    <a href=\"#expand-e4df669\" class=\"card-header-button\" aria-expanded=\"false\" data-target=\"#expand-e4df669\" aria-controls=\"expand-e4df669\">\n                        <span class=\"title\">Unde este cel mai apropiat bancomat?<\/span><div class=\"right-icon-group\">\n                <div class=\"normal-icon\"><i aria-hidden=\"true\" class=\"jki jki-plus-light\"><\/i><\/div>\n                <div class=\"active-icon\"><i aria-hidden=\"true\" class=\"jki jki-minus-light\"><\/i><\/div>\n            <\/div>\n                    <\/a>\n                <\/div>\n                <div class=\"card-expand\" id=\"expand-e4df669\" style=\"display:none\"><div class=\"card-body\"><\/div><\/div>\n            <\/div><\/div>\t\t\t\t<\/div>\n\t\t\t\t<\/div>\n\t\t\t\t\t<\/div>\n\t\t\t\t<\/div>\n\t\t\t\t<\/div>","protected":false},"excerpt":{"rendered":"<p>\u00centreb\u0103ri frecvente Pentru a v\u0103 ajuta cu rezervarea sau pentru a v\u0103 oferi mai multe informa\u021bii despre El Palacio del Viento, aici este o list\u0103 cu \u00eentreb\u0103ri la care am r\u0103spuns pentru dumneavoastr\u0103. \u00centreb\u0103ri populare Cum pot rezerva o camer\u0103? Pute\u021bi rezerva direct prin intermediul butonului BOOK NOW din partea de sus a paginii. De asemenea, v\u0103 pute\u021bi rezerva camera prin [...]<\/p>","protected":false},"author":1,"featured_media":0,"parent":0,"menu_order":0,"comment_status":"closed","ping_status":"closed","template":"elementor_header_footer","meta":{"footnotes":""},"class_list":["post-176","page","type-page","status-publish","hentry"],"yoast_head":"<!-- This site is optimized with the Yoast SEO plugin v25.4 - https:\/\/yoast.com\/wordpress\/plugins\/seo\/ -->\n<title>FAQ - El Palacio del Viento<\/title>\n<meta name=\"description\" content=\"Resuelve tus dudas sobre servicios, reservas, y m\u00e1s en nuestra secci\u00f3n de preguntas frecuentes.\" \/>\n<meta name=\"robots\" content=\"index, follow, max-snippet:-1, max-image-preview:large, max-video-preview:-1\" \/>\n<link rel=\"canonical\" href=\"https:\/\/elpalaciodelviento.com\/ro\/intrebari-frecvente\/\" \/>\n<meta property=\"og:locale\" content=\"ro_RO\" \/>\n<meta property=\"og:type\" content=\"article\" \/>\n<meta property=\"og:title\" content=\"FAQ - El Palacio del Viento\" \/>\n<meta property=\"og:description\" content=\"Resuelve tus dudas sobre servicios, reservas, y m\u00e1s en nuestra secci\u00f3n de preguntas frecuentes.\" \/>\n<meta property=\"og:url\" content=\"https:\/\/elpalaciodelviento.com\/ro\/intrebari-frecvente\/\" \/>\n<meta property=\"og:site_name\" content=\"El Palacio del Viento\" \/>\n<meta property=\"article:modified_time\" content=\"2024-07-30T10:05:12+00:00\" \/>\n<meta name=\"twitter:card\" content=\"summary_large_image\" \/>\n<meta name=\"twitter:label1\" content=\"Timp estimat pentru citire\" \/>\n\t<meta name=\"twitter:data1\" content=\"2 minute\" \/>\n<script type=\"application\/ld+json\" class=\"yoast-schema-graph\">{\"@context\":\"https:\/\/schema.org\",\"@graph\":[{\"@type\":\"WebPage\",\"@id\":\"https:\/\/elpalaciodelviento.com\/faq\/\",\"url\":\"https:\/\/elpalaciodelviento.com\/faq\/\",\"name\":\"FAQ - El Palacio del Viento\",\"isPartOf\":{\"@id\":\"https:\/\/elpalaciodelviento.com\/#website\"},\"datePublished\":\"2024-05-12T23:31:10+00:00\",\"dateModified\":\"2024-07-30T10:05:12+00:00\",\"description\":\"Resuelve tus dudas sobre servicios, reservas, y m\u00e1s en nuestra secci\u00f3n de preguntas frecuentes.\",\"breadcrumb\":{\"@id\":\"https:\/\/elpalaciodelviento.com\/faq\/#breadcrumb\"},\"inLanguage\":\"ro-RO\",\"potentialAction\":[{\"@type\":\"ReadAction\",\"target\":[\"https:\/\/elpalaciodelviento.com\/faq\/\"]}]},{\"@type\":\"BreadcrumbList\",\"@id\":\"https:\/\/elpalaciodelviento.com\/faq\/#breadcrumb\",\"itemListElement\":[{\"@type\":\"ListItem\",\"position\":1,\"name\":\"Home\",\"item\":\"https:\/\/elpalaciodelviento.com\/\"},{\"@type\":\"ListItem\",\"position\":2,\"name\":\"FAQ\"}]},{\"@type\":\"WebSite\",\"@id\":\"https:\/\/elpalaciodelviento.com\/#website\",\"url\":\"https:\/\/elpalaciodelviento.com\/\",\"name\":\"El Palacio del Viento\",\"description\":\"\",\"publisher\":{\"@id\":\"https:\/\/elpalaciodelviento.com\/#organization\"},\"potentialAction\":[{\"@type\":\"SearchAction\",\"target\":{\"@type\":\"EntryPoint\",\"urlTemplate\":\"https:\/\/elpalaciodelviento.com\/?s={search_term_string}\"},\"query-input\":{\"@type\":\"PropertyValueSpecification\",\"valueRequired\":true,\"valueName\":\"search_term_string\"}}],\"inLanguage\":\"ro-RO\"},{\"@type\":\"Organization\",\"@id\":\"https:\/\/elpalaciodelviento.com\/#organization\",\"name\":\"El Palacio del Viento\",\"url\":\"https:\/\/elpalaciodelviento.com\/\",\"logo\":{\"@type\":\"ImageObject\",\"inLanguage\":\"ro-RO\",\"@id\":\"https:\/\/elpalaciodelviento.com\/#\/schema\/logo\/image\/\",\"url\":\"https:\/\/elpalaciodelviento.com\/wp-content\/uploads\/2024\/05\/cropped-color.png\",\"contentUrl\":\"https:\/\/elpalaciodelviento.com\/wp-content\/uploads\/2024\/05\/cropped-color.png\",\"width\":512,\"height\":512,\"caption\":\"El Palacio del Viento\"},\"image\":{\"@id\":\"https:\/\/elpalaciodelviento.com\/#\/schema\/logo\/image\/\"}}]}<\/script>\n<!-- \/ Yoast SEO plugin. -->","yoast_head_json":{"title":"FAQ - El Palacio del Viento","description":"Resuelve tus dudas sobre servicios, reservas, y m\u00e1s en nuestra secci\u00f3n de preguntas frecuentes.","robots":{"index":"index","follow":"follow","max-snippet":"max-snippet:-1","max-image-preview":"max-image-preview:large","max-video-preview":"max-video-preview:-1"},"canonical":"https:\/\/elpalaciodelviento.com\/ro\/intrebari-frecvente\/","og_locale":"ro_RO","og_type":"article","og_title":"FAQ - El Palacio del Viento","og_description":"Resuelve tus dudas sobre servicios, reservas, y m\u00e1s en nuestra secci\u00f3n de preguntas frecuentes.","og_url":"https:\/\/elpalaciodelviento.com\/ro\/intrebari-frecvente\/","og_site_name":"El Palacio del Viento","article_modified_time":"2024-07-30T10:05:12+00:00","twitter_card":"summary_large_image","twitter_misc":{"Timp estimat pentru citire":"2 minute"},"schema":{"@context":"https:\/\/schema.org","@graph":[{"@type":"WebPage","@id":"https:\/\/elpalaciodelviento.com\/faq\/","url":"https:\/\/elpalaciodelviento.com\/faq\/","name":"FAQ - El Palacio del Viento","isPartOf":{"@id":"https:\/\/elpalaciodelviento.com\/#website"},"datePublished":"2024-05-12T23:31:10+00:00","dateModified":"2024-07-30T10:05:12+00:00","description":"Resuelve tus dudas sobre servicios, reservas, y m\u00e1s en nuestra secci\u00f3n de preguntas frecuentes.","breadcrumb":{"@id":"https:\/\/elpalaciodelviento.com\/faq\/#breadcrumb"},"inLanguage":"ro-RO","potentialAction":[{"@type":"ReadAction","target":["https:\/\/elpalaciodelviento.com\/faq\/"]}]},{"@type":"BreadcrumbList","@id":"https:\/\/elpalaciodelviento.com\/faq\/#breadcrumb","itemListElement":[{"@type":"ListItem","position":1,"name":"Home","item":"https:\/\/elpalaciodelviento.com\/"},{"@type":"ListItem","position":2,"name":"FAQ"}]},{"@type":"WebSite","@id":"https:\/\/elpalaciodelviento.com\/#website","url":"https:\/\/elpalaciodelviento.com\/","name":"El Palacio del Viento","description":"","publisher":{"@id":"https:\/\/elpalaciodelviento.com\/#organization"},"potentialAction":[{"@type":"SearchAction","target":{"@type":"EntryPoint","urlTemplate":"https:\/\/elpalaciodelviento.com\/?s={search_term_string}"},"query-input":{"@type":"PropertyValueSpecification","valueRequired":true,"valueName":"search_term_string"}}],"inLanguage":"ro-RO"},{"@type":"Organization","@id":"https:\/\/elpalaciodelviento.com\/#organization","name":"El Palacio del Viento","url":"https:\/\/elpalaciodelviento.com\/","logo":{"@type":"ImageObject","inLanguage":"ro-RO","@id":"https:\/\/elpalaciodelviento.com\/#\/schema\/logo\/image\/","url":"https:\/\/elpalaciodelviento.com\/wp-content\/uploads\/2024\/05\/cropped-color.png","contentUrl":"https:\/\/elpalaciodelviento.com\/wp-content\/uploads\/2024\/05\/cropped-color.png","width":512,"height":512,"caption":"El Palacio del Viento"},"image":{"@id":"https:\/\/elpalaciodelviento.com\/#\/schema\/logo\/image\/"}}]}},"_links":{"self":[{"href":"https:\/\/elpalaciodelviento.com\/ro\/wp-json\/wp\/v2\/pages\/176","targetHints":{"allow":["GET"]}}],"collection":[{"href":"https:\/\/elpalaciodelviento.com\/ro\/wp-json\/wp\/v2\/pages"}],"about":[{"href":"https:\/\/elpalaciodelviento.com\/ro\/wp-json\/wp\/v2\/types\/page"}],"author":[{"embeddable":true,"href":"https:\/\/elpalaciodelviento.com\/ro\/wp-json\/wp\/v2\/users\/1"}],"replies":[{"embeddable":true,"href":"https:\/\/elpalaciodelviento.com\/ro\/wp-json\/wp\/v2\/comments?post=176"}],"version-history":[{"count":16,"href":"https:\/\/elpalaciodelviento.com\/ro\/wp-json\/wp\/v2\/pages\/176\/revisions"}],"predecessor-version":[{"id":433,"href":"https:\/\/elpalaciodelviento.com\/ro\/wp-json\/wp\/v2\/pages\/176\/revisions\/433"}],"wp:attachment":[{"href":"https:\/\/elpalaciodelviento.com\/ro\/wp-json\/wp\/v2\/media?parent=176"}],"curies":[{"name":"wp","href":"https:\/\/api.w.org\/{rel}","templated":true}]}}