{"id":1503,"date":"2025-10-02T12:19:52","date_gmt":"2025-10-02T12:19:52","guid":{"rendered":"https:\/\/elpalaciodelviento.com\/?page_id=1503"},"modified":"2025-10-02T12:22:40","modified_gmt":"2025-10-02T12:22:40","slug":"declaratie-de-accesibilitate","status":"publish","type":"page","link":"https:\/\/elpalaciodelviento.com\/ro\/declaratie-de-accesibilitate\/","title":{"rendered":"Declara\u021bie de accesibilitate"},"content":{"rendered":"<div data-elementor-type=\"wp-page\" data-elementor-id=\"1503\" class=\"elementor elementor-1503\" data-elementor-post-type=\"page\">\n\t\t\t\t<div class=\"elementor-element elementor-element-71d77c62 e-flex e-con-boxed e-con e-parent\" data-id=\"71d77c62\" data-element_type=\"container\" data-e-type=\"container\" data-settings=\"{&quot;background_background&quot;:&quot;classic&quot;}\">\n\t\t\t\t\t<div class=\"e-con-inner\">\n\t\t<div class=\"elementor-element elementor-element-1e50653f e-con-full e-flex e-con e-child\" data-id=\"1e50653f\" data-element_type=\"container\" data-e-type=\"container\">\n\t\t\t\t<div class=\"elementor-element elementor-element-2a87682a elementor-invisible elementor-widget elementor-widget-heading\" data-id=\"2a87682a\" data-element_type=\"widget\" data-e-type=\"widget\" data-settings=\"{&quot;_animation&quot;:&quot;fadeIn&quot;}\" data-widget_type=\"heading.default\">\n\t\t\t\t<div class=\"elementor-widget-container\">\n\t\t\t\t\t<h2 class=\"elementor-heading-title elementor-size-default\">Declara\u021bie de accesibilitate\n<\/h2>\t\t\t\t<\/div>\n\t\t\t\t<\/div>\n\t\t\t\t<\/div>\n\t\t\t\t\t<\/div>\n\t\t\t\t<\/div>\n\t\t<div class=\"elementor-element elementor-element-d5c3e77 e-flex e-con-boxed e-con e-parent\" data-id=\"d5c3e77\" data-element_type=\"container\" data-e-type=\"container\">\n\t\t\t\t\t<div class=\"e-con-inner\">\n\t\t\t\t<div class=\"elementor-element elementor-element-bf0521d elementor-widget elementor-widget-text-editor\" data-id=\"bf0521d\" data-element_type=\"widget\" data-e-type=\"widget\" data-widget_type=\"text-editor.default\">\n\t\t\t\t<div class=\"elementor-widget-container\">\n\t\t\t\t\t\t\t\t\t<p><b>elpalaciodelviento.com<\/b><span style=\"font-weight: 400;\"> se angajeaz\u0103 s\u0103 asigure accesibilitatea site-ului s\u0103u \u00een conformitate cu Directiva (UE) 2019\/882 (Actul european privind accesibilitatea) \u0219i cu legisla\u021bia spaniol\u0103 privind e-accesibilitatea.<\/span><\/p><h4><b>Starea de conformitate<\/b><\/h4><p><span style=\"font-weight: 400;\">Acest site este situat la adresa <\/span><b>faza de revizuire<\/b><span style=\"font-weight: 400;\">.<\/span><span style=\"font-weight: 400;\"><br \/><\/span><span style=\"font-weight: 400;\">\u00cen prezent, <\/span><b>nu au fost finalizate toate testele de accesibilitate.<\/b><span style=\"font-weight: 400;\"> iar lucr\u0103rile de adaptare sunt \u00een curs de desf\u0103\u0219urare pentru a asigura conformitatea cu cerin\u021bele de accesibilitate (WCAG 2.1 nivel AA, \u0219i \u00een cur\u00e2nd WCAG 2.2).<\/span><\/p><p><span style=\"font-weight: 400;\">Se preconizeaz\u0103 c\u0103 conformitatea deplin\u0103 va fi atins\u0103 dup\u0103 finalizarea auditurilor continue \u0219i a corec\u021biilor tehnice.<\/span><\/p><h4><b>Con\u021binutul nu este accesibil<\/b><\/h4><p><span style=\"font-weight: 400;\">Deoarece testele sunt \u00een curs de desf\u0103\u0219urare, un inventar definitiv al elementelor neconforme nu este \u00eenc\u0103 disponibil.<\/span><span style=\"font-weight: 400;\"><br \/><\/span><span style=\"font-weight: 400;\">Domeniile revizuite includ:<\/span><\/p><ul><li style=\"font-weight: 400;\" aria-level=\"1\"><span style=\"font-weight: 400;\">Alternative textuale \u00een imagini \u0219i elemente multimedia.<\/span><p>\u00a0<\/p><\/li><li style=\"font-weight: 400;\" aria-level=\"1\"><span style=\"font-weight: 400;\">Contraste cromatice \u0219i lizibilitate.<\/span><p>\u00a0<\/p><\/li><li style=\"font-weight: 400;\" aria-level=\"1\"><span style=\"font-weight: 400;\">Formulare \u0219i interac\u021biuni accesibile.<\/span><p>\u00a0<\/p><\/li><li style=\"font-weight: 400;\" aria-level=\"1\"><span style=\"font-weight: 400;\">Documente PDF \u0219i alte fi\u0219iere care pot fi desc\u0103rcate.<\/span><p>\u00a0<\/p><\/li><\/ul><h4><b>Preg\u0103tirea declara\u021biei<\/b><\/h4><ul><li style=\"font-weight: 400;\" aria-level=\"1\"><span style=\"font-weight: 400;\">Declara\u021bie publicat\u0103 pe: <\/span><b>01\/05\/2025<\/b><p>\u00a0<\/p><\/li><li style=\"font-weight: 400;\" aria-level=\"1\"><span style=\"font-weight: 400;\">Metod\u0103: <\/span><b>evaluare extern\u0103 continu\u0103<\/b><span style=\"font-weight: 400;\"> efectuate de societatea specializat\u0103 <\/span><b>Accesibi.com<\/b><span style=\"font-weight: 400;\">.<\/span><p>\u00a0<\/p><\/li><li style=\"font-weight: 400;\" aria-level=\"1\"><span style=\"font-weight: 400;\">Ultima revizuire: <\/span><b>01\/05\/2025<\/b><p>\u00a0<\/p><\/li><\/ul><h4><b>Mecanismul de comunicare<\/b><\/h4><p><span style=\"font-weight: 400;\">Pute\u021bi raporta probleme de accesibilitate sau solicita informa\u021bii accesibile prin:<\/span><\/p><ul><li style=\"font-weight: 400;\" aria-level=\"1\"><b>Adresa de e-mail<\/b><span style=\"font-weight: 400;\">: <\/span><span style=\"font-weight: 400;\">office.elpalaciodelviento@gmail.com<\/span><\/li><\/ul>\t\t\t\t\t\t\t\t<\/div>\n\t\t\t\t<\/div>\n\t\t\t\t\t<\/div>\n\t\t\t\t<\/div>\n\t\t\t\t<\/div>","protected":false},"excerpt":{"rendered":"<p>Declara\u021bie de accesibilitate elpalaciodelviento.com se angajeaz\u0103 s\u0103 asigure accesibilitatea site-ului s\u0103u \u00een conformitate cu Directiva (UE) 2019\/882 (Actul european privind accesibilitatea) \u0219i cu legisla\u021bia spaniol\u0103 privind eAccesibilitatea. Starea de conformitate Acest site web este \u00een prezent \u00een curs de revizuire, nu toate testele de accesibilitate au fost finalizate \u0219i sunt \u00een curs de revizuire.<\/p>","protected":false},"author":1,"featured_media":0,"parent":0,"menu_order":0,"comment_status":"closed","ping_status":"closed","template":"elementor_header_footer","meta":{"footnotes":""},"class_list":["post-1503","page","type-page","status-publish","hentry"],"yoast_head":"<!-- This site is optimized with the Yoast SEO plugin v25.4 - https:\/\/yoast.com\/wordpress\/plugins\/seo\/ -->\n<title>Declaraci\u00f3n de accesibilidad - El Palacio del Viento<\/title>\n<meta name=\"robots\" content=\"index, follow, max-snippet:-1, max-image-preview:large, max-video-preview:-1\" \/>\n<link rel=\"canonical\" href=\"https:\/\/elpalaciodelviento.com\/ro\/declaratie-de-accesibilitate\/\" \/>\n<meta property=\"og:locale\" content=\"ro_RO\" \/>\n<meta property=\"og:type\" content=\"article\" \/>\n<meta property=\"og:title\" content=\"Declaraci\u00f3n de accesibilidad - El Palacio del Viento\" \/>\n<meta property=\"og:description\" content=\"Declaraci\u00f3n de accesibilidad elpalaciodelviento.com se compromete a garantizar la accesibilidad de su sitio web de conformidad con la Directiva (UE) 2019\/882 (European Accessibility Act) y la normativa espa\u00f1ola de accesibilidad digital. Situaci\u00f3n de cumplimiento Este sitio web se encuentra en fase de revisi\u00f3n.Actualmente, no se han completado todos los tests de accesibilidad y se est\u00e1n [&hellip;]\" \/>\n<meta property=\"og:url\" content=\"https:\/\/elpalaciodelviento.com\/ro\/declaratie-de-accesibilitate\/\" \/>\n<meta property=\"og:site_name\" content=\"El Palacio del Viento\" \/>\n<meta property=\"article:modified_time\" content=\"2025-10-02T12:22:40+00:00\" \/>\n<meta name=\"twitter:card\" content=\"summary_large_image\" \/>\n<meta name=\"twitter:label1\" content=\"Timp estimat pentru citire\" \/>\n\t<meta name=\"twitter:data1\" content=\"1 minut\" \/>\n<script type=\"application\/ld+json\" class=\"yoast-schema-graph\">{\"@context\":\"https:\/\/schema.org\",\"@graph\":[{\"@type\":\"WebPage\",\"@id\":\"https:\/\/elpalaciodelviento.com\/declaracion-de-accesibilidad\/\",\"url\":\"https:\/\/elpalaciodelviento.com\/declaracion-de-accesibilidad\/\",\"name\":\"Declaraci\u00f3n de accesibilidad - El Palacio del Viento\",\"isPartOf\":{\"@id\":\"https:\/\/elpalaciodelviento.com\/#website\"},\"datePublished\":\"2025-10-02T12:19:52+00:00\",\"dateModified\":\"2025-10-02T12:22:40+00:00\",\"breadcrumb\":{\"@id\":\"https:\/\/elpalaciodelviento.com\/declaracion-de-accesibilidad\/#breadcrumb\"},\"inLanguage\":\"ro-RO\",\"potentialAction\":[{\"@type\":\"ReadAction\",\"target\":[\"https:\/\/elpalaciodelviento.com\/declaracion-de-accesibilidad\/\"]}]},{\"@type\":\"BreadcrumbList\",\"@id\":\"https:\/\/elpalaciodelviento.com\/declaracion-de-accesibilidad\/#breadcrumb\",\"itemListElement\":[{\"@type\":\"ListItem\",\"position\":1,\"name\":\"Home\",\"item\":\"https:\/\/elpalaciodelviento.com\/\"},{\"@type\":\"ListItem\",\"position\":2,\"name\":\"Declaraci\u00f3n de accesibilidad\"}]},{\"@type\":\"WebSite\",\"@id\":\"https:\/\/elpalaciodelviento.com\/#website\",\"url\":\"https:\/\/elpalaciodelviento.com\/\",\"name\":\"El Palacio del Viento\",\"description\":\"\",\"publisher\":{\"@id\":\"https:\/\/elpalaciodelviento.com\/#organization\"},\"potentialAction\":[{\"@type\":\"SearchAction\",\"target\":{\"@type\":\"EntryPoint\",\"urlTemplate\":\"https:\/\/elpalaciodelviento.com\/?s={search_term_string}\"},\"query-input\":{\"@type\":\"PropertyValueSpecification\",\"valueRequired\":true,\"valueName\":\"search_term_string\"}}],\"inLanguage\":\"ro-RO\"},{\"@type\":\"Organization\",\"@id\":\"https:\/\/elpalaciodelviento.com\/#organization\",\"name\":\"El Palacio del Viento\",\"url\":\"https:\/\/elpalaciodelviento.com\/\",\"logo\":{\"@type\":\"ImageObject\",\"inLanguage\":\"ro-RO\",\"@id\":\"https:\/\/elpalaciodelviento.com\/#\/schema\/logo\/image\/\",\"url\":\"https:\/\/elpalaciodelviento.com\/wp-content\/uploads\/2024\/05\/cropped-color.png\",\"contentUrl\":\"https:\/\/elpalaciodelviento.com\/wp-content\/uploads\/2024\/05\/cropped-color.png\",\"width\":512,\"height\":512,\"caption\":\"El Palacio del Viento\"},\"image\":{\"@id\":\"https:\/\/elpalaciodelviento.com\/#\/schema\/logo\/image\/\"}}]}<\/script>\n<!-- \/ Yoast SEO plugin. -->","yoast_head_json":{"title":"Declaraci\u00f3n de accesibilidad - El Palacio del Viento","robots":{"index":"index","follow":"follow","max-snippet":"max-snippet:-1","max-image-preview":"max-image-preview:large","max-video-preview":"max-video-preview:-1"},"canonical":"https:\/\/elpalaciodelviento.com\/ro\/declaratie-de-accesibilitate\/","og_locale":"ro_RO","og_type":"article","og_title":"Declaraci\u00f3n de accesibilidad - El Palacio del Viento","og_description":"Declaraci\u00f3n de accesibilidad elpalaciodelviento.com se compromete a garantizar la accesibilidad de su sitio web de conformidad con la Directiva (UE) 2019\/882 (European Accessibility Act) y la normativa espa\u00f1ola de accesibilidad digital. Situaci\u00f3n de cumplimiento Este sitio web se encuentra en fase de revisi\u00f3n.Actualmente, no se han completado todos los tests de accesibilidad y se est\u00e1n [&hellip;]","og_url":"https:\/\/elpalaciodelviento.com\/ro\/declaratie-de-accesibilitate\/","og_site_name":"El Palacio del Viento","article_modified_time":"2025-10-02T12:22:40+00:00","twitter_card":"summary_large_image","twitter_misc":{"Timp estimat pentru citire":"1 minut"},"schema":{"@context":"https:\/\/schema.org","@graph":[{"@type":"WebPage","@id":"https:\/\/elpalaciodelviento.com\/declaracion-de-accesibilidad\/","url":"https:\/\/elpalaciodelviento.com\/declaracion-de-accesibilidad\/","name":"Declaraci\u00f3n de accesibilidad - El Palacio del Viento","isPartOf":{"@id":"https:\/\/elpalaciodelviento.com\/#website"},"datePublished":"2025-10-02T12:19:52+00:00","dateModified":"2025-10-02T12:22:40+00:00","breadcrumb":{"@id":"https:\/\/elpalaciodelviento.com\/declaracion-de-accesibilidad\/#breadcrumb"},"inLanguage":"ro-RO","potentialAction":[{"@type":"ReadAction","target":["https:\/\/elpalaciodelviento.com\/declaracion-de-accesibilidad\/"]}]},{"@type":"BreadcrumbList","@id":"https:\/\/elpalaciodelviento.com\/declaracion-de-accesibilidad\/#breadcrumb","itemListElement":[{"@type":"ListItem","position":1,"name":"Home","item":"https:\/\/elpalaciodelviento.com\/"},{"@type":"ListItem","position":2,"name":"Declaraci\u00f3n de accesibilidad"}]},{"@type":"WebSite","@id":"https:\/\/elpalaciodelviento.com\/#website","url":"https:\/\/elpalaciodelviento.com\/","name":"El Palacio del Viento","description":"","publisher":{"@id":"https:\/\/elpalaciodelviento.com\/#organization"},"potentialAction":[{"@type":"SearchAction","target":{"@type":"EntryPoint","urlTemplate":"https:\/\/elpalaciodelviento.com\/?s={search_term_string}"},"query-input":{"@type":"PropertyValueSpecification","valueRequired":true,"valueName":"search_term_string"}}],"inLanguage":"ro-RO"},{"@type":"Organization","@id":"https:\/\/elpalaciodelviento.com\/#organization","name":"El Palacio del Viento","url":"https:\/\/elpalaciodelviento.com\/","logo":{"@type":"ImageObject","inLanguage":"ro-RO","@id":"https:\/\/elpalaciodelviento.com\/#\/schema\/logo\/image\/","url":"https:\/\/elpalaciodelviento.com\/wp-content\/uploads\/2024\/05\/cropped-color.png","contentUrl":"https:\/\/elpalaciodelviento.com\/wp-content\/uploads\/2024\/05\/cropped-color.png","width":512,"height":512,"caption":"El Palacio del Viento"},"image":{"@id":"https:\/\/elpalaciodelviento.com\/#\/schema\/logo\/image\/"}}]}},"_links":{"self":[{"href":"https:\/\/elpalaciodelviento.com\/ro\/wp-json\/wp\/v2\/pages\/1503","targetHints":{"allow":["GET"]}}],"collection":[{"href":"https:\/\/elpalaciodelviento.com\/ro\/wp-json\/wp\/v2\/pages"}],"about":[{"href":"https:\/\/elpalaciodelviento.com\/ro\/wp-json\/wp\/v2\/types\/page"}],"author":[{"embeddable":true,"href":"https:\/\/elpalaciodelviento.com\/ro\/wp-json\/wp\/v2\/users\/1"}],"replies":[{"embeddable":true,"href":"https:\/\/elpalaciodelviento.com\/ro\/wp-json\/wp\/v2\/comments?post=1503"}],"version-history":[{"count":7,"href":"https:\/\/elpalaciodelviento.com\/ro\/wp-json\/wp\/v2\/pages\/1503\/revisions"}],"predecessor-version":[{"id":1515,"href":"https:\/\/elpalaciodelviento.com\/ro\/wp-json\/wp\/v2\/pages\/1503\/revisions\/1515"}],"wp:attachment":[{"href":"https:\/\/elpalaciodelviento.com\/ro\/wp-json\/wp\/v2\/media?parent=1503"}],"curies":[{"name":"wp","href":"https:\/\/api.w.org\/{rel}","templated":true}]}}