{"id":1503,"date":"2025-10-02T12:19:52","date_gmt":"2025-10-02T12:19:52","guid":{"rendered":"https:\/\/elpalaciodelviento.com\/?page_id=1503"},"modified":"2025-10-02T12:22:40","modified_gmt":"2025-10-02T12:22:40","slug":"toegankelijkheidsverklaring","status":"publish","type":"page","link":"https:\/\/elpalaciodelviento.com\/nl\/toegankelijkheidsverklaring\/","title":{"rendered":"Toegankelijkheidsverklaring"},"content":{"rendered":"<div data-elementor-type=\"wp-page\" data-elementor-id=\"1503\" class=\"elementor elementor-1503\" data-elementor-post-type=\"page\">\n\t\t\t\t<div class=\"elementor-element elementor-element-71d77c62 e-flex e-con-boxed e-con e-parent\" data-id=\"71d77c62\" data-element_type=\"container\" data-e-type=\"container\" data-settings=\"{&quot;background_background&quot;:&quot;classic&quot;}\">\n\t\t\t\t\t<div class=\"e-con-inner\">\n\t\t<div class=\"elementor-element elementor-element-1e50653f e-con-full e-flex e-con e-child\" data-id=\"1e50653f\" data-element_type=\"container\" data-e-type=\"container\">\n\t\t\t\t<div class=\"elementor-element elementor-element-2a87682a elementor-invisible elementor-widget elementor-widget-heading\" data-id=\"2a87682a\" data-element_type=\"widget\" data-e-type=\"widget\" data-settings=\"{&quot;_animation&quot;:&quot;fadeIn&quot;}\" data-widget_type=\"heading.default\">\n\t\t\t\t<div class=\"elementor-widget-container\">\n\t\t\t\t\t<h2 class=\"elementor-heading-title elementor-size-default\">Toegankelijkheidsverklaring\n<\/h2>\t\t\t\t<\/div>\n\t\t\t\t<\/div>\n\t\t\t\t<\/div>\n\t\t\t\t\t<\/div>\n\t\t\t\t<\/div>\n\t\t<div class=\"elementor-element elementor-element-d5c3e77 e-flex e-con-boxed e-con e-parent\" data-id=\"d5c3e77\" data-element_type=\"container\" data-e-type=\"container\">\n\t\t\t\t\t<div class=\"e-con-inner\">\n\t\t\t\t<div class=\"elementor-element elementor-element-bf0521d elementor-widget elementor-widget-text-editor\" data-id=\"bf0521d\" data-element_type=\"widget\" data-e-type=\"widget\" data-widget_type=\"text-editor.default\">\n\t\t\t\t<div class=\"elementor-widget-container\">\n\t\t\t\t\t\t\t\t\t<p><b>elpalaciodelviento.com<\/b><span style=\"font-weight: 400;\"> zet zich in om de toegankelijkheid van haar website te waarborgen in overeenstemming met Richtlijn (EU) 2019\/882 (Europese toegankelijkheidswet) en de Spaanse e-toegankelijkheidswetgeving.<\/span><\/p><h4><b>Nalevingsstatus<\/b><\/h4><p><span style=\"font-weight: 400;\">Deze website bevindt zich op <\/span><b>herzieningsfase<\/b><span style=\"font-weight: 400;\">.<\/span><span style=\"font-weight: 400;\"><br \/><\/span><span style=\"font-weight: 400;\">Momenteel, <\/span><b>niet alle toegankelijkheidstests zijn voltooid.<\/b><span style=\"font-weight: 400;\"> en aanpassingen worden uitgevoerd om te voldoen aan de toegankelijkheidsvereisten (WCAG 2.1 niveau AA, en binnenkort WCAG 2.2).<\/span><\/p><p><span style=\"font-weight: 400;\">Volledige naleving wordt verwacht na voltooiing van lopende audits en technische correcties.<\/span><\/p><h4><b>Inhoud niet toegankelijk<\/b><\/h4><p><span style=\"font-weight: 400;\">Aangezien de tests nog lopen, is er nog geen definitieve inventarisatie van niet-conforme items beschikbaar.<\/span><span style=\"font-weight: 400;\"><br \/><\/span><span style=\"font-weight: 400;\">Gebieden die onder de loep worden genomen zijn onder andere:<\/span><\/p><ul><li style=\"font-weight: 400;\" aria-level=\"1\"><span style=\"font-weight: 400;\">Tekstuele alternatieven in afbeeldingen en multimedia-elementen.<\/span><p>\u00a0<\/p><\/li><li style=\"font-weight: 400;\" aria-level=\"1\"><span style=\"font-weight: 400;\">Kleurcontrasten en leesbaarheid.<\/span><p>\u00a0<\/p><\/li><li style=\"font-weight: 400;\" aria-level=\"1\"><span style=\"font-weight: 400;\">Toegankelijke formulieren en interacties.<\/span><p>\u00a0<\/p><\/li><li style=\"font-weight: 400;\" aria-level=\"1\"><span style=\"font-weight: 400;\">PDF-documenten en andere downloadbare bestanden.<\/span><p>\u00a0<\/p><\/li><\/ul><h4><b>Voorbereiding van de verklaring<\/b><\/h4><ul><li style=\"font-weight: 400;\" aria-level=\"1\"><span style=\"font-weight: 400;\">Verklaring gepubliceerd op: <\/span><b>01\/05\/2025<\/b><p>\u00a0<\/p><\/li><li style=\"font-weight: 400;\" aria-level=\"1\"><span style=\"font-weight: 400;\">Methode: <\/span><b>doorlopende externe evaluatie<\/b><span style=\"font-weight: 400;\"> uitgevoerd door het gespecialiseerde bedrijf <\/span><b>Accessibi.nl<\/b><span style=\"font-weight: 400;\">.<\/span><p>\u00a0<\/p><\/li><li style=\"font-weight: 400;\" aria-level=\"1\"><span style=\"font-weight: 400;\">Laatst herzien: <\/span><b>01\/05\/2025<\/b><p>\u00a0<\/p><\/li><\/ul><h4><b>Communicatiemechanisme<\/b><\/h4><p><span style=\"font-weight: 400;\">Je kunt toegankelijkheidsproblemen melden of verzoeken om toegankelijke informatie indienen via:<\/span><\/p><ul><li style=\"font-weight: 400;\" aria-level=\"1\"><b>E-mailadres<\/b><span style=\"font-weight: 400;\">: <\/span><span style=\"font-weight: 400;\">office.elpalaciodelviento@gmail.com<\/span><\/li><\/ul>\t\t\t\t\t\t\t\t<\/div>\n\t\t\t\t<\/div>\n\t\t\t\t\t<\/div>\n\t\t\t\t<\/div>\n\t\t\t\t<\/div>","protected":false},"excerpt":{"rendered":"<p>Toegankelijkheidsverklaring elpalaciodelviento.com zet zich in om de toegankelijkheid van haar website te waarborgen in overeenstemming met Richtlijn (EU) 2019\/882 (Europese toegankelijkheidswet) en de Spaanse e-toegankelijkheidswetgeving. Conformiteitsstatus Deze website wordt momenteel herzien, niet alle toegankelijkheidstests zijn voltooid en worden herzien.<\/p>","protected":false},"author":1,"featured_media":0,"parent":0,"menu_order":0,"comment_status":"closed","ping_status":"closed","template":"elementor_header_footer","meta":{"footnotes":""},"class_list":["post-1503","page","type-page","status-publish","hentry"],"yoast_head":"<!-- This site is optimized with the Yoast SEO plugin v25.4 - https:\/\/yoast.com\/wordpress\/plugins\/seo\/ -->\n<title>Declaraci\u00f3n de accesibilidad - El Palacio del Viento<\/title>\n<meta name=\"robots\" content=\"index, follow, max-snippet:-1, max-image-preview:large, max-video-preview:-1\" \/>\n<link rel=\"canonical\" href=\"https:\/\/elpalaciodelviento.com\/nl\/toegankelijkheidsverklaring\/\" \/>\n<meta property=\"og:locale\" content=\"nl_NL\" \/>\n<meta property=\"og:type\" content=\"article\" \/>\n<meta property=\"og:title\" content=\"Declaraci\u00f3n de accesibilidad - El Palacio del Viento\" \/>\n<meta property=\"og:description\" content=\"Declaraci\u00f3n de accesibilidad elpalaciodelviento.com se compromete a garantizar la accesibilidad de su sitio web de conformidad con la Directiva (UE) 2019\/882 (European Accessibility Act) y la normativa espa\u00f1ola de accesibilidad digital. Situaci\u00f3n de cumplimiento Este sitio web se encuentra en fase de revisi\u00f3n.Actualmente, no se han completado todos los tests de accesibilidad y se est\u00e1n [&hellip;]\" \/>\n<meta property=\"og:url\" content=\"https:\/\/elpalaciodelviento.com\/nl\/toegankelijkheidsverklaring\/\" \/>\n<meta property=\"og:site_name\" content=\"El Palacio del Viento\" \/>\n<meta property=\"article:modified_time\" content=\"2025-10-02T12:22:40+00:00\" \/>\n<meta name=\"twitter:card\" content=\"summary_large_image\" \/>\n<meta name=\"twitter:label1\" content=\"Geschatte leestijd\" \/>\n\t<meta name=\"twitter:data1\" content=\"1 minuut\" \/>\n<script type=\"application\/ld+json\" class=\"yoast-schema-graph\">{\"@context\":\"https:\/\/schema.org\",\"@graph\":[{\"@type\":\"WebPage\",\"@id\":\"https:\/\/elpalaciodelviento.com\/declaracion-de-accesibilidad\/\",\"url\":\"https:\/\/elpalaciodelviento.com\/declaracion-de-accesibilidad\/\",\"name\":\"Declaraci\u00f3n de accesibilidad - El Palacio del Viento\",\"isPartOf\":{\"@id\":\"https:\/\/elpalaciodelviento.com\/#website\"},\"datePublished\":\"2025-10-02T12:19:52+00:00\",\"dateModified\":\"2025-10-02T12:22:40+00:00\",\"breadcrumb\":{\"@id\":\"https:\/\/elpalaciodelviento.com\/declaracion-de-accesibilidad\/#breadcrumb\"},\"inLanguage\":\"nl-NL\",\"potentialAction\":[{\"@type\":\"ReadAction\",\"target\":[\"https:\/\/elpalaciodelviento.com\/declaracion-de-accesibilidad\/\"]}]},{\"@type\":\"BreadcrumbList\",\"@id\":\"https:\/\/elpalaciodelviento.com\/declaracion-de-accesibilidad\/#breadcrumb\",\"itemListElement\":[{\"@type\":\"ListItem\",\"position\":1,\"name\":\"Home\",\"item\":\"https:\/\/elpalaciodelviento.com\/\"},{\"@type\":\"ListItem\",\"position\":2,\"name\":\"Declaraci\u00f3n de accesibilidad\"}]},{\"@type\":\"WebSite\",\"@id\":\"https:\/\/elpalaciodelviento.com\/#website\",\"url\":\"https:\/\/elpalaciodelviento.com\/\",\"name\":\"El Palacio del Viento\",\"description\":\"\",\"publisher\":{\"@id\":\"https:\/\/elpalaciodelviento.com\/#organization\"},\"potentialAction\":[{\"@type\":\"SearchAction\",\"target\":{\"@type\":\"EntryPoint\",\"urlTemplate\":\"https:\/\/elpalaciodelviento.com\/?s={search_term_string}\"},\"query-input\":{\"@type\":\"PropertyValueSpecification\",\"valueRequired\":true,\"valueName\":\"search_term_string\"}}],\"inLanguage\":\"nl-NL\"},{\"@type\":\"Organization\",\"@id\":\"https:\/\/elpalaciodelviento.com\/#organization\",\"name\":\"El Palacio del Viento\",\"url\":\"https:\/\/elpalaciodelviento.com\/\",\"logo\":{\"@type\":\"ImageObject\",\"inLanguage\":\"nl-NL\",\"@id\":\"https:\/\/elpalaciodelviento.com\/#\/schema\/logo\/image\/\",\"url\":\"https:\/\/elpalaciodelviento.com\/wp-content\/uploads\/2024\/05\/cropped-color.png\",\"contentUrl\":\"https:\/\/elpalaciodelviento.com\/wp-content\/uploads\/2024\/05\/cropped-color.png\",\"width\":512,\"height\":512,\"caption\":\"El Palacio del Viento\"},\"image\":{\"@id\":\"https:\/\/elpalaciodelviento.com\/#\/schema\/logo\/image\/\"}}]}<\/script>\n<!-- \/ Yoast SEO plugin. -->","yoast_head_json":{"title":"Declaraci\u00f3n de accesibilidad - El Palacio del Viento","robots":{"index":"index","follow":"follow","max-snippet":"max-snippet:-1","max-image-preview":"max-image-preview:large","max-video-preview":"max-video-preview:-1"},"canonical":"https:\/\/elpalaciodelviento.com\/nl\/toegankelijkheidsverklaring\/","og_locale":"nl_NL","og_type":"article","og_title":"Declaraci\u00f3n de accesibilidad - El Palacio del Viento","og_description":"Declaraci\u00f3n de accesibilidad elpalaciodelviento.com se compromete a garantizar la accesibilidad de su sitio web de conformidad con la Directiva (UE) 2019\/882 (European Accessibility Act) y la normativa espa\u00f1ola de accesibilidad digital. Situaci\u00f3n de cumplimiento Este sitio web se encuentra en fase de revisi\u00f3n.Actualmente, no se han completado todos los tests de accesibilidad y se est\u00e1n [&hellip;]","og_url":"https:\/\/elpalaciodelviento.com\/nl\/toegankelijkheidsverklaring\/","og_site_name":"El Palacio del Viento","article_modified_time":"2025-10-02T12:22:40+00:00","twitter_card":"summary_large_image","twitter_misc":{"Geschatte leestijd":"1 minuut"},"schema":{"@context":"https:\/\/schema.org","@graph":[{"@type":"WebPage","@id":"https:\/\/elpalaciodelviento.com\/declaracion-de-accesibilidad\/","url":"https:\/\/elpalaciodelviento.com\/declaracion-de-accesibilidad\/","name":"Declaraci\u00f3n de accesibilidad - El Palacio del Viento","isPartOf":{"@id":"https:\/\/elpalaciodelviento.com\/#website"},"datePublished":"2025-10-02T12:19:52+00:00","dateModified":"2025-10-02T12:22:40+00:00","breadcrumb":{"@id":"https:\/\/elpalaciodelviento.com\/declaracion-de-accesibilidad\/#breadcrumb"},"inLanguage":"nl-NL","potentialAction":[{"@type":"ReadAction","target":["https:\/\/elpalaciodelviento.com\/declaracion-de-accesibilidad\/"]}]},{"@type":"BreadcrumbList","@id":"https:\/\/elpalaciodelviento.com\/declaracion-de-accesibilidad\/#breadcrumb","itemListElement":[{"@type":"ListItem","position":1,"name":"Home","item":"https:\/\/elpalaciodelviento.com\/"},{"@type":"ListItem","position":2,"name":"Declaraci\u00f3n de accesibilidad"}]},{"@type":"WebSite","@id":"https:\/\/elpalaciodelviento.com\/#website","url":"https:\/\/elpalaciodelviento.com\/","name":"El Palacio del Viento","description":"","publisher":{"@id":"https:\/\/elpalaciodelviento.com\/#organization"},"potentialAction":[{"@type":"SearchAction","target":{"@type":"EntryPoint","urlTemplate":"https:\/\/elpalaciodelviento.com\/?s={search_term_string}"},"query-input":{"@type":"PropertyValueSpecification","valueRequired":true,"valueName":"search_term_string"}}],"inLanguage":"nl-NL"},{"@type":"Organization","@id":"https:\/\/elpalaciodelviento.com\/#organization","name":"El Palacio del Viento","url":"https:\/\/elpalaciodelviento.com\/","logo":{"@type":"ImageObject","inLanguage":"nl-NL","@id":"https:\/\/elpalaciodelviento.com\/#\/schema\/logo\/image\/","url":"https:\/\/elpalaciodelviento.com\/wp-content\/uploads\/2024\/05\/cropped-color.png","contentUrl":"https:\/\/elpalaciodelviento.com\/wp-content\/uploads\/2024\/05\/cropped-color.png","width":512,"height":512,"caption":"El Palacio del Viento"},"image":{"@id":"https:\/\/elpalaciodelviento.com\/#\/schema\/logo\/image\/"}}]}},"_links":{"self":[{"href":"https:\/\/elpalaciodelviento.com\/nl\/wp-json\/wp\/v2\/pages\/1503","targetHints":{"allow":["GET"]}}],"collection":[{"href":"https:\/\/elpalaciodelviento.com\/nl\/wp-json\/wp\/v2\/pages"}],"about":[{"href":"https:\/\/elpalaciodelviento.com\/nl\/wp-json\/wp\/v2\/types\/page"}],"author":[{"embeddable":true,"href":"https:\/\/elpalaciodelviento.com\/nl\/wp-json\/wp\/v2\/users\/1"}],"replies":[{"embeddable":true,"href":"https:\/\/elpalaciodelviento.com\/nl\/wp-json\/wp\/v2\/comments?post=1503"}],"version-history":[{"count":7,"href":"https:\/\/elpalaciodelviento.com\/nl\/wp-json\/wp\/v2\/pages\/1503\/revisions"}],"predecessor-version":[{"id":1515,"href":"https:\/\/elpalaciodelviento.com\/nl\/wp-json\/wp\/v2\/pages\/1503\/revisions\/1515"}],"wp:attachment":[{"href":"https:\/\/elpalaciodelviento.com\/nl\/wp-json\/wp\/v2\/media?parent=1503"}],"curies":[{"name":"wp","href":"https:\/\/api.w.org\/{rel}","templated":true}]}}