{"id":176,"date":"2024-05-12T23:31:10","date_gmt":"2024-05-12T23:31:10","guid":{"rendered":"https:\/\/sitoweb.biz\/elpalaciodelviento.com\/?page_id=176"},"modified":"2024-07-30T10:05:12","modified_gmt":"2024-07-30T10:05:12","slug":"faq","status":"publish","type":"page","link":"https:\/\/elpalaciodelviento.com\/fr\/faq\/","title":{"rendered":"FAQ"},"content":{"rendered":"<div data-elementor-type=\"wp-page\" data-elementor-id=\"176\" class=\"elementor elementor-176\" data-elementor-post-type=\"page\">\n\t\t\t\t<div class=\"elementor-element elementor-element-178e57ae e-flex e-con-boxed e-con e-parent\" data-id=\"178e57ae\" data-element_type=\"container\" data-e-type=\"container\" data-settings=\"{&quot;background_background&quot;:&quot;classic&quot;}\">\n\t\t\t\t\t<div class=\"e-con-inner\">\n\t\t<div class=\"elementor-element elementor-element-2e91ee38 e-con-full e-flex e-con e-child\" data-id=\"2e91ee38\" data-element_type=\"container\" data-e-type=\"container\">\n\t\t\t\t<div class=\"elementor-element elementor-element-50423f3 elementor-invisible elementor-widget elementor-widget-heading\" data-id=\"50423f3\" data-element_type=\"widget\" data-e-type=\"widget\" data-settings=\"{&quot;_animation&quot;:&quot;fadeIn&quot;}\" data-widget_type=\"heading.default\">\n\t\t\t\t<div class=\"elementor-widget-container\">\n\t\t\t\t\t<h2 class=\"elementor-heading-title elementor-size-default\">FAQ<\/h2>\t\t\t\t<\/div>\n\t\t\t\t<\/div>\n\t\t\t\t<div class=\"elementor-element elementor-element-77d88766 elementor-widget__width-initial elementor-widget-mobile__width-inherit elementor-invisible elementor-widget elementor-widget-text-editor\" data-id=\"77d88766\" data-element_type=\"widget\" data-e-type=\"widget\" data-settings=\"{&quot;_animation&quot;:&quot;fadeIn&quot;,&quot;_animation_delay&quot;:&quot;200&quot;}\" data-widget_type=\"text-editor.default\">\n\t\t\t\t<div class=\"elementor-widget-container\">\n\t\t\t\t\t\t\t\t\t<p>Pour vous aider dans votre r\u00e9servation ou pour vous fournir plus d'informations sur El Palacio del Viento, voici une liste de vos questions auxquelles nous avons r\u00e9pondu pour vous.<\/p>\t\t\t\t\t\t\t\t<\/div>\n\t\t\t\t<\/div>\n\t\t\t\t<\/div>\n\t\t\t\t\t<\/div>\n\t\t\t\t<\/div>\n\t\t<div class=\"elementor-element elementor-element-79ff3623 e-flex e-con-boxed e-con e-parent\" data-id=\"79ff3623\" data-element_type=\"container\" data-e-type=\"container\">\n\t\t\t\t\t<div class=\"e-con-inner\">\n\t\t\t\t<div class=\"elementor-element elementor-element-2e155a85 elementor-invisible elementor-widget elementor-widget-heading\" data-id=\"2e155a85\" data-element_type=\"widget\" data-e-type=\"widget\" data-settings=\"{&quot;_animation&quot;:&quot;fadeIn&quot;}\" data-widget_type=\"heading.default\">\n\t\t\t\t<div class=\"elementor-widget-container\">\n\t\t\t\t\t<h2 class=\"elementor-heading-title elementor-size-default\">Questions populaires<\/h2>\t\t\t\t<\/div>\n\t\t\t\t<\/div>\n\t\t\t\t<div class=\"elementor-element elementor-element-1d48b8b9 elementor-widget__width-initial elementor-invisible elementor-widget elementor-widget-jkit_accordion\" data-id=\"1d48b8b9\" data-element_type=\"widget\" data-e-type=\"widget\" data-settings=\"{&quot;_animation&quot;:&quot;fadeIn&quot;,&quot;_animation_delay&quot;:&quot;200&quot;}\" data-widget_type=\"jkit_accordion.default\">\n\t\t\t\t<div class=\"elementor-widget-container\">\n\t\t\t\t\t<div  class=\"jeg-elementor-kit jkit-accordion style-default jeg_module___69d6def7ea562\" ><div class=\"card-wrapper expand\">\n                <div class=\"card-header\">\n                    <a href=\"#expand-4aef99e\" class=\"card-header-button\" aria-expanded=\"false\" data-target=\"#expand-4aef99e\" aria-controls=\"expand-4aef99e\">\n                        <span class=\"title\">Comment r\u00e9server une chambre ?<\/span><div class=\"right-icon-group\">\n                <div class=\"normal-icon\"><i aria-hidden=\"true\" class=\"jki jki-plus-light\"><\/i><\/div>\n                <div class=\"active-icon\"><i aria-hidden=\"true\" class=\"jki jki-minus-light\"><\/i><\/div>\n            <\/div>\n                    <\/a>\n                <\/div>\n                <div class=\"card-expand\" id=\"expand-4aef99e\" style=\"display:block\"><div class=\"card-body\"><p>Vous pouvez r\u00e9server directement en cliquant sur le bouton BOOK NOW en haut de la page. Vous pouvez \u00e9galement r\u00e9server votre chambre sur notre page CHAMBRES ou utiliser notre formulaire de contact sur la page CONTACT.<\/p><\/div><\/div>\n            <\/div><div class=\"card-wrapper\">\n                <div class=\"card-header\">\n                    <a href=\"#expand-e4df669\" class=\"card-header-button\" aria-expanded=\"false\" data-target=\"#expand-e4df669\" aria-controls=\"expand-e4df669\">\n                        <span class=\"title\">Quel est l'a\u00e9roport le plus proche ?<\/span><div class=\"right-icon-group\">\n                <div class=\"normal-icon\"><i aria-hidden=\"true\" class=\"jki jki-plus-light\"><\/i><\/div>\n                <div class=\"active-icon\"><i aria-hidden=\"true\" class=\"jki jki-minus-light\"><\/i><\/div>\n            <\/div>\n                    <\/a>\n                <\/div>\n                <div class=\"card-expand\" id=\"expand-e4df669\" style=\"display:none\"><div class=\"card-body\"><p>Les a\u00e9roports les plus proches sont Gibraltar (46 km), Jerez de la Frontera (127 km), Malaga (153 km) et S\u00e9ville (217 km). Voyager en avion depuis l'Allemagne et l'Europe du Nord vers l'Andalousie est tr\u00e8s simple et peu co\u00fbteux. Quatre a\u00e9roports sont accessibles, avec une dur\u00e9e de vol approximative de 2 \u00e0 3 heures. Depuis l'Allemagne, les a\u00e9roports les plus recommand\u00e9s sont Malaga ou Jerez, qui sont desservis par Ryanair, Easyjet, Airberlin, Condor, German Wings et bien d'autres. L'a\u00e9roport le plus proche, \"Gibraltar\", est parfait pour nos amis britanniques. L'a\u00e9roport de S\u00e9ville est un peu plus \u00e9loign\u00e9.<\/p><\/div><\/div>\n            <\/div><div class=\"card-wrapper\">\n                <div class=\"card-header\">\n                    <a href=\"#expand-0c97855\" class=\"card-header-button\" aria-expanded=\"false\" data-target=\"#expand-0c97855\" aria-controls=\"expand-0c97855\">\n                        <span class=\"title\">O\u00f9 puis-je acc\u00e9der \u00e0 l'internet ?<\/span><div class=\"right-icon-group\">\n                <div class=\"normal-icon\"><i aria-hidden=\"true\" class=\"jki jki-plus-light\"><\/i><\/div>\n                <div class=\"active-icon\"><i aria-hidden=\"true\" class=\"jki jki-minus-light\"><\/i><\/div>\n            <\/div>\n                    <\/a>\n                <\/div>\n                <div class=\"card-expand\" id=\"expand-0c97855\" style=\"display:none\"><div class=\"card-body\"><p>L'acc\u00e8s \u00e0 Internet est disponible dans nos locaux, il suffit de demander le mot de passe \u00e0 l'arriv\u00e9e.<\/p><\/div><\/div>\n            <\/div><div class=\"card-wrapper\">\n                <div class=\"card-header\">\n                    <a href=\"#expand-2d1bc8d\" class=\"card-header-button\" aria-expanded=\"false\" data-target=\"#expand-2d1bc8d\" aria-controls=\"expand-2d1bc8d\">\n                        <span class=\"title\">O\u00f9 puis-je r\u00e9server une excursion d'une journ\u00e9e, des cours d'espagnol ou l'observation des baleines ?<\/span><div class=\"right-icon-group\">\n                <div class=\"normal-icon\"><i aria-hidden=\"true\" class=\"jki jki-plus-light\"><\/i><\/div>\n                <div class=\"active-icon\"><i aria-hidden=\"true\" class=\"jki jki-minus-light\"><\/i><\/div>\n            <\/div>\n                    <\/a>\n                <\/div>\n                <div class=\"card-expand\" id=\"expand-2d1bc8d\" style=\"display:none\"><div class=\"card-body\"><p>Il vous suffit de nous demander et nous vous donnerons toutes les informations dont vous avez besoin sur les visites et les excursions qui vous int\u00e9ressent.<\/p><\/div><\/div>\n            <\/div><div class=\"card-wrapper\">\n                <div class=\"card-header\">\n                    <a href=\"#expand-e3f41a9\" class=\"card-header-button\" aria-expanded=\"false\" data-target=\"#expand-e3f41a9\" aria-controls=\"expand-e3f41a9\">\n                        <span class=\"title\">Dois-je apporter des draps et des serviettes ?<\/span><div class=\"right-icon-group\">\n                <div class=\"normal-icon\"><i aria-hidden=\"true\" class=\"jki jki-plus-light\"><\/i><\/div>\n                <div class=\"active-icon\"><i aria-hidden=\"true\" class=\"jki jki-minus-light\"><\/i><\/div>\n            <\/div>\n                    <\/a>\n                <\/div>\n                <div class=\"card-expand\" id=\"expand-e3f41a9\" style=\"display:none\"><div class=\"card-body\"><p>Nous fournissons le linge de lit, mais vous \u00eates pri\u00e9s d'apporter vos propres serviettes.<\/p><\/div><\/div>\n            <\/div><div class=\"card-wrapper\">\n                <div class=\"card-header\">\n                    <a href=\"#expand-f0e842d\" class=\"card-header-button\" aria-expanded=\"false\" data-target=\"#expand-f0e842d\" aria-controls=\"expand-f0e842d\">\n                        <span class=\"title\">O\u00f9 puis-je garer ma voiture ?<\/span><div class=\"right-icon-group\">\n                <div class=\"normal-icon\"><i aria-hidden=\"true\" class=\"jki jki-plus-light\"><\/i><\/div>\n                <div class=\"active-icon\"><i aria-hidden=\"true\" class=\"jki jki-minus-light\"><\/i><\/div>\n            <\/div>\n                    <\/a>\n                <\/div>\n                <div class=\"card-expand\" id=\"expand-f0e842d\" style=\"display:none\"><div class=\"card-body\"><p>Se garer \u00e0 Tarifa peut s'av\u00e9rer d\u00e9licat. Ne vous garez PAS sur les lignes jaunes, votre voiture sera remorqu\u00e9e ! Les lignes bleues sont des zones payantes, n'oubliez pas de montrer votre ticket de parking ou vous aurez une amende.<\/p><\/div><\/div>\n            <\/div><div class=\"card-wrapper\">\n                <div class=\"card-header\">\n                    <a href=\"#expand-e8f765f\" class=\"card-header-button\" aria-expanded=\"false\" data-target=\"#expand-e8f765f\" aria-controls=\"expand-e8f765f\">\n                        <span class=\"title\">Est-il permis de fumer \u00e0 El Palacio del Viento ?<\/span><div class=\"right-icon-group\">\n                <div class=\"normal-icon\"><i aria-hidden=\"true\" class=\"jki jki-plus-light\"><\/i><\/div>\n                <div class=\"active-icon\"><i aria-hidden=\"true\" class=\"jki jki-minus-light\"><\/i><\/div>\n            <\/div>\n                    <\/a>\n                <\/div>\n                <div class=\"card-expand\" id=\"expand-e8f765f\" style=\"display:none\"><div class=\"card-body\"><p>Il est interdit de fumer \u00e0 l'int\u00e9rieur du b\u00e2timent.<\/p><\/div><\/div>\n            <\/div><\/div>\t\t\t\t<\/div>\n\t\t\t\t<\/div>\n\t\t\t\t\t<\/div>\n\t\t\t\t<\/div>\n\t\t<div class=\"elementor-element elementor-element-1007e43b jkit-sticky-element--enabled e-con-full e-flex jkit-sticky-element-on--down jkit-sticky-position--sticky e-con e-parent\" data-id=\"1007e43b\" data-element_type=\"container\" data-e-type=\"container\" data-settings=\"{&quot;background_background&quot;:&quot;classic&quot;,&quot;jkit_sticky_top_position&quot;:{&quot;unit&quot;:&quot;px&quot;,&quot;size&quot;:&quot;&quot;,&quot;sizes&quot;:[]},&quot;jkit_sticky_device&quot;:[&quot;desktop&quot;]}\">\n\t\t\t\t<div class=\"elementor-element elementor-element-396f22bc elementor-invisible elementor-widget elementor-widget-heading\" data-id=\"396f22bc\" data-element_type=\"widget\" data-e-type=\"widget\" data-settings=\"{&quot;_animation&quot;:&quot;fadeIn&quot;}\" data-widget_type=\"heading.default\">\n\t\t\t\t<div class=\"elementor-widget-container\">\n\t\t\t\t\t<h2 class=\"elementor-heading-title elementor-size-default\">Nous sommes l\u00e0 pour vous aider<\/h2>\t\t\t\t<\/div>\n\t\t\t\t<\/div>\n\t\t\t\t<div class=\"elementor-element elementor-element-15c1b7b8 elementor-widget__width-initial elementor-widget-mobile__width-initial elementor-invisible elementor-widget elementor-widget-text-editor\" data-id=\"15c1b7b8\" data-element_type=\"widget\" data-e-type=\"widget\" data-settings=\"{&quot;_animation&quot;:&quot;fadeIn&quot;,&quot;_animation_delay&quot;:&quot;200&quot;}\" data-widget_type=\"text-editor.default\">\n\t\t\t\t<div class=\"elementor-widget-container\">\n\t\t\t\t\t\t\t\t\t<p>Lorem ipsum dolor sit amet, consectetur adipiscing elit. Ut elit tellus, luctus nec ullamcorper mattis, pulvinar dapibus leo.<\/p>\t\t\t\t\t\t\t\t<\/div>\n\t\t\t\t<\/div>\n\t\t\t\t<div class=\"elementor-element elementor-element-88b6bf8 elementor-widget__width-auto elementor-invisible elementor-widget elementor-widget-jkit_button\" data-id=\"88b6bf8\" data-element_type=\"widget\" data-e-type=\"widget\" data-settings=\"{&quot;_animation&quot;:&quot;fadeIn&quot;,&quot;_animation_delay&quot;:&quot;400&quot;}\" data-widget_type=\"jkit_button.default\">\n\t\t\t\t<div class=\"elementor-widget-container\">\n\t\t\t\t\t<div  class=\"jeg-elementor-kit jkit-button  icon-position-before jeg_module__1_69d6def7ecc46\" ><a href=\"https:\/\/elpalaciodelviento.com\/index.php\/contact\/\" class=\"jkit-button-wrapper\">Poser une question<\/a><\/div>\t\t\t\t<\/div>\n\t\t\t\t<\/div>\n\t\t\t\t<\/div>\n\t\t<div class=\"elementor-element elementor-element-c9c01e3 e-flex e-con-boxed e-con e-parent\" data-id=\"c9c01e3\" data-element_type=\"container\" data-e-type=\"container\">\n\t\t\t\t\t<div class=\"e-con-inner\">\n\t\t\t\t<div class=\"elementor-element elementor-element-f10efe2 elementor-invisible elementor-widget elementor-widget-heading\" data-id=\"f10efe2\" data-element_type=\"widget\" data-e-type=\"widget\" data-settings=\"{&quot;_animation&quot;:&quot;fadeIn&quot;}\" data-widget_type=\"heading.default\">\n\t\t\t\t<div class=\"elementor-widget-container\">\n\t\t\t\t\t<h2 class=\"elementor-heading-title elementor-size-default\">Autres questions populaires<\/h2>\t\t\t\t<\/div>\n\t\t\t\t<\/div>\n\t\t\t\t<div class=\"elementor-element elementor-element-6bf25ca elementor-widget__width-initial elementor-invisible elementor-widget elementor-widget-jkit_accordion\" data-id=\"6bf25ca\" data-element_type=\"widget\" data-e-type=\"widget\" data-settings=\"{&quot;_animation&quot;:&quot;fadeIn&quot;,&quot;_animation_delay&quot;:&quot;200&quot;}\" data-widget_type=\"jkit_accordion.default\">\n\t\t\t\t<div class=\"elementor-widget-container\">\n\t\t\t\t\t<div  class=\"jeg-elementor-kit jkit-accordion style-default jeg_module__2_69d6def7edeee\" ><div class=\"card-wrapper expand\">\n                <div class=\"card-header\">\n                    <a href=\"#expand-4aef99e\" class=\"card-header-button\" aria-expanded=\"false\" data-target=\"#expand-4aef99e\" aria-controls=\"expand-4aef99e\">\n                        <span class=\"title\">O\u00f9 se trouve le supermarch\u00e9 le plus proche ?<\/span><div class=\"right-icon-group\">\n                <div class=\"normal-icon\"><i aria-hidden=\"true\" class=\"jki jki-plus-light\"><\/i><\/div>\n                <div class=\"active-icon\"><i aria-hidden=\"true\" class=\"jki jki-minus-light\"><\/i><\/div>\n            <\/div>\n                    <\/a>\n                <\/div>\n                <div class=\"card-expand\" id=\"expand-4aef99e\" style=\"display:block\"><div class=\"card-body\"><\/div><\/div>\n            <\/div><div class=\"card-wrapper\">\n                <div class=\"card-header\">\n                    <a href=\"#expand-e4df669\" class=\"card-header-button\" aria-expanded=\"false\" data-target=\"#expand-e4df669\" aria-controls=\"expand-e4df669\">\n                        <span class=\"title\">O\u00f9 se trouve le distributeur de billets le plus proche ?<\/span><div class=\"right-icon-group\">\n                <div class=\"normal-icon\"><i aria-hidden=\"true\" class=\"jki jki-plus-light\"><\/i><\/div>\n                <div class=\"active-icon\"><i aria-hidden=\"true\" class=\"jki jki-minus-light\"><\/i><\/div>\n            <\/div>\n                    <\/a>\n                <\/div>\n                <div class=\"card-expand\" id=\"expand-e4df669\" style=\"display:none\"><div class=\"card-body\"><\/div><\/div>\n            <\/div><\/div>\t\t\t\t<\/div>\n\t\t\t\t<\/div>\n\t\t\t\t\t<\/div>\n\t\t\t\t<\/div>\n\t\t\t\t<\/div>","protected":false},"excerpt":{"rendered":"<p>FAQ Pour vous aider dans votre r\u00e9servation ou pour vous fournir plus d'informations sur El Palacio del Viento, voici une liste de vos questions auxquelles nous avons r\u00e9pondu pour vous. Questions populaires Comment puis-je r\u00e9server une chambre ? Vous pouvez r\u00e9server directement en cliquant sur le bouton BOOK NOW en haut de la page. Vous pouvez \u00e9galement r\u00e9server votre chambre par l'interm\u00e9diaire de [...]<\/p>","protected":false},"author":1,"featured_media":0,"parent":0,"menu_order":0,"comment_status":"closed","ping_status":"closed","template":"elementor_header_footer","meta":{"footnotes":""},"class_list":["post-176","page","type-page","status-publish","hentry"],"yoast_head":"<!-- This site is optimized with the Yoast SEO plugin v25.4 - https:\/\/yoast.com\/wordpress\/plugins\/seo\/ -->\n<title>FAQ - El Palacio del Viento<\/title>\n<meta name=\"description\" content=\"Resuelve tus dudas sobre servicios, reservas, y m\u00e1s en nuestra secci\u00f3n de preguntas frecuentes.\" \/>\n<meta name=\"robots\" content=\"index, follow, max-snippet:-1, max-image-preview:large, max-video-preview:-1\" \/>\n<link rel=\"canonical\" href=\"https:\/\/elpalaciodelviento.com\/fr\/faq\/\" \/>\n<meta property=\"og:locale\" content=\"fr_FR\" \/>\n<meta property=\"og:type\" content=\"article\" \/>\n<meta property=\"og:title\" content=\"FAQ - El Palacio del Viento\" \/>\n<meta property=\"og:description\" content=\"Resuelve tus dudas sobre servicios, reservas, y m\u00e1s en nuestra secci\u00f3n de preguntas frecuentes.\" \/>\n<meta property=\"og:url\" content=\"https:\/\/elpalaciodelviento.com\/fr\/faq\/\" \/>\n<meta property=\"og:site_name\" content=\"El Palacio del Viento\" \/>\n<meta property=\"article:modified_time\" content=\"2024-07-30T10:05:12+00:00\" \/>\n<meta name=\"twitter:card\" content=\"summary_large_image\" \/>\n<meta name=\"twitter:label1\" content=\"Dur\u00e9e de lecture estim\u00e9e\" \/>\n\t<meta name=\"twitter:data1\" content=\"2 minutes\" \/>\n<script type=\"application\/ld+json\" class=\"yoast-schema-graph\">{\"@context\":\"https:\/\/schema.org\",\"@graph\":[{\"@type\":\"WebPage\",\"@id\":\"https:\/\/elpalaciodelviento.com\/faq\/\",\"url\":\"https:\/\/elpalaciodelviento.com\/faq\/\",\"name\":\"FAQ - El Palacio del Viento\",\"isPartOf\":{\"@id\":\"https:\/\/elpalaciodelviento.com\/#website\"},\"datePublished\":\"2024-05-12T23:31:10+00:00\",\"dateModified\":\"2024-07-30T10:05:12+00:00\",\"description\":\"Resuelve tus dudas sobre servicios, reservas, y m\u00e1s en nuestra secci\u00f3n de preguntas frecuentes.\",\"breadcrumb\":{\"@id\":\"https:\/\/elpalaciodelviento.com\/faq\/#breadcrumb\"},\"inLanguage\":\"fr-FR\",\"potentialAction\":[{\"@type\":\"ReadAction\",\"target\":[\"https:\/\/elpalaciodelviento.com\/faq\/\"]}]},{\"@type\":\"BreadcrumbList\",\"@id\":\"https:\/\/elpalaciodelviento.com\/faq\/#breadcrumb\",\"itemListElement\":[{\"@type\":\"ListItem\",\"position\":1,\"name\":\"Home\",\"item\":\"https:\/\/elpalaciodelviento.com\/\"},{\"@type\":\"ListItem\",\"position\":2,\"name\":\"FAQ\"}]},{\"@type\":\"WebSite\",\"@id\":\"https:\/\/elpalaciodelviento.com\/#website\",\"url\":\"https:\/\/elpalaciodelviento.com\/\",\"name\":\"El Palacio del Viento\",\"description\":\"\",\"publisher\":{\"@id\":\"https:\/\/elpalaciodelviento.com\/#organization\"},\"potentialAction\":[{\"@type\":\"SearchAction\",\"target\":{\"@type\":\"EntryPoint\",\"urlTemplate\":\"https:\/\/elpalaciodelviento.com\/?s={search_term_string}\"},\"query-input\":{\"@type\":\"PropertyValueSpecification\",\"valueRequired\":true,\"valueName\":\"search_term_string\"}}],\"inLanguage\":\"fr-FR\"},{\"@type\":\"Organization\",\"@id\":\"https:\/\/elpalaciodelviento.com\/#organization\",\"name\":\"El Palacio del Viento\",\"url\":\"https:\/\/elpalaciodelviento.com\/\",\"logo\":{\"@type\":\"ImageObject\",\"inLanguage\":\"fr-FR\",\"@id\":\"https:\/\/elpalaciodelviento.com\/#\/schema\/logo\/image\/\",\"url\":\"https:\/\/elpalaciodelviento.com\/wp-content\/uploads\/2024\/05\/cropped-color.png\",\"contentUrl\":\"https:\/\/elpalaciodelviento.com\/wp-content\/uploads\/2024\/05\/cropped-color.png\",\"width\":512,\"height\":512,\"caption\":\"El Palacio del Viento\"},\"image\":{\"@id\":\"https:\/\/elpalaciodelviento.com\/#\/schema\/logo\/image\/\"}}]}<\/script>\n<!-- \/ Yoast SEO plugin. -->","yoast_head_json":{"title":"FAQ - El Palacio del Viento","description":"Resuelve tus dudas sobre servicios, reservas, y m\u00e1s en nuestra secci\u00f3n de preguntas frecuentes.","robots":{"index":"index","follow":"follow","max-snippet":"max-snippet:-1","max-image-preview":"max-image-preview:large","max-video-preview":"max-video-preview:-1"},"canonical":"https:\/\/elpalaciodelviento.com\/fr\/faq\/","og_locale":"fr_FR","og_type":"article","og_title":"FAQ - El Palacio del Viento","og_description":"Resuelve tus dudas sobre servicios, reservas, y m\u00e1s en nuestra secci\u00f3n de preguntas frecuentes.","og_url":"https:\/\/elpalaciodelviento.com\/fr\/faq\/","og_site_name":"El Palacio del Viento","article_modified_time":"2024-07-30T10:05:12+00:00","twitter_card":"summary_large_image","twitter_misc":{"Dur\u00e9e de lecture estim\u00e9e":"2 minutes"},"schema":{"@context":"https:\/\/schema.org","@graph":[{"@type":"WebPage","@id":"https:\/\/elpalaciodelviento.com\/faq\/","url":"https:\/\/elpalaciodelviento.com\/faq\/","name":"FAQ - El Palacio del Viento","isPartOf":{"@id":"https:\/\/elpalaciodelviento.com\/#website"},"datePublished":"2024-05-12T23:31:10+00:00","dateModified":"2024-07-30T10:05:12+00:00","description":"Resuelve tus dudas sobre servicios, reservas, y m\u00e1s en nuestra secci\u00f3n de preguntas frecuentes.","breadcrumb":{"@id":"https:\/\/elpalaciodelviento.com\/faq\/#breadcrumb"},"inLanguage":"fr-FR","potentialAction":[{"@type":"ReadAction","target":["https:\/\/elpalaciodelviento.com\/faq\/"]}]},{"@type":"BreadcrumbList","@id":"https:\/\/elpalaciodelviento.com\/faq\/#breadcrumb","itemListElement":[{"@type":"ListItem","position":1,"name":"Home","item":"https:\/\/elpalaciodelviento.com\/"},{"@type":"ListItem","position":2,"name":"FAQ"}]},{"@type":"WebSite","@id":"https:\/\/elpalaciodelviento.com\/#website","url":"https:\/\/elpalaciodelviento.com\/","name":"El Palacio del Viento","description":"","publisher":{"@id":"https:\/\/elpalaciodelviento.com\/#organization"},"potentialAction":[{"@type":"SearchAction","target":{"@type":"EntryPoint","urlTemplate":"https:\/\/elpalaciodelviento.com\/?s={search_term_string}"},"query-input":{"@type":"PropertyValueSpecification","valueRequired":true,"valueName":"search_term_string"}}],"inLanguage":"fr-FR"},{"@type":"Organization","@id":"https:\/\/elpalaciodelviento.com\/#organization","name":"El Palacio del Viento","url":"https:\/\/elpalaciodelviento.com\/","logo":{"@type":"ImageObject","inLanguage":"fr-FR","@id":"https:\/\/elpalaciodelviento.com\/#\/schema\/logo\/image\/","url":"https:\/\/elpalaciodelviento.com\/wp-content\/uploads\/2024\/05\/cropped-color.png","contentUrl":"https:\/\/elpalaciodelviento.com\/wp-content\/uploads\/2024\/05\/cropped-color.png","width":512,"height":512,"caption":"El Palacio del Viento"},"image":{"@id":"https:\/\/elpalaciodelviento.com\/#\/schema\/logo\/image\/"}}]}},"_links":{"self":[{"href":"https:\/\/elpalaciodelviento.com\/fr\/wp-json\/wp\/v2\/pages\/176","targetHints":{"allow":["GET"]}}],"collection":[{"href":"https:\/\/elpalaciodelviento.com\/fr\/wp-json\/wp\/v2\/pages"}],"about":[{"href":"https:\/\/elpalaciodelviento.com\/fr\/wp-json\/wp\/v2\/types\/page"}],"author":[{"embeddable":true,"href":"https:\/\/elpalaciodelviento.com\/fr\/wp-json\/wp\/v2\/users\/1"}],"replies":[{"embeddable":true,"href":"https:\/\/elpalaciodelviento.com\/fr\/wp-json\/wp\/v2\/comments?post=176"}],"version-history":[{"count":16,"href":"https:\/\/elpalaciodelviento.com\/fr\/wp-json\/wp\/v2\/pages\/176\/revisions"}],"predecessor-version":[{"id":433,"href":"https:\/\/elpalaciodelviento.com\/fr\/wp-json\/wp\/v2\/pages\/176\/revisions\/433"}],"wp:attachment":[{"href":"https:\/\/elpalaciodelviento.com\/fr\/wp-json\/wp\/v2\/media?parent=176"}],"curies":[{"name":"wp","href":"https:\/\/api.w.org\/{rel}","templated":true}]}}