{"id":1503,"date":"2025-10-02T12:19:52","date_gmt":"2025-10-02T12:19:52","guid":{"rendered":"https:\/\/elpalaciodelviento.com\/?page_id=1503"},"modified":"2025-10-02T12:22:40","modified_gmt":"2025-10-02T12:22:40","slug":"declaration-daccessibilite","status":"publish","type":"page","link":"https:\/\/elpalaciodelviento.com\/fr\/declaration-daccessibilite\/","title":{"rendered":"D\u00e9claration d'accessibilit\u00e9"},"content":{"rendered":"<div data-elementor-type=\"wp-page\" data-elementor-id=\"1503\" class=\"elementor elementor-1503\" data-elementor-post-type=\"page\">\n\t\t\t\t<div class=\"elementor-element elementor-element-71d77c62 e-flex e-con-boxed e-con e-parent\" data-id=\"71d77c62\" data-element_type=\"container\" data-e-type=\"container\" data-settings=\"{&quot;background_background&quot;:&quot;classic&quot;}\">\n\t\t\t\t\t<div class=\"e-con-inner\">\n\t\t<div class=\"elementor-element elementor-element-1e50653f e-con-full e-flex e-con e-child\" data-id=\"1e50653f\" data-element_type=\"container\" data-e-type=\"container\">\n\t\t\t\t<div class=\"elementor-element elementor-element-2a87682a elementor-invisible elementor-widget elementor-widget-heading\" data-id=\"2a87682a\" data-element_type=\"widget\" data-e-type=\"widget\" data-settings=\"{&quot;_animation&quot;:&quot;fadeIn&quot;}\" data-widget_type=\"heading.default\">\n\t\t\t\t<div class=\"elementor-widget-container\">\n\t\t\t\t\t<h2 class=\"elementor-heading-title elementor-size-default\">D\u00e9claration d'accessibilit\u00e9\n<\/h2>\t\t\t\t<\/div>\n\t\t\t\t<\/div>\n\t\t\t\t<\/div>\n\t\t\t\t\t<\/div>\n\t\t\t\t<\/div>\n\t\t<div class=\"elementor-element elementor-element-d5c3e77 e-flex e-con-boxed e-con e-parent\" data-id=\"d5c3e77\" data-element_type=\"container\" data-e-type=\"container\">\n\t\t\t\t\t<div class=\"e-con-inner\">\n\t\t\t\t<div class=\"elementor-element elementor-element-bf0521d elementor-widget elementor-widget-text-editor\" data-id=\"bf0521d\" data-element_type=\"widget\" data-e-type=\"widget\" data-widget_type=\"text-editor.default\">\n\t\t\t\t<div class=\"elementor-widget-container\">\n\t\t\t\t\t\t\t\t\t<p><b>elpalaciodelviento.com<\/b><span style=\"font-weight: 400;\"> s'engage \u00e0 garantir l'accessibilit\u00e9 de son site web conform\u00e9ment \u00e0 la directive (UE) 2019\/882 (loi europ\u00e9enne sur l'accessibilit\u00e9) et \u00e0 la l\u00e9gislation espagnole sur l'accessibilit\u00e9 \u00e9lectronique.<\/span><\/p><h4><b>\u00c9tat de conformit\u00e9<\/b><\/h4><p><span style=\"font-weight: 400;\">Ce site web est situ\u00e9 \u00e0 l'adresse suivante <\/span><b>phase de r\u00e9vision<\/b><span style=\"font-weight: 400;\">.<\/span><span style=\"font-weight: 400;\"><br \/><\/span><span style=\"font-weight: 400;\">Actuellement, <\/span><b>tous les tests d'accessibilit\u00e9 n'ont pas \u00e9t\u00e9 r\u00e9alis\u00e9s.<\/b><span style=\"font-weight: 400;\"> et des travaux d'adaptation sont en cours pour assurer la conformit\u00e9 aux exigences d'accessibilit\u00e9 (WCAG 2.1 niveau AA, et bient\u00f4t WCAG 2.2).<\/span><\/p><p><span style=\"font-weight: 400;\">La conformit\u00e9 totale devrait \u00eatre atteinte apr\u00e8s l'ach\u00e8vement des audits en cours et des corrections techniques.<\/span><\/p><h4><b>Contenu non accessible<\/b><\/h4><p><span style=\"font-weight: 400;\">Les tests \u00e9tant en cours, un inventaire d\u00e9finitif des articles non conformes n'est pas encore disponible.<\/span><span style=\"font-weight: 400;\"><br \/><\/span><span style=\"font-weight: 400;\">Les domaines examin\u00e9s sont les suivants<\/span><\/p><ul><li style=\"font-weight: 400;\" aria-level=\"1\"><span style=\"font-weight: 400;\">Alternatives textuelles dans les images et les \u00e9l\u00e9ments multim\u00e9dias.<\/span><p>\u00a0<\/p><\/li><li style=\"font-weight: 400;\" aria-level=\"1\"><span style=\"font-weight: 400;\">Contraste des couleurs et lisibilit\u00e9.<\/span><p>\u00a0<\/p><\/li><li style=\"font-weight: 400;\" aria-level=\"1\"><span style=\"font-weight: 400;\">Formulaires et interactions accessibles.<\/span><p>\u00a0<\/p><\/li><li style=\"font-weight: 400;\" aria-level=\"1\"><span style=\"font-weight: 400;\">Documents PDF et autres fichiers t\u00e9l\u00e9chargeables.<\/span><p>\u00a0<\/p><\/li><\/ul><h4><b>Pr\u00e9paration de la d\u00e9claration<\/b><\/h4><ul><li style=\"font-weight: 400;\" aria-level=\"1\"><span style=\"font-weight: 400;\">D\u00e9claration publi\u00e9e le : <\/span><b>01\/05\/2025<\/b><p>\u00a0<\/p><\/li><li style=\"font-weight: 400;\" aria-level=\"1\"><span style=\"font-weight: 400;\">M\u00e9thode : <\/span><b>l'\u00e9valuation externe en cours<\/b><span style=\"font-weight: 400;\"> r\u00e9alis\u00e9e par l'entreprise sp\u00e9cialis\u00e9e <\/span><b>Accessibi.com<\/b><span style=\"font-weight: 400;\">.<\/span><p>\u00a0<\/p><\/li><li style=\"font-weight: 400;\" aria-level=\"1\"><span style=\"font-weight: 400;\">Derni\u00e8re r\u00e9vision : <\/span><b>01\/05\/2025<\/b><p>\u00a0<\/p><\/li><\/ul><h4><b>M\u00e9canisme de communication<\/b><\/h4><p><span style=\"font-weight: 400;\">Vous pouvez signaler des probl\u00e8mes d'accessibilit\u00e9 ou demander des informations accessibles par l'interm\u00e9diaire du site :<\/span><\/p><ul><li style=\"font-weight: 400;\" aria-level=\"1\"><b>Adresse \u00e9lectronique<\/b><span style=\"font-weight: 400;\">: <\/span><span style=\"font-weight: 400;\">office.elpalaciodelviento@gmail.com<\/span><\/li><\/ul>\t\t\t\t\t\t\t\t<\/div>\n\t\t\t\t<\/div>\n\t\t\t\t\t<\/div>\n\t\t\t\t<\/div>\n\t\t\t\t<\/div>","protected":false},"excerpt":{"rendered":"<p>D\u00e9claration d'accessibilit\u00e9 elpalaciodelviento.com s'engage \u00e0 garantir l'accessibilit\u00e9 de son site Web conform\u00e9ment \u00e0 la directive (UE) 2019\/882 (loi europ\u00e9enne sur l'accessibilit\u00e9) et \u00e0 la l\u00e9gislation espagnole sur l'accessibilit\u00e9 \u00e9lectronique. Statut de conformit\u00e9 Ce site Web est actuellement en cours de r\u00e9vision, tous les tests d'accessibilit\u00e9 n'ont pas \u00e9t\u00e9 r\u00e9alis\u00e9s et sont en cours d'examen.<\/p>","protected":false},"author":1,"featured_media":0,"parent":0,"menu_order":0,"comment_status":"closed","ping_status":"closed","template":"elementor_header_footer","meta":{"footnotes":""},"class_list":["post-1503","page","type-page","status-publish","hentry"],"yoast_head":"<!-- This site is optimized with the Yoast SEO plugin v25.4 - https:\/\/yoast.com\/wordpress\/plugins\/seo\/ -->\n<title>Declaraci\u00f3n de accesibilidad - El Palacio del Viento<\/title>\n<meta name=\"robots\" content=\"index, follow, max-snippet:-1, max-image-preview:large, max-video-preview:-1\" \/>\n<link rel=\"canonical\" href=\"https:\/\/elpalaciodelviento.com\/fr\/declaration-daccessibilite\/\" \/>\n<meta property=\"og:locale\" content=\"fr_FR\" \/>\n<meta property=\"og:type\" content=\"article\" \/>\n<meta property=\"og:title\" content=\"Declaraci\u00f3n de accesibilidad - El Palacio del Viento\" \/>\n<meta property=\"og:description\" content=\"Declaraci\u00f3n de accesibilidad elpalaciodelviento.com se compromete a garantizar la accesibilidad de su sitio web de conformidad con la Directiva (UE) 2019\/882 (European Accessibility Act) y la normativa espa\u00f1ola de accesibilidad digital. Situaci\u00f3n de cumplimiento Este sitio web se encuentra en fase de revisi\u00f3n.Actualmente, no se han completado todos los tests de accesibilidad y se est\u00e1n [&hellip;]\" \/>\n<meta property=\"og:url\" content=\"https:\/\/elpalaciodelviento.com\/fr\/declaration-daccessibilite\/\" \/>\n<meta property=\"og:site_name\" content=\"El Palacio del Viento\" \/>\n<meta property=\"article:modified_time\" content=\"2025-10-02T12:22:40+00:00\" \/>\n<meta name=\"twitter:card\" content=\"summary_large_image\" \/>\n<meta name=\"twitter:label1\" content=\"Dur\u00e9e de lecture estim\u00e9e\" \/>\n\t<meta name=\"twitter:data1\" content=\"1 minute\" \/>\n<script type=\"application\/ld+json\" class=\"yoast-schema-graph\">{\"@context\":\"https:\/\/schema.org\",\"@graph\":[{\"@type\":\"WebPage\",\"@id\":\"https:\/\/elpalaciodelviento.com\/declaracion-de-accesibilidad\/\",\"url\":\"https:\/\/elpalaciodelviento.com\/declaracion-de-accesibilidad\/\",\"name\":\"Declaraci\u00f3n de accesibilidad - El Palacio del Viento\",\"isPartOf\":{\"@id\":\"https:\/\/elpalaciodelviento.com\/#website\"},\"datePublished\":\"2025-10-02T12:19:52+00:00\",\"dateModified\":\"2025-10-02T12:22:40+00:00\",\"breadcrumb\":{\"@id\":\"https:\/\/elpalaciodelviento.com\/declaracion-de-accesibilidad\/#breadcrumb\"},\"inLanguage\":\"fr-FR\",\"potentialAction\":[{\"@type\":\"ReadAction\",\"target\":[\"https:\/\/elpalaciodelviento.com\/declaracion-de-accesibilidad\/\"]}]},{\"@type\":\"BreadcrumbList\",\"@id\":\"https:\/\/elpalaciodelviento.com\/declaracion-de-accesibilidad\/#breadcrumb\",\"itemListElement\":[{\"@type\":\"ListItem\",\"position\":1,\"name\":\"Home\",\"item\":\"https:\/\/elpalaciodelviento.com\/\"},{\"@type\":\"ListItem\",\"position\":2,\"name\":\"Declaraci\u00f3n de accesibilidad\"}]},{\"@type\":\"WebSite\",\"@id\":\"https:\/\/elpalaciodelviento.com\/#website\",\"url\":\"https:\/\/elpalaciodelviento.com\/\",\"name\":\"El Palacio del Viento\",\"description\":\"\",\"publisher\":{\"@id\":\"https:\/\/elpalaciodelviento.com\/#organization\"},\"potentialAction\":[{\"@type\":\"SearchAction\",\"target\":{\"@type\":\"EntryPoint\",\"urlTemplate\":\"https:\/\/elpalaciodelviento.com\/?s={search_term_string}\"},\"query-input\":{\"@type\":\"PropertyValueSpecification\",\"valueRequired\":true,\"valueName\":\"search_term_string\"}}],\"inLanguage\":\"fr-FR\"},{\"@type\":\"Organization\",\"@id\":\"https:\/\/elpalaciodelviento.com\/#organization\",\"name\":\"El Palacio del Viento\",\"url\":\"https:\/\/elpalaciodelviento.com\/\",\"logo\":{\"@type\":\"ImageObject\",\"inLanguage\":\"fr-FR\",\"@id\":\"https:\/\/elpalaciodelviento.com\/#\/schema\/logo\/image\/\",\"url\":\"https:\/\/elpalaciodelviento.com\/wp-content\/uploads\/2024\/05\/cropped-color.png\",\"contentUrl\":\"https:\/\/elpalaciodelviento.com\/wp-content\/uploads\/2024\/05\/cropped-color.png\",\"width\":512,\"height\":512,\"caption\":\"El Palacio del Viento\"},\"image\":{\"@id\":\"https:\/\/elpalaciodelviento.com\/#\/schema\/logo\/image\/\"}}]}<\/script>\n<!-- \/ Yoast SEO plugin. -->","yoast_head_json":{"title":"Declaraci\u00f3n de accesibilidad - El Palacio del Viento","robots":{"index":"index","follow":"follow","max-snippet":"max-snippet:-1","max-image-preview":"max-image-preview:large","max-video-preview":"max-video-preview:-1"},"canonical":"https:\/\/elpalaciodelviento.com\/fr\/declaration-daccessibilite\/","og_locale":"fr_FR","og_type":"article","og_title":"Declaraci\u00f3n de accesibilidad - El Palacio del Viento","og_description":"Declaraci\u00f3n de accesibilidad elpalaciodelviento.com se compromete a garantizar la accesibilidad de su sitio web de conformidad con la Directiva (UE) 2019\/882 (European Accessibility Act) y la normativa espa\u00f1ola de accesibilidad digital. Situaci\u00f3n de cumplimiento Este sitio web se encuentra en fase de revisi\u00f3n.Actualmente, no se han completado todos los tests de accesibilidad y se est\u00e1n [&hellip;]","og_url":"https:\/\/elpalaciodelviento.com\/fr\/declaration-daccessibilite\/","og_site_name":"El Palacio del Viento","article_modified_time":"2025-10-02T12:22:40+00:00","twitter_card":"summary_large_image","twitter_misc":{"Dur\u00e9e de lecture estim\u00e9e":"1 minute"},"schema":{"@context":"https:\/\/schema.org","@graph":[{"@type":"WebPage","@id":"https:\/\/elpalaciodelviento.com\/declaracion-de-accesibilidad\/","url":"https:\/\/elpalaciodelviento.com\/declaracion-de-accesibilidad\/","name":"Declaraci\u00f3n de accesibilidad - El Palacio del Viento","isPartOf":{"@id":"https:\/\/elpalaciodelviento.com\/#website"},"datePublished":"2025-10-02T12:19:52+00:00","dateModified":"2025-10-02T12:22:40+00:00","breadcrumb":{"@id":"https:\/\/elpalaciodelviento.com\/declaracion-de-accesibilidad\/#breadcrumb"},"inLanguage":"fr-FR","potentialAction":[{"@type":"ReadAction","target":["https:\/\/elpalaciodelviento.com\/declaracion-de-accesibilidad\/"]}]},{"@type":"BreadcrumbList","@id":"https:\/\/elpalaciodelviento.com\/declaracion-de-accesibilidad\/#breadcrumb","itemListElement":[{"@type":"ListItem","position":1,"name":"Home","item":"https:\/\/elpalaciodelviento.com\/"},{"@type":"ListItem","position":2,"name":"Declaraci\u00f3n de accesibilidad"}]},{"@type":"WebSite","@id":"https:\/\/elpalaciodelviento.com\/#website","url":"https:\/\/elpalaciodelviento.com\/","name":"El Palacio del Viento","description":"","publisher":{"@id":"https:\/\/elpalaciodelviento.com\/#organization"},"potentialAction":[{"@type":"SearchAction","target":{"@type":"EntryPoint","urlTemplate":"https:\/\/elpalaciodelviento.com\/?s={search_term_string}"},"query-input":{"@type":"PropertyValueSpecification","valueRequired":true,"valueName":"search_term_string"}}],"inLanguage":"fr-FR"},{"@type":"Organization","@id":"https:\/\/elpalaciodelviento.com\/#organization","name":"El Palacio del Viento","url":"https:\/\/elpalaciodelviento.com\/","logo":{"@type":"ImageObject","inLanguage":"fr-FR","@id":"https:\/\/elpalaciodelviento.com\/#\/schema\/logo\/image\/","url":"https:\/\/elpalaciodelviento.com\/wp-content\/uploads\/2024\/05\/cropped-color.png","contentUrl":"https:\/\/elpalaciodelviento.com\/wp-content\/uploads\/2024\/05\/cropped-color.png","width":512,"height":512,"caption":"El Palacio del Viento"},"image":{"@id":"https:\/\/elpalaciodelviento.com\/#\/schema\/logo\/image\/"}}]}},"_links":{"self":[{"href":"https:\/\/elpalaciodelviento.com\/fr\/wp-json\/wp\/v2\/pages\/1503","targetHints":{"allow":["GET"]}}],"collection":[{"href":"https:\/\/elpalaciodelviento.com\/fr\/wp-json\/wp\/v2\/pages"}],"about":[{"href":"https:\/\/elpalaciodelviento.com\/fr\/wp-json\/wp\/v2\/types\/page"}],"author":[{"embeddable":true,"href":"https:\/\/elpalaciodelviento.com\/fr\/wp-json\/wp\/v2\/users\/1"}],"replies":[{"embeddable":true,"href":"https:\/\/elpalaciodelviento.com\/fr\/wp-json\/wp\/v2\/comments?post=1503"}],"version-history":[{"count":7,"href":"https:\/\/elpalaciodelviento.com\/fr\/wp-json\/wp\/v2\/pages\/1503\/revisions"}],"predecessor-version":[{"id":1515,"href":"https:\/\/elpalaciodelviento.com\/fr\/wp-json\/wp\/v2\/pages\/1503\/revisions\/1515"}],"wp:attachment":[{"href":"https:\/\/elpalaciodelviento.com\/fr\/wp-json\/wp\/v2\/media?parent=1503"}],"curies":[{"name":"wp","href":"https:\/\/api.w.org\/{rel}","templated":true}]}}