{"id":1503,"date":"2025-10-02T12:19:52","date_gmt":"2025-10-02T12:19:52","guid":{"rendered":"https:\/\/elpalaciodelviento.com\/?page_id=1503"},"modified":"2025-10-02T12:22:40","modified_gmt":"2025-10-02T12:22:40","slug":"accessibility-statement","status":"publish","type":"page","link":"https:\/\/elpalaciodelviento.com\/en\/accessibility-statement\/","title":{"rendered":"Accessibility statement"},"content":{"rendered":"<div data-elementor-type=\"wp-page\" data-elementor-id=\"1503\" class=\"elementor elementor-1503\" data-elementor-post-type=\"page\">\n\t\t\t\t<div class=\"elementor-element elementor-element-71d77c62 e-flex e-con-boxed e-con e-parent\" data-id=\"71d77c62\" data-element_type=\"container\" data-e-type=\"container\" data-settings=\"{&quot;background_background&quot;:&quot;classic&quot;}\">\n\t\t\t\t\t<div class=\"e-con-inner\">\n\t\t<div class=\"elementor-element elementor-element-1e50653f e-con-full e-flex e-con e-child\" data-id=\"1e50653f\" data-element_type=\"container\" data-e-type=\"container\">\n\t\t\t\t<div class=\"elementor-element elementor-element-2a87682a elementor-invisible elementor-widget elementor-widget-heading\" data-id=\"2a87682a\" data-element_type=\"widget\" data-e-type=\"widget\" data-settings=\"{&quot;_animation&quot;:&quot;fadeIn&quot;}\" data-widget_type=\"heading.default\">\n\t\t\t\t<div class=\"elementor-widget-container\">\n\t\t\t\t\t<h2 class=\"elementor-heading-title elementor-size-default\">Accessibility statement\n<\/h2>\t\t\t\t<\/div>\n\t\t\t\t<\/div>\n\t\t\t\t<\/div>\n\t\t\t\t\t<\/div>\n\t\t\t\t<\/div>\n\t\t<div class=\"elementor-element elementor-element-d5c3e77 e-flex e-con-boxed e-con e-parent\" data-id=\"d5c3e77\" data-element_type=\"container\" data-e-type=\"container\">\n\t\t\t\t\t<div class=\"e-con-inner\">\n\t\t\t\t<div class=\"elementor-element elementor-element-bf0521d elementor-widget elementor-widget-text-editor\" data-id=\"bf0521d\" data-element_type=\"widget\" data-e-type=\"widget\" data-widget_type=\"text-editor.default\">\n\t\t\t\t<div class=\"elementor-widget-container\">\n\t\t\t\t\t\t\t\t\t<p><b>elpalaciodelviento.com<\/b><span style=\"font-weight: 400;\"> is committed to ensuring the accessibility of its website in accordance with Directive (EU) 2019\/882 (European Accessibility Act) and Spanish digital accessibility regulations.<\/span><\/p><h4><b>Compliance status<\/b><\/h4><p><span style=\"font-weight: 400;\">This website is located at <\/span><b>review phase<\/b><span style=\"font-weight: 400;\">.<\/span><span style=\"font-weight: 400;\"><br \/><\/span><span style=\"font-weight: 400;\">Currently, <\/span><b>not all accessibility tests have been completed<\/b><span style=\"font-weight: 400;\"> and adaptation work is being carried out to ensure compliance with accessibility requirements (WCAG 2.1 level AA, and soon WCAG 2.2).<\/span><\/p><p><span style=\"font-weight: 400;\">Full compliance is expected to be achieved upon completion of ongoing audits and technical corrections.<\/span><\/p><h4><b>Content not accessible<\/b><\/h4><p><span style=\"font-weight: 400;\">Since the tests are in progress, a definitive inventory of nonconforming items is not yet available.<\/span><span style=\"font-weight: 400;\"><br \/><\/span><span style=\"font-weight: 400;\">Areas under review include:<\/span><\/p><ul><li style=\"font-weight: 400;\" aria-level=\"1\"><span style=\"font-weight: 400;\">Textual alternatives in images and multimedia elements.<\/span><p>\u00a0<\/p><\/li><li style=\"font-weight: 400;\" aria-level=\"1\"><span style=\"font-weight: 400;\">Color contrasts and legibility.<\/span><p>\u00a0<\/p><\/li><li style=\"font-weight: 400;\" aria-level=\"1\"><span style=\"font-weight: 400;\">Accessible forms and interactions.<\/span><p>\u00a0<\/p><\/li><li style=\"font-weight: 400;\" aria-level=\"1\"><span style=\"font-weight: 400;\">PDF documents and other downloadable files.<\/span><p>\u00a0<\/p><\/li><\/ul><h4><b>Preparation of the declaration<\/b><\/h4><ul><li style=\"font-weight: 400;\" aria-level=\"1\"><span style=\"font-weight: 400;\">Statement published on: <\/span><b>01\/05\/2025<\/b><p>\u00a0<\/p><\/li><li style=\"font-weight: 400;\" aria-level=\"1\"><span style=\"font-weight: 400;\">Method: <\/span><b>ongoing external evaluation<\/b><span style=\"font-weight: 400;\"> by the specialized company <\/span><b>Accessibi.com<\/b><span style=\"font-weight: 400;\">.<\/span><p>\u00a0<\/p><\/li><li style=\"font-weight: 400;\" aria-level=\"1\"><span style=\"font-weight: 400;\">Last revision: <\/span><b>01\/05\/2025<\/b><p>\u00a0<\/p><\/li><\/ul><h4><b>Communication mechanism<\/b><\/h4><p><span style=\"font-weight: 400;\">You can report accessibility issues or make requests for accessible information through:<\/span><\/p><ul><li style=\"font-weight: 400;\" aria-level=\"1\"><b>E-mail address<\/b><span style=\"font-weight: 400;\">: <\/span><span style=\"font-weight: 400;\">office.elpalaciodelviento@gmail.com<\/span><\/li><\/ul>\t\t\t\t\t\t\t\t<\/div>\n\t\t\t\t<\/div>\n\t\t\t\t\t<\/div>\n\t\t\t\t<\/div>\n\t\t\t\t<\/div>","protected":false},"excerpt":{"rendered":"<p>Accessibility Statement elpalaciodelviento.com is committed to ensuring the accessibility of its website in accordance with Directive (EU) 2019\/882 (European Accessibility Act) and Spanish regulations on digital accessibility. Compliance status This website is currently under revision, not all accessibility tests have been completed and are being reviewed.<\/p>","protected":false},"author":1,"featured_media":0,"parent":0,"menu_order":0,"comment_status":"closed","ping_status":"closed","template":"elementor_header_footer","meta":{"footnotes":""},"class_list":["post-1503","page","type-page","status-publish","hentry"],"yoast_head":"<!-- This site is optimized with the Yoast SEO plugin v25.4 - https:\/\/yoast.com\/wordpress\/plugins\/seo\/ -->\n<title>Declaraci\u00f3n de accesibilidad - El Palacio del Viento<\/title>\n<meta name=\"robots\" content=\"index, follow, max-snippet:-1, max-image-preview:large, max-video-preview:-1\" \/>\n<link rel=\"canonical\" href=\"https:\/\/elpalaciodelviento.com\/en\/accessibility-statement\/\" \/>\n<meta property=\"og:locale\" content=\"en_US\" \/>\n<meta property=\"og:type\" content=\"article\" \/>\n<meta property=\"og:title\" content=\"Declaraci\u00f3n de accesibilidad - El Palacio del Viento\" \/>\n<meta property=\"og:description\" content=\"Declaraci\u00f3n de accesibilidad elpalaciodelviento.com se compromete a garantizar la accesibilidad de su sitio web de conformidad con la Directiva (UE) 2019\/882 (European Accessibility Act) y la normativa espa\u00f1ola de accesibilidad digital. Situaci\u00f3n de cumplimiento Este sitio web se encuentra en fase de revisi\u00f3n.Actualmente, no se han completado todos los tests de accesibilidad y se est\u00e1n [&hellip;]\" \/>\n<meta property=\"og:url\" content=\"https:\/\/elpalaciodelviento.com\/en\/accessibility-statement\/\" \/>\n<meta property=\"og:site_name\" content=\"El Palacio del Viento\" \/>\n<meta property=\"article:modified_time\" content=\"2025-10-02T12:22:40+00:00\" \/>\n<meta name=\"twitter:card\" content=\"summary_large_image\" \/>\n<meta name=\"twitter:label1\" content=\"Est. reading time\" \/>\n\t<meta name=\"twitter:data1\" content=\"1 minute\" \/>\n<script type=\"application\/ld+json\" class=\"yoast-schema-graph\">{\"@context\":\"https:\/\/schema.org\",\"@graph\":[{\"@type\":\"WebPage\",\"@id\":\"https:\/\/elpalaciodelviento.com\/declaracion-de-accesibilidad\/\",\"url\":\"https:\/\/elpalaciodelviento.com\/declaracion-de-accesibilidad\/\",\"name\":\"Declaraci\u00f3n de accesibilidad - El Palacio del Viento\",\"isPartOf\":{\"@id\":\"https:\/\/elpalaciodelviento.com\/#website\"},\"datePublished\":\"2025-10-02T12:19:52+00:00\",\"dateModified\":\"2025-10-02T12:22:40+00:00\",\"breadcrumb\":{\"@id\":\"https:\/\/elpalaciodelviento.com\/declaracion-de-accesibilidad\/#breadcrumb\"},\"inLanguage\":\"en-US\",\"potentialAction\":[{\"@type\":\"ReadAction\",\"target\":[\"https:\/\/elpalaciodelviento.com\/declaracion-de-accesibilidad\/\"]}]},{\"@type\":\"BreadcrumbList\",\"@id\":\"https:\/\/elpalaciodelviento.com\/declaracion-de-accesibilidad\/#breadcrumb\",\"itemListElement\":[{\"@type\":\"ListItem\",\"position\":1,\"name\":\"Home\",\"item\":\"https:\/\/elpalaciodelviento.com\/\"},{\"@type\":\"ListItem\",\"position\":2,\"name\":\"Declaraci\u00f3n de accesibilidad\"}]},{\"@type\":\"WebSite\",\"@id\":\"https:\/\/elpalaciodelviento.com\/#website\",\"url\":\"https:\/\/elpalaciodelviento.com\/\",\"name\":\"El Palacio del Viento\",\"description\":\"\",\"publisher\":{\"@id\":\"https:\/\/elpalaciodelviento.com\/#organization\"},\"potentialAction\":[{\"@type\":\"SearchAction\",\"target\":{\"@type\":\"EntryPoint\",\"urlTemplate\":\"https:\/\/elpalaciodelviento.com\/?s={search_term_string}\"},\"query-input\":{\"@type\":\"PropertyValueSpecification\",\"valueRequired\":true,\"valueName\":\"search_term_string\"}}],\"inLanguage\":\"en-US\"},{\"@type\":\"Organization\",\"@id\":\"https:\/\/elpalaciodelviento.com\/#organization\",\"name\":\"El Palacio del Viento\",\"url\":\"https:\/\/elpalaciodelviento.com\/\",\"logo\":{\"@type\":\"ImageObject\",\"inLanguage\":\"en-US\",\"@id\":\"https:\/\/elpalaciodelviento.com\/#\/schema\/logo\/image\/\",\"url\":\"https:\/\/elpalaciodelviento.com\/wp-content\/uploads\/2024\/05\/cropped-color.png\",\"contentUrl\":\"https:\/\/elpalaciodelviento.com\/wp-content\/uploads\/2024\/05\/cropped-color.png\",\"width\":512,\"height\":512,\"caption\":\"El Palacio del Viento\"},\"image\":{\"@id\":\"https:\/\/elpalaciodelviento.com\/#\/schema\/logo\/image\/\"}}]}<\/script>\n<!-- \/ Yoast SEO plugin. -->","yoast_head_json":{"title":"Declaraci\u00f3n de accesibilidad - El Palacio del Viento","robots":{"index":"index","follow":"follow","max-snippet":"max-snippet:-1","max-image-preview":"max-image-preview:large","max-video-preview":"max-video-preview:-1"},"canonical":"https:\/\/elpalaciodelviento.com\/en\/accessibility-statement\/","og_locale":"en_US","og_type":"article","og_title":"Declaraci\u00f3n de accesibilidad - El Palacio del Viento","og_description":"Declaraci\u00f3n de accesibilidad elpalaciodelviento.com se compromete a garantizar la accesibilidad de su sitio web de conformidad con la Directiva (UE) 2019\/882 (European Accessibility Act) y la normativa espa\u00f1ola de accesibilidad digital. Situaci\u00f3n de cumplimiento Este sitio web se encuentra en fase de revisi\u00f3n.Actualmente, no se han completado todos los tests de accesibilidad y se est\u00e1n [&hellip;]","og_url":"https:\/\/elpalaciodelviento.com\/en\/accessibility-statement\/","og_site_name":"El Palacio del Viento","article_modified_time":"2025-10-02T12:22:40+00:00","twitter_card":"summary_large_image","twitter_misc":{"Est. reading time":"1 minute"},"schema":{"@context":"https:\/\/schema.org","@graph":[{"@type":"WebPage","@id":"https:\/\/elpalaciodelviento.com\/declaracion-de-accesibilidad\/","url":"https:\/\/elpalaciodelviento.com\/declaracion-de-accesibilidad\/","name":"Declaraci\u00f3n de accesibilidad - El Palacio del Viento","isPartOf":{"@id":"https:\/\/elpalaciodelviento.com\/#website"},"datePublished":"2025-10-02T12:19:52+00:00","dateModified":"2025-10-02T12:22:40+00:00","breadcrumb":{"@id":"https:\/\/elpalaciodelviento.com\/declaracion-de-accesibilidad\/#breadcrumb"},"inLanguage":"en-US","potentialAction":[{"@type":"ReadAction","target":["https:\/\/elpalaciodelviento.com\/declaracion-de-accesibilidad\/"]}]},{"@type":"BreadcrumbList","@id":"https:\/\/elpalaciodelviento.com\/declaracion-de-accesibilidad\/#breadcrumb","itemListElement":[{"@type":"ListItem","position":1,"name":"Home","item":"https:\/\/elpalaciodelviento.com\/"},{"@type":"ListItem","position":2,"name":"Declaraci\u00f3n de accesibilidad"}]},{"@type":"WebSite","@id":"https:\/\/elpalaciodelviento.com\/#website","url":"https:\/\/elpalaciodelviento.com\/","name":"El Palacio del Viento","description":"","publisher":{"@id":"https:\/\/elpalaciodelviento.com\/#organization"},"potentialAction":[{"@type":"SearchAction","target":{"@type":"EntryPoint","urlTemplate":"https:\/\/elpalaciodelviento.com\/?s={search_term_string}"},"query-input":{"@type":"PropertyValueSpecification","valueRequired":true,"valueName":"search_term_string"}}],"inLanguage":"en-US"},{"@type":"Organization","@id":"https:\/\/elpalaciodelviento.com\/#organization","name":"El Palacio del Viento","url":"https:\/\/elpalaciodelviento.com\/","logo":{"@type":"ImageObject","inLanguage":"en-US","@id":"https:\/\/elpalaciodelviento.com\/#\/schema\/logo\/image\/","url":"https:\/\/elpalaciodelviento.com\/wp-content\/uploads\/2024\/05\/cropped-color.png","contentUrl":"https:\/\/elpalaciodelviento.com\/wp-content\/uploads\/2024\/05\/cropped-color.png","width":512,"height":512,"caption":"El Palacio del Viento"},"image":{"@id":"https:\/\/elpalaciodelviento.com\/#\/schema\/logo\/image\/"}}]}},"_links":{"self":[{"href":"https:\/\/elpalaciodelviento.com\/en\/wp-json\/wp\/v2\/pages\/1503","targetHints":{"allow":["GET"]}}],"collection":[{"href":"https:\/\/elpalaciodelviento.com\/en\/wp-json\/wp\/v2\/pages"}],"about":[{"href":"https:\/\/elpalaciodelviento.com\/en\/wp-json\/wp\/v2\/types\/page"}],"author":[{"embeddable":true,"href":"https:\/\/elpalaciodelviento.com\/en\/wp-json\/wp\/v2\/users\/1"}],"replies":[{"embeddable":true,"href":"https:\/\/elpalaciodelviento.com\/en\/wp-json\/wp\/v2\/comments?post=1503"}],"version-history":[{"count":7,"href":"https:\/\/elpalaciodelviento.com\/en\/wp-json\/wp\/v2\/pages\/1503\/revisions"}],"predecessor-version":[{"id":1515,"href":"https:\/\/elpalaciodelviento.com\/en\/wp-json\/wp\/v2\/pages\/1503\/revisions\/1515"}],"wp:attachment":[{"href":"https:\/\/elpalaciodelviento.com\/en\/wp-json\/wp\/v2\/media?parent=1503"}],"curies":[{"name":"wp","href":"https:\/\/api.w.org\/{rel}","templated":true}]}}