{"id":185,"date":"2024-05-12T23:32:11","date_gmt":"2024-05-12T23:32:11","guid":{"rendered":"https:\/\/sitoweb.biz\/elpalaciodelviento.com\/?page_id=185"},"modified":"2025-10-02T12:16:04","modified_gmt":"2025-10-02T12:16:04","slug":"jetzt-buchen","status":"publish","type":"page","link":"https:\/\/elpalaciodelviento.com\/de\/jetzt-buchen\/","title":{"rendered":"Jetzt buchen"},"content":{"rendered":"<div data-elementor-type=\"wp-page\" data-elementor-id=\"185\" class=\"elementor elementor-185\" data-elementor-post-type=\"page\">\n\t\t\t\t<div class=\"elementor-element elementor-element-7458902a e-flex e-con-boxed e-con e-parent\" data-id=\"7458902a\" data-element_type=\"container\" data-e-type=\"container\" data-settings=\"{&quot;background_background&quot;:&quot;classic&quot;}\">\n\t\t\t\t\t<div class=\"e-con-inner\">\n\t\t<div class=\"elementor-element elementor-element-73dd7e57 e-con-full e-flex e-con e-child\" data-id=\"73dd7e57\" data-element_type=\"container\" data-e-type=\"container\">\n\t\t\t\t<div class=\"elementor-element elementor-element-56841de7 elementor-invisible elementor-widget elementor-widget-heading\" data-id=\"56841de7\" data-element_type=\"widget\" data-e-type=\"widget\" data-settings=\"{&quot;_animation&quot;:&quot;fadeIn&quot;}\" data-widget_type=\"heading.default\">\n\t\t\t\t<div class=\"elementor-widget-container\">\n\t\t\t\t\t<h2 class=\"elementor-heading-title elementor-size-default\">Jetzt buchen<\/h2>\t\t\t\t<\/div>\n\t\t\t\t<\/div>\n\t\t\t\t<div class=\"elementor-element elementor-element-4ee9de4b elementor-widget__width-initial elementor-widget-mobile__width-inherit elementor-invisible elementor-widget elementor-widget-text-editor\" data-id=\"4ee9de4b\" data-element_type=\"widget\" data-e-type=\"widget\" data-settings=\"{&quot;_animation&quot;:&quot;fadeIn&quot;,&quot;_animation_delay&quot;:&quot;200&quot;}\" data-widget_type=\"text-editor.default\">\n\t\t\t\t<div class=\"elementor-widget-container\">\n\t\t\t\t\t\t\t\t\t<p>Willkommen auf unserer Buchungsseite, auf der Sie ganz einfach Ihre Reservierungen vornehmen k\u00f6nnen. Egal, ob Sie einen Kurzurlaub, eine besondere Veranstaltung oder eine andere Gelegenheit planen, unser Buchungssystem ist so konzipiert, dass es den Prozess vereinfacht. W\u00e4hlen Sie die gew\u00fcnschten Daten aus, w\u00e4hlen Sie aus unseren verf\u00fcgbaren Optionen.<\/p>\t\t\t\t\t\t\t\t<\/div>\n\t\t\t\t<\/div>\n\t\t\t\t<\/div>\n\t\t\t\t\t<\/div>\n\t\t\t\t<\/div>\n\t\t<div class=\"elementor-element elementor-element-369ef6bc e-flex e-con-boxed e-con e-parent\" data-id=\"369ef6bc\" data-element_type=\"container\" data-e-type=\"container\">\n\t\t\t\t\t<div class=\"e-con-inner\">\n\t\t<div class=\"elementor-element elementor-element-3208e34b e-con-full e-flex elementor-invisible e-con e-child\" data-id=\"3208e34b\" data-element_type=\"container\" data-e-type=\"container\" data-settings=\"{&quot;background_background&quot;:&quot;classic&quot;,&quot;animation&quot;:&quot;fadeIn&quot;}\">\n\t\t\t\t<div class=\"elementor-element elementor-element-7bc7994 elementor-widget elementor-widget-heading\" data-id=\"7bc7994\" data-element_type=\"widget\" data-e-type=\"widget\" data-widget_type=\"heading.default\">\n\t\t\t\t<div class=\"elementor-widget-container\">\n\t\t\t\t\t<h2 class=\"elementor-heading-title elementor-size-default\">Jetzt buchen<\/h2>\t\t\t\t<\/div>\n\t\t\t\t<\/div>\n\t\t\t\t<div class=\"elementor-element elementor-element-fc2767d elementor-widget-tablet__width-inherit elementor-invisible elementor-widget elementor-widget-heading\" data-id=\"fc2767d\" data-element_type=\"widget\" data-e-type=\"widget\" data-settings=\"{&quot;_animation&quot;:&quot;fadeIn&quot;}\" data-widget_type=\"heading.default\">\n\t\t\t\t<div class=\"elementor-widget-container\">\n\t\t\t\t\t<p class=\"elementor-heading-title elementor-size-default\">Spezial f\u00fcr Alleinreisende<\/p>\t\t\t\t<\/div>\n\t\t\t\t<\/div>\n\t\t\t\t<div class=\"elementor-element elementor-element-0ee4805 elementor-widget-tablet__width-initial elementor-widget-mobile__width-initial elementor-invisible elementor-widget elementor-widget-jkit_heading\" data-id=\"0ee4805\" data-element_type=\"widget\" data-e-type=\"widget\" data-settings=\"{&quot;_animation&quot;:&quot;fadeIn&quot;,&quot;_animation_delay&quot;:&quot;200&quot;}\" data-widget_type=\"jkit_heading.default\">\n\t\t\t\t<div class=\"elementor-widget-container\">\n\t\t\t\t\t<div  class=\"jeg-elementor-kit jkit-heading  align-center align-tablet-center align-mobile- jeg_module___69fb39bf733e5\" ><div class=\"heading-section-title  display-inline-block\"><h2 class=\"heading-title\">Genie\u00dfen Sie eine  <span class=\"style-color\"><span>10% <\/span><\/span> Rabatt!<\/h2><\/div><\/div>\t\t\t\t<\/div>\n\t\t\t\t<\/div>\n\t\t\t\t<div class=\"elementor-element elementor-element-1eb3dae elementor-widget-tablet__width-initial elementor-invisible elementor-widget elementor-widget-text-editor\" data-id=\"1eb3dae\" data-element_type=\"widget\" data-e-type=\"widget\" data-settings=\"{&quot;_animation&quot;:&quot;fadeIn&quot;,&quot;_animation_delay&quot;:&quot;400&quot;}\" data-widget_type=\"text-editor.default\">\n\t\t\t\t<div class=\"elementor-widget-container\">\n\t\t\t\t\t\t\t\t\t<p>Geben Sie den Code \"SINGLE10\" in das Feld f\u00fcr den Aktionscode ein.<\/p>\t\t\t\t\t\t\t\t<\/div>\n\t\t\t\t<\/div>\n\t\t\t\t<div class=\"elementor-element elementor-element-57a9a46 elementor-widget elementor-widget-html\" data-id=\"57a9a46\" data-element_type=\"widget\" data-e-type=\"widget\" data-widget_type=\"html.default\">\n\t\t\t\t<div class=\"elementor-widget-container\">\n\t\t\t\t\t<div id=\"apartmentIframeAll\">\n<script type=\"text\/javascript\" src=\"https:\/\/login.smoobu.com\/js\/Settings\/BookingToolIframe.js\"><\/script>\n<script>BookingToolIframe.initialize({\"url\": \"https:\/\/login.smoobu.com\/es\/booking-tool\/iframe\/803716\", \"baseUrl\": \"https:\/\/login.smoobu.com\", \"target\": \"#apartmentIframeAll\"})<\/script>\n<\/div>\n\t\t\t\t<\/div>\n\t\t\t\t<\/div>\n\t\t\t\t<\/div>\n\t\t\t\t\t<\/div>\n\t\t\t\t<\/div>\n\t\t<div class=\"elementor-element elementor-element-4490b515 e-con-full jkit-sticky-element--enabled e-flex jkit-sticky-element-on--down jkit-sticky-position--sticky e-con e-parent\" data-id=\"4490b515\" data-element_type=\"container\" data-e-type=\"container\" data-settings=\"{&quot;background_background&quot;:&quot;classic&quot;,&quot;jkit_sticky_top_position&quot;:{&quot;unit&quot;:&quot;px&quot;,&quot;size&quot;:&quot;&quot;,&quot;sizes&quot;:[]},&quot;jkit_sticky_device&quot;:&quot;desktop&quot;}\">\n\t\t\t\t<\/div>\n\t\t\t\t<\/div>","protected":false},"excerpt":{"rendered":"<p>Jetzt buchen Willkommen auf unserer Buchungsseite, auf der Sie ganz einfach Ihre Reservierungen vornehmen k\u00f6nnen. Egal, ob Sie einen Kurzurlaub, eine besondere Veranstaltung oder einen anderen Anlass planen, unser Buchungssystem ist so konzipiert, dass es den Prozess vereinfacht. W\u00e4hlen Sie die gew\u00fcnschten Daten aus und w\u00e4hlen Sie aus unseren verf\u00fcgbaren Optionen. Jetzt buchen Besondere Alleinreisende Genie\u00dfen Sie Ihre [...]<\/p>","protected":false},"author":1,"featured_media":1165,"parent":0,"menu_order":0,"comment_status":"closed","ping_status":"closed","template":"elementor_header_footer","meta":{"footnotes":""},"class_list":["post-185","page","type-page","status-publish","has-post-thumbnail","hentry"],"yoast_head":"<!-- This site is optimized with the Yoast SEO plugin v25.4 - https:\/\/yoast.com\/wordpress\/plugins\/seo\/ -->\n<title>Reserva Ahora - El Palacio del Viento<\/title>\n<meta name=\"description\" content=\"Reserva tu estancia en El Palacio del Viento, Tarifa. Asegura tu lugar con nuestras c\u00f3modas opciones de reserva en l\u00ednea.\" \/>\n<meta name=\"robots\" content=\"index, follow, max-snippet:-1, max-image-preview:large, max-video-preview:-1\" \/>\n<link rel=\"canonical\" href=\"https:\/\/elpalaciodelviento.com\/de\/jetzt-buchen\/\" \/>\n<meta property=\"og:locale\" content=\"de_DE\" \/>\n<meta property=\"og:type\" content=\"article\" \/>\n<meta property=\"og:title\" content=\"Reserva Ahora - El Palacio del Viento\" \/>\n<meta property=\"og:description\" content=\"Reserva tu estancia en El Palacio del Viento, Tarifa. Asegura tu lugar con nuestras c\u00f3modas opciones de reserva en l\u00ednea.\" \/>\n<meta property=\"og:url\" content=\"https:\/\/elpalaciodelviento.com\/de\/jetzt-buchen\/\" \/>\n<meta property=\"og:site_name\" content=\"El Palacio del Viento\" \/>\n<meta property=\"article:modified_time\" content=\"2025-10-02T12:16:04+00:00\" \/>\n<meta property=\"og:image\" content=\"https:\/\/elpalaciodelviento.com\/wp-content\/uploads\/2024\/07\/palacio-82-1-scaled.jpg\" \/>\n\t<meta property=\"og:image:width\" content=\"1706\" \/>\n\t<meta property=\"og:image:height\" content=\"2560\" \/>\n\t<meta property=\"og:image:type\" content=\"image\/jpeg\" \/>\n<meta name=\"twitter:card\" content=\"summary_large_image\" \/>\n<meta name=\"twitter:label1\" content=\"Gesch\u00e4tzte Lesezeit\" \/>\n\t<meta name=\"twitter:data1\" content=\"1\u00a0Minute\" \/>\n<script type=\"application\/ld+json\" class=\"yoast-schema-graph\">{\"@context\":\"https:\/\/schema.org\",\"@graph\":[{\"@type\":\"WebPage\",\"@id\":\"https:\/\/elpalaciodelviento.com\/reserva-ahora\/\",\"url\":\"https:\/\/elpalaciodelviento.com\/reserva-ahora\/\",\"name\":\"Reserva Ahora - El Palacio del Viento\",\"isPartOf\":{\"@id\":\"https:\/\/elpalaciodelviento.com\/#website\"},\"primaryImageOfPage\":{\"@id\":\"https:\/\/elpalaciodelviento.com\/reserva-ahora\/#primaryimage\"},\"image\":{\"@id\":\"https:\/\/elpalaciodelviento.com\/reserva-ahora\/#primaryimage\"},\"thumbnailUrl\":\"https:\/\/elpalaciodelviento.com\/wp-content\/uploads\/2024\/07\/palacio-82-1-scaled.jpg\",\"datePublished\":\"2024-05-12T23:32:11+00:00\",\"dateModified\":\"2025-10-02T12:16:04+00:00\",\"description\":\"Reserva tu estancia en El Palacio del Viento, Tarifa. Asegura tu lugar con nuestras c\u00f3modas opciones de reserva en l\u00ednea.\",\"breadcrumb\":{\"@id\":\"https:\/\/elpalaciodelviento.com\/reserva-ahora\/#breadcrumb\"},\"inLanguage\":\"de\",\"potentialAction\":[{\"@type\":\"ReadAction\",\"target\":[\"https:\/\/elpalaciodelviento.com\/reserva-ahora\/\"]}]},{\"@type\":\"ImageObject\",\"inLanguage\":\"de\",\"@id\":\"https:\/\/elpalaciodelviento.com\/reserva-ahora\/#primaryimage\",\"url\":\"https:\/\/elpalaciodelviento.com\/wp-content\/uploads\/2024\/07\/palacio-82-1-scaled.jpg\",\"contentUrl\":\"https:\/\/elpalaciodelviento.com\/wp-content\/uploads\/2024\/07\/palacio-82-1-scaled.jpg\",\"width\":1706,\"height\":2560},{\"@type\":\"BreadcrumbList\",\"@id\":\"https:\/\/elpalaciodelviento.com\/reserva-ahora\/#breadcrumb\",\"itemListElement\":[{\"@type\":\"ListItem\",\"position\":1,\"name\":\"Home\",\"item\":\"https:\/\/elpalaciodelviento.com\/\"},{\"@type\":\"ListItem\",\"position\":2,\"name\":\"Reserva Ahora\"}]},{\"@type\":\"WebSite\",\"@id\":\"https:\/\/elpalaciodelviento.com\/#website\",\"url\":\"https:\/\/elpalaciodelviento.com\/\",\"name\":\"El Palacio del Viento\",\"description\":\"\",\"publisher\":{\"@id\":\"https:\/\/elpalaciodelviento.com\/#organization\"},\"potentialAction\":[{\"@type\":\"SearchAction\",\"target\":{\"@type\":\"EntryPoint\",\"urlTemplate\":\"https:\/\/elpalaciodelviento.com\/?s={search_term_string}\"},\"query-input\":{\"@type\":\"PropertyValueSpecification\",\"valueRequired\":true,\"valueName\":\"search_term_string\"}}],\"inLanguage\":\"de\"},{\"@type\":\"Organization\",\"@id\":\"https:\/\/elpalaciodelviento.com\/#organization\",\"name\":\"El Palacio del Viento\",\"url\":\"https:\/\/elpalaciodelviento.com\/\",\"logo\":{\"@type\":\"ImageObject\",\"inLanguage\":\"de\",\"@id\":\"https:\/\/elpalaciodelviento.com\/#\/schema\/logo\/image\/\",\"url\":\"https:\/\/elpalaciodelviento.com\/wp-content\/uploads\/2024\/05\/cropped-color.png\",\"contentUrl\":\"https:\/\/elpalaciodelviento.com\/wp-content\/uploads\/2024\/05\/cropped-color.png\",\"width\":512,\"height\":512,\"caption\":\"El Palacio del Viento\"},\"image\":{\"@id\":\"https:\/\/elpalaciodelviento.com\/#\/schema\/logo\/image\/\"}}]}<\/script>\n<!-- \/ Yoast SEO plugin. -->","yoast_head_json":{"title":"Reserva Ahora - El Palacio del Viento","description":"Reserva tu estancia en El Palacio del Viento, Tarifa. Asegura tu lugar con nuestras c\u00f3modas opciones de reserva en l\u00ednea.","robots":{"index":"index","follow":"follow","max-snippet":"max-snippet:-1","max-image-preview":"max-image-preview:large","max-video-preview":"max-video-preview:-1"},"canonical":"https:\/\/elpalaciodelviento.com\/de\/jetzt-buchen\/","og_locale":"de_DE","og_type":"article","og_title":"Reserva Ahora - El Palacio del Viento","og_description":"Reserva tu estancia en El Palacio del Viento, Tarifa. Asegura tu lugar con nuestras c\u00f3modas opciones de reserva en l\u00ednea.","og_url":"https:\/\/elpalaciodelviento.com\/de\/jetzt-buchen\/","og_site_name":"El Palacio del Viento","article_modified_time":"2025-10-02T12:16:04+00:00","og_image":[{"width":1706,"height":2560,"url":"https:\/\/elpalaciodelviento.com\/wp-content\/uploads\/2024\/07\/palacio-82-1-scaled.jpg","type":"image\/jpeg"}],"twitter_card":"summary_large_image","twitter_misc":{"Gesch\u00e4tzte Lesezeit":"1\u00a0Minute"},"schema":{"@context":"https:\/\/schema.org","@graph":[{"@type":"WebPage","@id":"https:\/\/elpalaciodelviento.com\/reserva-ahora\/","url":"https:\/\/elpalaciodelviento.com\/reserva-ahora\/","name":"Reserva Ahora - El Palacio del Viento","isPartOf":{"@id":"https:\/\/elpalaciodelviento.com\/#website"},"primaryImageOfPage":{"@id":"https:\/\/elpalaciodelviento.com\/reserva-ahora\/#primaryimage"},"image":{"@id":"https:\/\/elpalaciodelviento.com\/reserva-ahora\/#primaryimage"},"thumbnailUrl":"https:\/\/elpalaciodelviento.com\/wp-content\/uploads\/2024\/07\/palacio-82-1-scaled.jpg","datePublished":"2024-05-12T23:32:11+00:00","dateModified":"2025-10-02T12:16:04+00:00","description":"Reserva tu estancia en El Palacio del Viento, Tarifa. Asegura tu lugar con nuestras c\u00f3modas opciones de reserva en l\u00ednea.","breadcrumb":{"@id":"https:\/\/elpalaciodelviento.com\/reserva-ahora\/#breadcrumb"},"inLanguage":"de","potentialAction":[{"@type":"ReadAction","target":["https:\/\/elpalaciodelviento.com\/reserva-ahora\/"]}]},{"@type":"ImageObject","inLanguage":"de","@id":"https:\/\/elpalaciodelviento.com\/reserva-ahora\/#primaryimage","url":"https:\/\/elpalaciodelviento.com\/wp-content\/uploads\/2024\/07\/palacio-82-1-scaled.jpg","contentUrl":"https:\/\/elpalaciodelviento.com\/wp-content\/uploads\/2024\/07\/palacio-82-1-scaled.jpg","width":1706,"height":2560},{"@type":"BreadcrumbList","@id":"https:\/\/elpalaciodelviento.com\/reserva-ahora\/#breadcrumb","itemListElement":[{"@type":"ListItem","position":1,"name":"Home","item":"https:\/\/elpalaciodelviento.com\/"},{"@type":"ListItem","position":2,"name":"Reserva Ahora"}]},{"@type":"WebSite","@id":"https:\/\/elpalaciodelviento.com\/#website","url":"https:\/\/elpalaciodelviento.com\/","name":"El Palacio del Viento","description":"","publisher":{"@id":"https:\/\/elpalaciodelviento.com\/#organization"},"potentialAction":[{"@type":"SearchAction","target":{"@type":"EntryPoint","urlTemplate":"https:\/\/elpalaciodelviento.com\/?s={search_term_string}"},"query-input":{"@type":"PropertyValueSpecification","valueRequired":true,"valueName":"search_term_string"}}],"inLanguage":"de"},{"@type":"Organization","@id":"https:\/\/elpalaciodelviento.com\/#organization","name":"El Palacio del Viento","url":"https:\/\/elpalaciodelviento.com\/","logo":{"@type":"ImageObject","inLanguage":"de","@id":"https:\/\/elpalaciodelviento.com\/#\/schema\/logo\/image\/","url":"https:\/\/elpalaciodelviento.com\/wp-content\/uploads\/2024\/05\/cropped-color.png","contentUrl":"https:\/\/elpalaciodelviento.com\/wp-content\/uploads\/2024\/05\/cropped-color.png","width":512,"height":512,"caption":"El Palacio del Viento"},"image":{"@id":"https:\/\/elpalaciodelviento.com\/#\/schema\/logo\/image\/"}}]}},"_links":{"self":[{"href":"https:\/\/elpalaciodelviento.com\/de\/wp-json\/wp\/v2\/pages\/185","targetHints":{"allow":["GET"]}}],"collection":[{"href":"https:\/\/elpalaciodelviento.com\/de\/wp-json\/wp\/v2\/pages"}],"about":[{"href":"https:\/\/elpalaciodelviento.com\/de\/wp-json\/wp\/v2\/types\/page"}],"author":[{"embeddable":true,"href":"https:\/\/elpalaciodelviento.com\/de\/wp-json\/wp\/v2\/users\/1"}],"replies":[{"embeddable":true,"href":"https:\/\/elpalaciodelviento.com\/de\/wp-json\/wp\/v2\/comments?post=185"}],"version-history":[{"count":68,"href":"https:\/\/elpalaciodelviento.com\/de\/wp-json\/wp\/v2\/pages\/185\/revisions"}],"predecessor-version":[{"id":1501,"href":"https:\/\/elpalaciodelviento.com\/de\/wp-json\/wp\/v2\/pages\/185\/revisions\/1501"}],"wp:featuredmedia":[{"embeddable":true,"href":"https:\/\/elpalaciodelviento.com\/de\/wp-json\/wp\/v2\/media\/1165"}],"wp:attachment":[{"href":"https:\/\/elpalaciodelviento.com\/de\/wp-json\/wp\/v2\/media?parent=185"}],"curies":[{"name":"wp","href":"https:\/\/api.w.org\/{rel}","templated":true}]}}