{"id":164,"date":"2024-05-12T23:30:16","date_gmt":"2024-05-12T23:30:16","guid":{"rendered":"https:\/\/sitoweb.biz\/elpalaciodelviento.com\/?page_id=164"},"modified":"2024-07-30T11:52:53","modified_gmt":"2024-07-30T11:52:53","slug":"kontakt","status":"publish","type":"page","link":"https:\/\/elpalaciodelviento.com\/de\/kontakt\/","title":{"rendered":"Kontakt"},"content":{"rendered":"<div data-elementor-type=\"wp-page\" data-elementor-id=\"164\" class=\"elementor elementor-164\" data-elementor-post-type=\"page\">\n\t\t\t\t<div class=\"elementor-element elementor-element-777f0c81 e-flex e-con-boxed e-con e-parent\" data-id=\"777f0c81\" data-element_type=\"container\" data-e-type=\"container\" data-settings=\"{&quot;background_background&quot;:&quot;classic&quot;}\">\n\t\t\t\t\t<div class=\"e-con-inner\">\n\t\t<div class=\"elementor-element elementor-element-65127a01 e-con-full e-flex e-con e-child\" data-id=\"65127a01\" data-element_type=\"container\" data-e-type=\"container\">\n\t\t\t\t<div class=\"elementor-element elementor-element-4d2bcc41 elementor-invisible elementor-widget elementor-widget-heading\" data-id=\"4d2bcc41\" data-element_type=\"widget\" data-e-type=\"widget\" data-settings=\"{&quot;_animation&quot;:&quot;fadeIn&quot;}\" data-widget_type=\"heading.default\">\n\t\t\t\t<div class=\"elementor-widget-container\">\n\t\t\t\t\t<h2 class=\"elementor-heading-title elementor-size-default\">Kontakt<\/h2>\t\t\t\t<\/div>\n\t\t\t\t<\/div>\n\t\t\t\t<div class=\"elementor-element elementor-element-25a69928 elementor-widget__width-initial elementor-widget-mobile__width-inherit elementor-invisible elementor-widget elementor-widget-text-editor\" data-id=\"25a69928\" data-element_type=\"widget\" data-e-type=\"widget\" data-settings=\"{&quot;_animation&quot;:&quot;fadeIn&quot;,&quot;_animation_delay&quot;:&quot;200&quot;}\" data-widget_type=\"text-editor.default\">\n\t\t\t\t<div class=\"elementor-widget-container\">\n\t\t\t\t\t\t\t\t\t<p>Bitte verwenden Sie das nachstehende Kontaktformular, um uns Ihre Fragen, Kommentare oder Sonderw\u00fcnsche zu \u00fcbermitteln. Wir werden unser Bestes tun, um Ihnen so schnell wie m\u00f6glich zu antworten. Wenn Sie es vorziehen, direkt mit uns zu kommunizieren, finden Sie unten auch unsere Kontaktdaten.<\/p>\t\t\t\t\t\t\t\t<\/div>\n\t\t\t\t<\/div>\n\t\t\t\t<\/div>\n\t\t\t\t\t<\/div>\n\t\t\t\t<\/div>\n\t\t<div class=\"elementor-element elementor-element-44b6bc04 e-flex e-con-boxed e-con e-child\" data-id=\"44b6bc04\" data-element_type=\"container\" data-e-type=\"container\">\n\t\t\t\t\t<div class=\"e-con-inner\">\n\t\t<div class=\"elementor-element elementor-element-418e3eae e-con-full e-flex e-con e-child\" data-id=\"418e3eae\" data-element_type=\"container\" data-e-type=\"container\">\n\t\t\t\t<div class=\"elementor-element elementor-element-4492df2d elementor-widget__width-initial elementor-widget-tablet__width-initial elementor-invisible elementor-widget elementor-widget-heading\" data-id=\"4492df2d\" data-element_type=\"widget\" data-e-type=\"widget\" data-settings=\"{&quot;_animation&quot;:&quot;fadeIn&quot;}\" data-widget_type=\"heading.default\">\n\t\t\t\t<div class=\"elementor-widget-container\">\n\t\t\t\t\t<h2 class=\"elementor-heading-title elementor-size-default\">Kontakt zu unserem Team<\/h2>\t\t\t\t<\/div>\n\t\t\t\t<\/div>\n\t\t\t\t<div class=\"elementor-element elementor-element-53174685 elementor-widget-tablet__width-initial elementor-widget__width-initial elementor-widget-mobile__width-inherit elementor-invisible elementor-widget elementor-widget-text-editor\" data-id=\"53174685\" data-element_type=\"widget\" data-e-type=\"widget\" data-settings=\"{&quot;_animation&quot;:&quot;fadeIn&quot;,&quot;_animation_delay&quot;:&quot;200&quot;}\" data-widget_type=\"text-editor.default\">\n\t\t\t\t<div class=\"elementor-widget-container\">\n\t\t\t\t\t\t\t\t\t<p>Wir sind f\u00fcr Sie da, um Ihnen bei allen Fragen und W\u00fcnschen zu helfen. Rufen Sie uns einfach an, schicken Sie uns eine E-Mail oder besuchen Sie uns vor Ort. Unser freundliches und professionelles Team ist bereit, Sie zu unterst\u00fctzen und Ihren Aufenthalt im El Palacio del Viento unvergesslich zu machen.<\/p>\t\t\t\t\t\t\t\t<\/div>\n\t\t\t\t<\/div>\n\t\t<div class=\"elementor-element elementor-element-7ee59256 e-con-full e-flex e-con e-child\" data-id=\"7ee59256\" data-element_type=\"container\" data-e-type=\"container\">\n\t\t\t\t<div class=\"elementor-element elementor-element-4b078aec elementor-widget-tablet__width-initial elementor-widget__width-initial jkit-equal-height-disable elementor-invisible elementor-widget elementor-widget-jkit_icon_box\" data-id=\"4b078aec\" data-element_type=\"widget\" data-e-type=\"widget\" data-settings=\"{&quot;_animation&quot;:&quot;fadeIn&quot;,&quot;_animation_delay&quot;:&quot;400&quot;}\" data-widget_type=\"jkit_icon_box.default\">\n\t\t\t\t<div class=\"elementor-widget-container\">\n\t\t\t\t\t<div  class=\"jeg-elementor-kit jkit-icon-box icon-position-left elementor-animation- jeg_module___69d6e51fe4282\" ><div class=\"jkit-icon-box-wrapper hover-from-left\"><div class=\"icon-box icon-box-header elementor-animation-\"><div class=\"icon style-color\"><img decoding=\"async\" width=\"158\" height=\"160\" src=\"https:\/\/elpalaciodelviento.com\/wp-content\/uploads\/2024\/05\/icon-features-parking-3.png\" class=\"attachment-full size-full\" alt=\"\" url=\"https:\/\/elpalaciodelviento.com\/wp-content\/uploads\/2024\/05\/icon-features-parking-3.png\" \/><\/div><\/div><div class=\"icon-box icon-box-body\">\n                <p class=\"icon-box-description\">C. Jerez, 18, 11380 Tarifa, C\u00e1diz, Spanien<\/p>\n            <\/div>\n            \n            <\/div><\/div>\t\t\t\t<\/div>\n\t\t\t\t<\/div>\n\t\t\t\t<div class=\"elementor-element elementor-element-705c743e elementor-widget-tablet__width-initial elementor-widget__width-initial jkit-equal-height-disable elementor-invisible elementor-widget elementor-widget-jkit_icon_box\" data-id=\"705c743e\" data-element_type=\"widget\" data-e-type=\"widget\" data-settings=\"{&quot;_animation&quot;:&quot;fadeIn&quot;,&quot;_animation_delay&quot;:&quot;600&quot;}\" data-widget_type=\"jkit_icon_box.default\">\n\t\t\t\t<div class=\"elementor-widget-container\">\n\t\t\t\t\t<div  class=\"jeg-elementor-kit jkit-icon-box icon-position-left elementor-animation- jeg_module__1_69d6e51fe52bb\" ><div class=\"jkit-icon-box-wrapper hover-from-left\"><div class=\"icon-box icon-box-header elementor-animation-\"><div class=\"icon style-color\"><img decoding=\"async\" width=\"158\" height=\"160\" src=\"https:\/\/elpalaciodelviento.com\/wp-content\/uploads\/2024\/05\/icon-features-dinner-4.png\" class=\"attachment-full size-full\" alt=\"\" url=\"https:\/\/elpalaciodelviento.com\/wp-content\/uploads\/2024\/05\/icon-features-dinner-4.png\" \/><\/div><\/div><div class=\"icon-box icon-box-body\">\n                <p class=\"icon-box-description\">+34 658591407<\/p>\n            <\/div>\n            \n            <\/div><\/div>\t\t\t\t<\/div>\n\t\t\t\t<\/div>\n\t\t\t\t<div class=\"elementor-element elementor-element-37bef425 elementor-widget-tablet__width-initial elementor-widget__width-initial jkit-equal-height-disable elementor-invisible elementor-widget elementor-widget-jkit_icon_box\" data-id=\"37bef425\" data-element_type=\"widget\" data-e-type=\"widget\" data-settings=\"{&quot;_animation&quot;:&quot;fadeIn&quot;,&quot;_animation_delay&quot;:&quot;800&quot;}\" data-widget_type=\"jkit_icon_box.default\">\n\t\t\t\t<div class=\"elementor-widget-container\">\n\t\t\t\t\t<div  class=\"jeg-elementor-kit jkit-icon-box icon-position-left elementor-animation- jeg_module__2_69d6e51fe61ce\" ><div class=\"jkit-icon-box-wrapper hover-from-left\"><div class=\"icon-box icon-box-header elementor-animation-\"><div class=\"icon style-color\"><img decoding=\"async\" width=\"160\" height=\"160\" src=\"https:\/\/elpalaciodelviento.com\/wp-content\/uploads\/2024\/05\/icon-features-pool-5.png\" class=\"attachment-full size-full\" alt=\"\" url=\"https:\/\/elpalaciodelviento.com\/wp-content\/uploads\/2024\/05\/icon-features-pool-5.png\" srcset=\"https:\/\/elpalaciodelviento.com\/wp-content\/uploads\/2024\/05\/icon-features-pool-5.png 160w, https:\/\/elpalaciodelviento.com\/wp-content\/uploads\/2024\/05\/icon-features-pool-5-150x150.png 150w\" sizes=\"(max-width: 160px) 100vw, 160px\" \/><\/div><\/div><div class=\"icon-box icon-box-body\">\n                <p class=\"icon-box-description\">office.elpalaciodelviento@gmail.com<\/p>\n            <\/div>\n            \n            <\/div><\/div>\t\t\t\t<\/div>\n\t\t\t\t<\/div>\n\t\t\t\t<\/div>\n\t\t\t\t<\/div>\n\t\t<div class=\"elementor-element elementor-element-14619c9d e-con-full e-flex elementor-invisible e-con e-child\" data-id=\"14619c9d\" data-element_type=\"container\" data-e-type=\"container\" data-settings=\"{&quot;background_background&quot;:&quot;classic&quot;,&quot;animation&quot;:&quot;fadeIn&quot;}\">\n\t\t\t\t<div class=\"elementor-element elementor-element-d443433 elementor-button-align-stretch elementor-widget elementor-widget-form\" data-id=\"d443433\" data-element_type=\"widget\" data-e-type=\"widget\" data-settings=\"{&quot;step_next_label&quot;:&quot;Next&quot;,&quot;step_previous_label&quot;:&quot;Previous&quot;,&quot;button_width&quot;:&quot;100&quot;,&quot;step_type&quot;:&quot;number_text&quot;,&quot;step_icon_shape&quot;:&quot;circle&quot;}\" data-widget_type=\"form.default\">\n\t\t\t\t<div class=\"elementor-widget-container\">\n\t\t\t\t\t\t\t<form class=\"elementor-form\" method=\"post\" name=\"New Form\" aria-label=\"Neue Form\" action=\"\">\n\t\t\t<input type=\"hidden\" name=\"post_id\" value=\"164\"\/>\n\t\t\t<input type=\"hidden\" name=\"form_id\" value=\"d443433\"\/>\n\t\t\t<input type=\"hidden\" name=\"referer_title\" value=\"Contacto - El Palacio del Viento\" \/>\n\n\t\t\t\t\t\t\t<input type=\"hidden\" name=\"queried_id\" value=\"164\"\/>\n\t\t\t\n\t\t\t<div class=\"elementor-form-fields-wrapper elementor-labels-above\">\n\t\t\t\t\t\t\t\t<div class=\"elementor-field-type-text elementor-field-group elementor-column elementor-field-group-name elementor-col-50 elementor-field-required\">\n\t\t\t\t\t\t\t\t\t\t\t\t<label for=\"form-field-name\" class=\"elementor-field-label\">\n\t\t\t\t\t\t\t\tName\t\t\t\t\t\t\t<\/label>\n\t\t\t\t\t\t\t\t\t\t\t\t\t\t<input size=\"1\" type=\"text\" name=\"form_fields[name]\" id=\"form-field-name\" class=\"elementor-field elementor-size-sm  elementor-field-textual\" placeholder=\"Name\" required=\"required\">\n\t\t\t\t\t\t\t\t\t\t\t<\/div>\n\t\t\t\t\t\t\t\t<div class=\"elementor-field-type-text elementor-field-group elementor-column elementor-field-group-field_0253c8c elementor-col-50 elementor-field-required\">\n\t\t\t\t\t\t\t\t\t\t\t\t<label for=\"form-field-field_0253c8c\" class=\"elementor-field-label\">\n\t\t\t\t\t\t\t\tNachname\t\t\t\t\t\t\t<\/label>\n\t\t\t\t\t\t\t\t\t\t\t\t\t\t<input size=\"1\" type=\"text\" name=\"form_fields[field_0253c8c]\" id=\"form-field-field_0253c8c\" class=\"elementor-field elementor-size-sm  elementor-field-textual\" placeholder=\"Nachname\" required=\"required\">\n\t\t\t\t\t\t\t\t\t\t\t<\/div>\n\t\t\t\t\t\t\t\t<div class=\"elementor-field-type-email elementor-field-group elementor-column elementor-field-group-email elementor-col-100 elementor-field-required\">\n\t\t\t\t\t\t\t\t\t\t\t\t<label for=\"form-field-email\" class=\"elementor-field-label\">\n\t\t\t\t\t\t\t\tE-Mail\t\t\t\t\t\t\t<\/label>\n\t\t\t\t\t\t\t\t\t\t\t\t\t\t<input size=\"1\" type=\"email\" name=\"form_fields[email]\" id=\"form-field-email\" class=\"elementor-field elementor-size-sm  elementor-field-textual\" placeholder=\"E-Mail\" required=\"required\">\n\t\t\t\t\t\t\t\t\t\t\t<\/div>\n\t\t\t\t\t\t\t\t<div class=\"elementor-field-type-tel elementor-field-group elementor-column elementor-field-group-field_60cebdb elementor-col-100 elementor-field-required\">\n\t\t\t\t\t\t\t\t\t\t\t\t<label for=\"form-field-field_60cebdb\" class=\"elementor-field-label\">\n\t\t\t\t\t\t\t\tTelefon\t\t\t\t\t\t\t<\/label>\n\t\t\t\t\t\t\t\t<input size=\"1\" type=\"tel\" name=\"form_fields[field_60cebdb]\" id=\"form-field-field_60cebdb\" class=\"elementor-field elementor-size-sm  elementor-field-textual\" placeholder=\"Telefon\" required=\"required\" pattern=\"[0-9()#&amp;+*-=.]+\" title=\"Seuls les chiffres et les caract\u00e8res t\u00e9l\u00e9phoniques (#, -, *, etc.) sont accept\u00e9s.\" data-no-translation-title=\"\">\n\n\t\t\t\t\t\t<\/div>\n\t\t\t\t\t\t\t\t<div class=\"elementor-field-type-select elementor-field-group elementor-column elementor-field-group-field_00e2a7f elementor-col-100 elementor-field-required\">\n\t\t\t\t\t\t\t\t\t\t\t\t<label for=\"form-field-field_00e2a7f\" class=\"elementor-field-label\">\n\t\t\t\t\t\t\t\tWelche Zweifel haben Sie?\t\t\t\t\t\t\t<\/label>\n\t\t\t\t\t\t\t\t<div class=\"elementor-field elementor-select-wrapper remove-before\">\n\t\t\t<div class=\"select-caret-down-wrapper\">\n\t\t\t\t<svg aria-hidden=\"true\" class=\"e-font-icon-svg e-eicon-caret-down\" viewbox=\"0 0 571.4 571.4\" xmlns=\"http:\/\/www.w3.org\/2000\/svg\"><path d=\"M571 393Q571 407 561 418L311 668Q300 679 286 679T261 668L11 418Q0 407 0 393T11 368 36 357H536Q550 357 561 368T571 393Z\"><\/path><\/svg>\t\t\t<\/div>\n\t\t\t<select name=\"form_fields[field_00e2a7f]\" id=\"form-field-field_00e2a7f\" class=\"elementor-field-textual elementor-size-sm\" required=\"required\">\n\t\t\t\t\t\t\t\t\t<option value=\"Habitaciones y Suites\">Zimmer und Suiten<\/option>\n\t\t\t\t\t\t\t\t\t<option value=\"Actividades\">Aktivit\u00e4ten<\/option>\n\t\t\t\t\t\t\t\t\t<option value=\"Alquiler de coche\">Ein Auto mieten<\/option>\n\t\t\t\t\t\t\t\t\t<option value=\"Otra\">Eine weitere<\/option>\n\t\t\t\t\t\t\t<\/select>\n\t\t<\/div>\n\t\t\t\t\t\t<\/div>\n\t\t\t\t\t\t\t\t<div class=\"elementor-field-type-textarea elementor-field-group elementor-column elementor-field-group-message elementor-col-100 elementor-field-required\">\n\t\t\t\t\t\t\t\t\t\t\t\t<label for=\"form-field-message\" class=\"elementor-field-label\">\n\t\t\t\t\t\t\t\tNachricht\t\t\t\t\t\t\t<\/label>\n\t\t\t\t\t\t<textarea class=\"elementor-field-textual elementor-field  elementor-size-sm\" name=\"form_fields[message]\" id=\"form-field-message\" rows=\"4\" placeholder=\"Nachricht\" required=\"required\"><\/textarea>\t\t\t\t<\/div>\n\t\t\t\t\t\t\t\t<div class=\"elementor-field-type-acceptance elementor-field-group elementor-column elementor-field-group-field_2cacf98 elementor-col-100 elementor-field-required\">\n\t\t\t\t\t\t\t<div class=\"elementor-field-subgroup\">\n\t\t\t<span class=\"elementor-field-option\">\n\t\t\t\t<input type=\"checkbox\" name=\"form_fields[field_2cacf98]\" id=\"form-field-field_2cacf98\" class=\"elementor-field elementor-size-sm  elementor-acceptance-field\" required=\"required\">\n\t\t\t\t<label for=\"form-field-field_2cacf98\">Ich habe gelesen und akzeptiere die <b>Datenschutzbestimmungen<\/b><\/label>\t\t\t<\/span>\n\t\t<\/div>\n\t\t\t\t\t\t<\/div>\n\t\t\t\t\t\t\t\t<div class=\"elementor-field-group elementor-column elementor-field-type-submit elementor-col-100 e-form__buttons\">\n\t\t\t\t\t<button class=\"elementor-button elementor-size-sm\" type=\"submit\">\n\t\t\t\t\t\t<span class=\"elementor-button-content-wrapper\">\n\t\t\t\t\t\t\t\t\t\t\t\t\t\t\t\t\t\t\t\t\t\t<span class=\"elementor-button-text\">Senden Sie <\/span>\n\t\t\t\t\t\t\t\t\t\t\t\t\t<\/span>\n\t\t\t\t\t<\/button>\n\t\t\t\t<\/div>\n\t\t\t<\/div>\n\t\t<input type=\"hidden\" name=\"trp-form-language\" value=\"de\"\/><\/form>\n\t\t\t\t\t\t<\/div>\n\t\t\t\t<\/div>\n\t\t\t\t<\/div>\n\t\t\t\t\t<\/div>\n\t\t\t\t<\/div>\n\t\t<div class=\"elementor-element elementor-element-4db6de40 e-con-full e-flex elementor-invisible e-con e-parent\" data-id=\"4db6de40\" data-element_type=\"container\" data-e-type=\"container\" data-settings=\"{&quot;animation&quot;:&quot;fadeIn&quot;}\">\n\t\t\t\t<div class=\"elementor-element elementor-element-1882644e elementor-widget elementor-widget-google_maps\" data-id=\"1882644e\" data-element_type=\"widget\" data-e-type=\"widget\" data-widget_type=\"google_maps.default\">\n\t\t\t\t<div class=\"elementor-widget-container\">\n\t\t\t\t\t\t\t<div class=\"elementor-custom-embed\">\n\t\t\t<iframe loading=\"lazy\"\n\t\t\t\t\tsrc=\"https:\/\/maps.google.com\/maps?q=C.%20Jerez%2C%2018%2C%2011380%20Tarifa%2C%20C%C3%A1diz%2C%20Espa%C3%B1a&#038;t=m&#038;z=14&#038;output=embed&#038;iwloc=near\"\n\t\t\t\t\ttitle=\"C. Jerez, 18, 11380 Tarifa, C\u00e1diz, Spanien\"\n\t\t\t\t\taria-label=\"C. Jerez, 18, 11380 Tarifa, C\u00e1diz, Spanien\"\n\t\t\t><\/iframe>\n\t\t<\/div>\n\t\t\t\t\t\t<\/div>\n\t\t\t\t<\/div>\n\t\t\t\t<\/div>\n\t\t\t\t<\/div>","protected":false},"excerpt":{"rendered":"<p>Kontakt Verwenden Sie das nachstehende Kontaktformular, um uns Ihre Fragen, Kommentare oder Sonderw\u00fcnsche mitzuteilen. Wir werden unser Bestes tun, um Ihnen so schnell wie m\u00f6glich zu antworten. Wenn Sie es vorziehen, sich direkt an uns zu wenden, finden Sie unten auch unsere Kontaktdaten. Setzen Sie sich mit unserem Team in Verbindung Wir sind f\u00fcr Sie da, um Ihnen bei allen Fragen und W\u00fcnschen zu helfen [...]<\/p>","protected":false},"author":1,"featured_media":1179,"parent":0,"menu_order":0,"comment_status":"closed","ping_status":"closed","template":"elementor_header_footer","meta":{"footnotes":""},"class_list":["post-164","page","type-page","status-publish","has-post-thumbnail","hentry"],"yoast_head":"<!-- This site is optimized with the Yoast SEO plugin v25.4 - https:\/\/yoast.com\/wordpress\/plugins\/seo\/ -->\n<title>Contacto - El Palacio del Viento<\/title>\n<meta name=\"description\" content=\"Cont\u00e1ctanos para reservas y consultas en C. Jerez, 18, Tarifa. Tel\u00e9fono: +34 658591407.\" \/>\n<meta name=\"robots\" content=\"index, follow, max-snippet:-1, max-image-preview:large, max-video-preview:-1\" \/>\n<link rel=\"canonical\" href=\"https:\/\/elpalaciodelviento.com\/de\/kontakt\/\" \/>\n<meta property=\"og:locale\" content=\"de_DE\" \/>\n<meta property=\"og:type\" content=\"article\" \/>\n<meta property=\"og:title\" content=\"Contacto - El Palacio del Viento\" \/>\n<meta property=\"og:description\" content=\"Cont\u00e1ctanos para reservas y consultas en C. Jerez, 18, Tarifa. Tel\u00e9fono: +34 658591407.\" \/>\n<meta property=\"og:url\" content=\"https:\/\/elpalaciodelviento.com\/de\/kontakt\/\" \/>\n<meta property=\"og:site_name\" content=\"El Palacio del Viento\" \/>\n<meta property=\"article:modified_time\" content=\"2024-07-30T11:52:53+00:00\" \/>\n<meta property=\"og:image\" content=\"https:\/\/elpalaciodelviento.com\/wp-content\/uploads\/2024\/07\/palacio-ultimas-066-scaled.jpg\" \/>\n\t<meta property=\"og:image:width\" content=\"2560\" \/>\n\t<meta property=\"og:image:height\" content=\"1706\" \/>\n\t<meta property=\"og:image:type\" content=\"image\/jpeg\" \/>\n<meta name=\"twitter:card\" content=\"summary_large_image\" \/>\n<meta name=\"twitter:label1\" content=\"Gesch\u00e4tzte Lesezeit\" \/>\n\t<meta name=\"twitter:data1\" content=\"2\u00a0Minuten\" \/>\n<script type=\"application\/ld+json\" class=\"yoast-schema-graph\">{\"@context\":\"https:\/\/schema.org\",\"@graph\":[{\"@type\":\"WebPage\",\"@id\":\"https:\/\/elpalaciodelviento.com\/contacto\/\",\"url\":\"https:\/\/elpalaciodelviento.com\/contacto\/\",\"name\":\"Contacto - El Palacio del Viento\",\"isPartOf\":{\"@id\":\"https:\/\/elpalaciodelviento.com\/#website\"},\"primaryImageOfPage\":{\"@id\":\"https:\/\/elpalaciodelviento.com\/contacto\/#primaryimage\"},\"image\":{\"@id\":\"https:\/\/elpalaciodelviento.com\/contacto\/#primaryimage\"},\"thumbnailUrl\":\"https:\/\/elpalaciodelviento.com\/wp-content\/uploads\/2024\/07\/palacio-ultimas-066-scaled.jpg\",\"datePublished\":\"2024-05-12T23:30:16+00:00\",\"dateModified\":\"2024-07-30T11:52:53+00:00\",\"description\":\"Cont\u00e1ctanos para reservas y consultas en C. Jerez, 18, Tarifa. Tel\u00e9fono: +34 658591407.\",\"breadcrumb\":{\"@id\":\"https:\/\/elpalaciodelviento.com\/contacto\/#breadcrumb\"},\"inLanguage\":\"de\",\"potentialAction\":[{\"@type\":\"ReadAction\",\"target\":[\"https:\/\/elpalaciodelviento.com\/contacto\/\"]}]},{\"@type\":\"ImageObject\",\"inLanguage\":\"de\",\"@id\":\"https:\/\/elpalaciodelviento.com\/contacto\/#primaryimage\",\"url\":\"https:\/\/elpalaciodelviento.com\/wp-content\/uploads\/2024\/07\/palacio-ultimas-066-scaled.jpg\",\"contentUrl\":\"https:\/\/elpalaciodelviento.com\/wp-content\/uploads\/2024\/07\/palacio-ultimas-066-scaled.jpg\",\"width\":2560,\"height\":1706},{\"@type\":\"BreadcrumbList\",\"@id\":\"https:\/\/elpalaciodelviento.com\/contacto\/#breadcrumb\",\"itemListElement\":[{\"@type\":\"ListItem\",\"position\":1,\"name\":\"Home\",\"item\":\"https:\/\/elpalaciodelviento.com\/\"},{\"@type\":\"ListItem\",\"position\":2,\"name\":\"Contacto\"}]},{\"@type\":\"WebSite\",\"@id\":\"https:\/\/elpalaciodelviento.com\/#website\",\"url\":\"https:\/\/elpalaciodelviento.com\/\",\"name\":\"El Palacio del Viento\",\"description\":\"\",\"publisher\":{\"@id\":\"https:\/\/elpalaciodelviento.com\/#organization\"},\"potentialAction\":[{\"@type\":\"SearchAction\",\"target\":{\"@type\":\"EntryPoint\",\"urlTemplate\":\"https:\/\/elpalaciodelviento.com\/?s={search_term_string}\"},\"query-input\":{\"@type\":\"PropertyValueSpecification\",\"valueRequired\":true,\"valueName\":\"search_term_string\"}}],\"inLanguage\":\"de\"},{\"@type\":\"Organization\",\"@id\":\"https:\/\/elpalaciodelviento.com\/#organization\",\"name\":\"El Palacio del Viento\",\"url\":\"https:\/\/elpalaciodelviento.com\/\",\"logo\":{\"@type\":\"ImageObject\",\"inLanguage\":\"de\",\"@id\":\"https:\/\/elpalaciodelviento.com\/#\/schema\/logo\/image\/\",\"url\":\"https:\/\/elpalaciodelviento.com\/wp-content\/uploads\/2024\/05\/cropped-color.png\",\"contentUrl\":\"https:\/\/elpalaciodelviento.com\/wp-content\/uploads\/2024\/05\/cropped-color.png\",\"width\":512,\"height\":512,\"caption\":\"El Palacio del Viento\"},\"image\":{\"@id\":\"https:\/\/elpalaciodelviento.com\/#\/schema\/logo\/image\/\"}}]}<\/script>\n<!-- \/ Yoast SEO plugin. -->","yoast_head_json":{"title":"Contacto - El Palacio del Viento","description":"Cont\u00e1ctanos para reservas y consultas en C. Jerez, 18, Tarifa. Tel\u00e9fono: +34 658591407.","robots":{"index":"index","follow":"follow","max-snippet":"max-snippet:-1","max-image-preview":"max-image-preview:large","max-video-preview":"max-video-preview:-1"},"canonical":"https:\/\/elpalaciodelviento.com\/de\/kontakt\/","og_locale":"de_DE","og_type":"article","og_title":"Contacto - El Palacio del Viento","og_description":"Cont\u00e1ctanos para reservas y consultas en C. Jerez, 18, Tarifa. Tel\u00e9fono: +34 658591407.","og_url":"https:\/\/elpalaciodelviento.com\/de\/kontakt\/","og_site_name":"El Palacio del Viento","article_modified_time":"2024-07-30T11:52:53+00:00","og_image":[{"width":2560,"height":1706,"url":"https:\/\/elpalaciodelviento.com\/wp-content\/uploads\/2024\/07\/palacio-ultimas-066-scaled.jpg","type":"image\/jpeg"}],"twitter_card":"summary_large_image","twitter_misc":{"Gesch\u00e4tzte Lesezeit":"2\u00a0Minuten"},"schema":{"@context":"https:\/\/schema.org","@graph":[{"@type":"WebPage","@id":"https:\/\/elpalaciodelviento.com\/contacto\/","url":"https:\/\/elpalaciodelviento.com\/contacto\/","name":"Contacto - El Palacio del Viento","isPartOf":{"@id":"https:\/\/elpalaciodelviento.com\/#website"},"primaryImageOfPage":{"@id":"https:\/\/elpalaciodelviento.com\/contacto\/#primaryimage"},"image":{"@id":"https:\/\/elpalaciodelviento.com\/contacto\/#primaryimage"},"thumbnailUrl":"https:\/\/elpalaciodelviento.com\/wp-content\/uploads\/2024\/07\/palacio-ultimas-066-scaled.jpg","datePublished":"2024-05-12T23:30:16+00:00","dateModified":"2024-07-30T11:52:53+00:00","description":"Cont\u00e1ctanos para reservas y consultas en C. Jerez, 18, Tarifa. Tel\u00e9fono: +34 658591407.","breadcrumb":{"@id":"https:\/\/elpalaciodelviento.com\/contacto\/#breadcrumb"},"inLanguage":"de","potentialAction":[{"@type":"ReadAction","target":["https:\/\/elpalaciodelviento.com\/contacto\/"]}]},{"@type":"ImageObject","inLanguage":"de","@id":"https:\/\/elpalaciodelviento.com\/contacto\/#primaryimage","url":"https:\/\/elpalaciodelviento.com\/wp-content\/uploads\/2024\/07\/palacio-ultimas-066-scaled.jpg","contentUrl":"https:\/\/elpalaciodelviento.com\/wp-content\/uploads\/2024\/07\/palacio-ultimas-066-scaled.jpg","width":2560,"height":1706},{"@type":"BreadcrumbList","@id":"https:\/\/elpalaciodelviento.com\/contacto\/#breadcrumb","itemListElement":[{"@type":"ListItem","position":1,"name":"Home","item":"https:\/\/elpalaciodelviento.com\/"},{"@type":"ListItem","position":2,"name":"Contacto"}]},{"@type":"WebSite","@id":"https:\/\/elpalaciodelviento.com\/#website","url":"https:\/\/elpalaciodelviento.com\/","name":"El Palacio del Viento","description":"","publisher":{"@id":"https:\/\/elpalaciodelviento.com\/#organization"},"potentialAction":[{"@type":"SearchAction","target":{"@type":"EntryPoint","urlTemplate":"https:\/\/elpalaciodelviento.com\/?s={search_term_string}"},"query-input":{"@type":"PropertyValueSpecification","valueRequired":true,"valueName":"search_term_string"}}],"inLanguage":"de"},{"@type":"Organization","@id":"https:\/\/elpalaciodelviento.com\/#organization","name":"El Palacio del Viento","url":"https:\/\/elpalaciodelviento.com\/","logo":{"@type":"ImageObject","inLanguage":"de","@id":"https:\/\/elpalaciodelviento.com\/#\/schema\/logo\/image\/","url":"https:\/\/elpalaciodelviento.com\/wp-content\/uploads\/2024\/05\/cropped-color.png","contentUrl":"https:\/\/elpalaciodelviento.com\/wp-content\/uploads\/2024\/05\/cropped-color.png","width":512,"height":512,"caption":"El Palacio del Viento"},"image":{"@id":"https:\/\/elpalaciodelviento.com\/#\/schema\/logo\/image\/"}}]}},"_links":{"self":[{"href":"https:\/\/elpalaciodelviento.com\/de\/wp-json\/wp\/v2\/pages\/164","targetHints":{"allow":["GET"]}}],"collection":[{"href":"https:\/\/elpalaciodelviento.com\/de\/wp-json\/wp\/v2\/pages"}],"about":[{"href":"https:\/\/elpalaciodelviento.com\/de\/wp-json\/wp\/v2\/types\/page"}],"author":[{"embeddable":true,"href":"https:\/\/elpalaciodelviento.com\/de\/wp-json\/wp\/v2\/users\/1"}],"replies":[{"embeddable":true,"href":"https:\/\/elpalaciodelviento.com\/de\/wp-json\/wp\/v2\/comments?post=164"}],"version-history":[{"count":32,"href":"https:\/\/elpalaciodelviento.com\/de\/wp-json\/wp\/v2\/pages\/164\/revisions"}],"predecessor-version":[{"id":1285,"href":"https:\/\/elpalaciodelviento.com\/de\/wp-json\/wp\/v2\/pages\/164\/revisions\/1285"}],"wp:featuredmedia":[{"embeddable":true,"href":"https:\/\/elpalaciodelviento.com\/de\/wp-json\/wp\/v2\/media\/1179"}],"wp:attachment":[{"href":"https:\/\/elpalaciodelviento.com\/de\/wp-json\/wp\/v2\/media?parent=164"}],"curies":[{"name":"wp","href":"https:\/\/api.w.org\/{rel}","templated":true}]}}