{"id":1503,"date":"2025-10-02T12:19:52","date_gmt":"2025-10-02T12:19:52","guid":{"rendered":"https:\/\/elpalaciodelviento.com\/?page_id=1503"},"modified":"2025-10-02T12:22:40","modified_gmt":"2025-10-02T12:22:40","slug":"%d8%a8%d9%8a%d8%a7%d9%86-%d8%a5%d9%85%d9%83%d8%a7%d9%86%d9%8a%d8%a9-%d8%a7%d9%84%d9%88%d8%b5%d9%88%d9%84","status":"publish","type":"page","link":"https:\/\/elpalaciodelviento.com\/ar\/%d8%a8%d9%8a%d8%a7%d9%86-%d8%a5%d9%85%d9%83%d8%a7%d9%86%d9%8a%d8%a9-%d8%a7%d9%84%d9%88%d8%b5%d9%88%d9%84\/","title":{"rendered":"\u0628\u064a\u0627\u0646 \u0625\u0645\u0643\u0627\u0646\u064a\u0629 \u0627\u0644\u0648\u0635\u0648\u0644"},"content":{"rendered":"<div data-elementor-type=\"wp-page\" data-elementor-id=\"1503\" class=\"elementor elementor-1503\" data-elementor-post-type=\"page\">\n\t\t\t\t<div class=\"elementor-element elementor-element-71d77c62 e-flex e-con-boxed e-con e-parent\" data-id=\"71d77c62\" data-element_type=\"container\" data-e-type=\"container\" data-settings=\"{&quot;background_background&quot;:&quot;classic&quot;}\">\n\t\t\t\t\t<div class=\"e-con-inner\">\n\t\t<div class=\"elementor-element elementor-element-1e50653f e-con-full e-flex e-con e-child\" data-id=\"1e50653f\" data-element_type=\"container\" data-e-type=\"container\">\n\t\t\t\t<div class=\"elementor-element elementor-element-2a87682a elementor-invisible elementor-widget elementor-widget-heading\" data-id=\"2a87682a\" data-element_type=\"widget\" data-e-type=\"widget\" data-settings=\"{&quot;_animation&quot;:&quot;fadeIn&quot;}\" data-widget_type=\"heading.default\">\n\t\t\t\t<div class=\"elementor-widget-container\">\n\t\t\t\t\t<h2 class=\"elementor-heading-title elementor-size-default\">\u0628\u064a\u0627\u0646 \u0625\u0645\u0643\u0627\u0646\u064a\u0629 \u0627\u0644\u0648\u0635\u0648\u0644\n<\/h2>\t\t\t\t<\/div>\n\t\t\t\t<\/div>\n\t\t\t\t<\/div>\n\t\t\t\t\t<\/div>\n\t\t\t\t<\/div>\n\t\t<div class=\"elementor-element elementor-element-d5c3e77 e-flex e-con-boxed e-con e-parent\" data-id=\"d5c3e77\" data-element_type=\"container\" data-e-type=\"container\">\n\t\t\t\t\t<div class=\"e-con-inner\">\n\t\t\t\t<div class=\"elementor-element elementor-element-bf0521d elementor-widget elementor-widget-text-editor\" data-id=\"bf0521d\" data-element_type=\"widget\" data-e-type=\"widget\" data-widget_type=\"text-editor.default\">\n\t\t\t\t<div class=\"elementor-widget-container\">\n\t\t\t\t\t\t\t\t\t<p><b>elpalacaciodelviento.com<\/b><span style=\"font-weight: 400;\"> \u062a\u0644\u062a\u0632\u0645 \u0628\u0636\u0645\u0627\u0646 \u0633\u0647\u0648\u0644\u0629 \u0627\u0644\u0648\u0635\u0648\u0644 \u0625\u0644\u0649 \u0645\u0648\u0642\u0639\u0647\u0627 \u0627\u0644\u0625\u0644\u0643\u062a\u0631\u0648\u0646\u064a \u0648\u0641\u0642\u064b\u0627 \u0644\u0644\u062a\u0648\u062c\u064a\u0647 (\u0627\u0644\u0627\u062a\u062d\u0627\u062f \u0627\u0644\u0623\u0648\u0631\u0648\u0628\u064a) 2019\/882 (\u0627\u0644\u0642\u0627\u0646\u0648\u0646 \u0627\u0644\u0623\u0648\u0631\u0648\u0628\u064a \u0644\u0625\u0645\u0643\u0627\u0646\u064a\u0629 \u0627\u0644\u0648\u0635\u0648\u0644) \u0648\u0627\u0644\u062a\u0634\u0631\u064a\u0639\u0627\u062a \u0627\u0644\u0625\u0633\u0628\u0627\u0646\u064a\u0629 \u0644\u0625\u0645\u0643\u0627\u0646\u064a\u0629 \u0627\u0644\u0648\u0635\u0648\u0644 \u0627\u0644\u0625\u0644\u0643\u062a\u0631\u0648\u0646\u064a.<\/span><\/p><h4><b>\u062d\u0627\u0644\u0629 \u0627\u0644\u0627\u0645\u062a\u062b\u0627\u0644<\/b><\/h4><p><span style=\"font-weight: 400;\">\u0647\u0630\u0627 \u0627\u0644\u0645\u0648\u0642\u0639 \u0627\u0644\u0625\u0644\u0643\u062a\u0631\u0648\u0646\u064a \u0645\u0648\u062c\u0648\u062f \u0639\u0644\u0649 <\/span><b>\u0645\u0631\u062d\u0644\u0629 \u0627\u0644\u0645\u0631\u0627\u062c\u0639\u0629<\/b><span style=\"font-weight: 400;\">.<\/span><span style=\"font-weight: 400;\"><br \/><\/span><span style=\"font-weight: 400;\">\u0641\u064a \u0627\u0644\u0648\u0642\u062a \u0627\u0644\u062d\u0627\u0644\u064a, <\/span><b>\u0644\u0645 \u062a\u0643\u062a\u0645\u0644 \u062c\u0645\u064a\u0639 \u0627\u062e\u062a\u0628\u0627\u0631\u0627\u062a \u0625\u0645\u0643\u0627\u0646\u064a\u0629 \u0627\u0644\u0648\u0635\u0648\u0644.<\/b><span style=\"font-weight: 400;\"> \u0648\u064a\u062c\u0631\u064a \u0627\u0644\u0639\u0645\u0644 \u0639\u0644\u0649 \u0627\u0644\u062a\u0643\u064a\u064a\u0641 \u0644\u0636\u0645\u0627\u0646 \u0627\u0644\u0627\u0645\u062a\u062b\u0627\u0644 \u0644\u0645\u062a\u0637\u0644\u0628\u0627\u062a \u0625\u0645\u0643\u0627\u0646\u064a\u0629 \u0648\u0635\u0648\u0644 \u0630\u0648\u064a \u0627\u0644\u0627\u062d\u062a\u064a\u0627\u062c\u0627\u062a \u0627\u0644\u062e\u0627\u0635\u0629 (WCAG 2.1 \u0627\u0644\u0645\u0633\u062a\u0648\u0649 AA\u060c \u0648\u0642\u0631\u064a\u0628\u064b\u0627 WCAG 2.2).<\/span><\/p><p><span style=\"font-weight: 400;\">\u0645\u0646 \u0627\u0644\u0645\u062a\u0648\u0642\u0639 \u0623\u0646 \u064a\u062a\u062d\u0642\u0642 \u0627\u0644\u0627\u0645\u062a\u062b\u0627\u0644 \u0627\u0644\u0643\u0627\u0645\u0644 \u0628\u0639\u062f \u0627\u0644\u0627\u0646\u062a\u0647\u0627\u0621 \u0645\u0646 \u0639\u0645\u0644\u064a\u0627\u062a \u0627\u0644\u062a\u062f\u0642\u064a\u0642 \u0627\u0644\u0645\u0633\u062a\u0645\u0631\u0629 \u0648\u0627\u0644\u062a\u0635\u062d\u064a\u062d\u0627\u062a \u0627\u0644\u0641\u0646\u064a\u0629.<\/span><\/p><h4><b>\u0644\u0627 \u064a\u0645\u0643\u0646 \u0627\u0644\u0648\u0635\u0648\u0644 \u0625\u0644\u0649 \u0627\u0644\u0645\u062d\u062a\u0648\u0649<\/b><\/h4><p><span style=\"font-weight: 400;\">\u0646\u0638\u0631\u064b\u0627 \u0644\u0623\u0646 \u0627\u0644\u0627\u062e\u062a\u0628\u0627\u0631\u0627\u062a \u0644\u0627 \u062a\u0632\u0627\u0644 \u062c\u0627\u0631\u064a\u0629\u060c \u0644\u0627 \u064a\u062a\u0648\u0641\u0631 \u062d\u062a\u0649 \u0627\u0644\u0622\u0646 \u062c\u0631\u062f \u0646\u0647\u0627\u0626\u064a \u0644\u0644\u0639\u0646\u0627\u0635\u0631 \u063a\u064a\u0631 \u0627\u0644\u0645\u062a\u0648\u0627\u0641\u0642\u0629.<\/span><span style=\"font-weight: 400;\"><br \/><\/span><span style=\"font-weight: 400;\">\u062a\u0634\u0645\u0644 \u0627\u0644\u0645\u062c\u0627\u0644\u0627\u062a \u0627\u0644\u062a\u064a \u062a\u062c\u0631\u064a \u0645\u0631\u0627\u062c\u0639\u062a\u0647\u0627 \u0645\u0627 \u064a\u0644\u064a:<\/span><\/p><ul><li style=\"font-weight: 400;\" aria-level=\"1\"><span style=\"font-weight: 400;\">\u0627\u0644\u0628\u062f\u0627\u0626\u0644 \u0627\u0644\u0646\u0635\u064a\u0629 \u0641\u064a \u0627\u0644\u0635\u0648\u0631 \u0648\u0639\u0646\u0627\u0635\u0631 \u0627\u0644\u0648\u0633\u0627\u0626\u0637 \u0627\u0644\u0645\u062a\u0639\u062f\u062f\u0629.<\/span><p>\u00a0<\/p><\/li><li style=\"font-weight: 400;\" aria-level=\"1\"><span style=\"font-weight: 400;\">\u062a\u0628\u0627\u064a\u0646 \u0627\u0644\u0623\u0644\u0648\u0627\u0646 \u0648\u0648\u0636\u0648\u062d \u0627\u0644\u0642\u0631\u0627\u0621\u0629.<\/span><p>\u00a0<\/p><\/li><li style=\"font-weight: 400;\" aria-level=\"1\"><span style=\"font-weight: 400;\">\u0627\u0644\u0646\u0645\u0627\u0630\u062c \u0648\u0627\u0644\u062a\u0641\u0627\u0639\u0644\u0627\u062a \u0627\u0644\u062a\u064a \u064a\u0645\u0643\u0646 \u0627\u0644\u0648\u0635\u0648\u0644 \u0625\u0644\u064a\u0647\u0627.<\/span><p>\u00a0<\/p><\/li><li style=\"font-weight: 400;\" aria-level=\"1\"><span style=\"font-weight: 400;\">\u0645\u0633\u062a\u0646\u062f\u0627\u062a PDF \u0648\u063a\u064a\u0631\u0647\u0627 \u0645\u0646 \u0627\u0644\u0645\u0644\u0641\u0627\u062a \u0627\u0644\u0623\u062e\u0631\u0649 \u0627\u0644\u0642\u0627\u0628\u0644\u0629 \u0644\u0644\u062a\u0646\u0632\u064a\u0644.<\/span><p>\u00a0<\/p><\/li><\/ul><h4><b>\u0625\u0639\u062f\u0627\u062f \u0627\u0644\u0625\u0639\u0644\u0627\u0646<\/b><\/h4><ul><li style=\"font-weight: 400;\" aria-level=\"1\"><span style=\"font-weight: 400;\">\u0628\u064a\u0627\u0646 \u0646\u064f\u0634\u0631 \u0639\u0644\u0649: <\/span><b>01\/05\/2025<\/b><p>\u00a0<\/p><\/li><li style=\"font-weight: 400;\" aria-level=\"1\"><span style=\"font-weight: 400;\">\u0627\u0644\u0637\u0631\u064a\u0642\u0629: <\/span><b>\u0627\u0644\u062a\u0642\u064a\u064a\u0645 \u0627\u0644\u062e\u0627\u0631\u062c\u064a \u0627\u0644\u0645\u0633\u062a\u0645\u0631<\/b><span style=\"font-weight: 400;\"> \u0627\u0644\u062a\u064a \u062a\u0642\u0648\u0645 \u0628\u0647\u0627 \u0627\u0644\u0634\u0631\u0643\u0629 \u0627\u0644\u0645\u062a\u062e\u0635\u0635\u0629 <\/span><b>Accessibi.com<\/b><span style=\"font-weight: 400;\">.<\/span><p>\u00a0<\/p><\/li><li style=\"font-weight: 400;\" aria-level=\"1\"><span style=\"font-weight: 400;\">\u0622\u062e\u0631 \u0645\u0631\u0627\u062c\u0639\u0629 <\/span><b>01\/05\/2025<\/b><p>\u00a0<\/p><\/li><\/ul><h4><b>\u0622\u0644\u064a\u0629 \u0627\u0644\u062a\u0648\u0627\u0635\u0644<\/b><\/h4><p><span style=\"font-weight: 400;\">\u064a\u0645\u0643\u0646\u0643 \u0627\u0644\u0625\u0628\u0644\u0627\u063a \u0639\u0646 \u0645\u0634\u0643\u0644\u0627\u062a \u0625\u0645\u0643\u0627\u0646\u064a\u0629 \u0627\u0644\u0648\u0635\u0648\u0644 \u0623\u0648 \u062a\u0642\u062f\u064a\u0645 \u0637\u0644\u0628\u0627\u062a \u0644\u0644\u062d\u0635\u0648\u0644 \u0639\u0644\u0649 \u0645\u0639\u0644\u0648\u0645\u0627\u062a \u064a\u0633\u0647\u0644 \u0627\u0644\u0648\u0635\u0648\u0644 \u0625\u0644\u064a\u0647\u0627 \u0645\u0646 \u062e\u0644\u0627\u0644:<\/span><\/p><ul><li style=\"font-weight: 400;\" aria-level=\"1\"><b>\u0639\u0646\u0648\u0627\u0646 \u0627\u0644\u0628\u0631\u064a\u062f \u0627\u0644\u0625\u0644\u0643\u062a\u0631\u0648\u0646\u064a<\/b><span style=\"font-weight: 400;\">: <\/span><span style=\"font-weight: 400;\">office.elpalaciodelviento@gmail.com<\/span><\/li><\/ul>\t\t\t\t\t\t\t\t<\/div>\n\t\t\t\t<\/div>\n\t\t\t\t\t<\/div>\n\t\t\t\t<\/div>\n\t\t\t\t<\/div>","protected":false},"excerpt":{"rendered":"<p>\u0628\u064a\u0627\u0646 \u0625\u0645\u0643\u0627\u0646\u064a\u0629 \u0627\u0644\u0648\u0635\u0648\u0644 \u062a\u0644\u062a\u0632\u0645 elpalacaciodelviento.com \u0628\u0636\u0645\u0627\u0646 \u0625\u0645\u0643\u0627\u0646\u064a\u0629 \u0627\u0644\u0648\u0635\u0648\u0644 \u0625\u0644\u0649 \u0645\u0648\u0642\u0639\u0647\u0627 \u0627\u0644\u0625\u0644\u0643\u062a\u0631\u0648\u0646\u064a \u0648\u0641\u0642\u064b\u0627 \u0644\u0644\u062a\u0648\u062c\u064a\u0647 (\u0627\u0644\u0627\u062a\u062d\u0627\u062f \u0627\u0644\u0623\u0648\u0631\u0648\u0628\u064a) 2019\/882 (\u0627\u0644\u0642\u0627\u0646\u0648\u0646 \u0627\u0644\u0623\u0648\u0631\u0648\u0628\u064a \u0644\u0625\u0645\u0643\u0627\u0646\u064a\u0629 \u0627\u0644\u0648\u0635\u0648\u0644) \u0648\u0627\u0644\u062a\u0634\u0631\u064a\u0639\u0627\u062a \u0627\u0644\u0625\u0633\u0628\u0627\u0646\u064a\u0629 \u0644\u0625\u0645\u0643\u0627\u0646\u064a\u0629 \u0627\u0644\u0648\u0635\u0648\u0644 \u0627\u0644\u0625\u0644\u0643\u062a\u0631\u0648\u0646\u064a. \u062d\u0627\u0644\u0629 \u0627\u0644\u0627\u0645\u062a\u062b\u0627\u0644 \u0647\u0630\u0627 \u0627\u0644\u0645\u0648\u0642\u0639 \u0627\u0644\u0625\u0644\u0643\u062a\u0631\u0648\u0646\u064a \u0642\u064a\u062f \u0627\u0644\u0645\u0631\u0627\u062c\u0639\u0629 \u062d\u0627\u0644\u064a\u064b\u0627\u060c \u0648\u0644\u0645 \u064a\u062a\u0645 \u0627\u0644\u0627\u0646\u062a\u0647\u0627\u0621 \u0645\u0646 \u062c\u0645\u064a\u0639 \u0627\u062e\u062a\u0628\u0627\u0631\u0627\u062a \u0625\u0645\u0643\u0627\u0646\u064a\u0629 \u0627\u0644\u0648\u0635\u0648\u0644 \u0648\u064a\u062c\u0631\u064a \u0645\u0631\u0627\u062c\u0639\u062a\u0647\u0627.<\/p>","protected":false},"author":1,"featured_media":0,"parent":0,"menu_order":0,"comment_status":"closed","ping_status":"closed","template":"elementor_header_footer","meta":{"footnotes":""},"class_list":["post-1503","page","type-page","status-publish","hentry"],"yoast_head":"<!-- This site is optimized with the Yoast SEO plugin v25.4 - https:\/\/yoast.com\/wordpress\/plugins\/seo\/ -->\n<title>Declaraci\u00f3n de accesibilidad - El Palacio del Viento<\/title>\n<meta name=\"robots\" content=\"index, follow, max-snippet:-1, max-image-preview:large, max-video-preview:-1\" \/>\n<link rel=\"canonical\" href=\"https:\/\/elpalaciodelviento.com\/ar\/\u0628\u064a\u0627\u0646-\u0625\u0645\u0643\u0627\u0646\u064a\u0629-\u0627\u0644\u0648\u0635\u0648\u0644\/\" \/>\n<meta property=\"og:locale\" content=\"ar_AR\" \/>\n<meta property=\"og:type\" content=\"article\" \/>\n<meta property=\"og:title\" content=\"Declaraci\u00f3n de accesibilidad - El Palacio del Viento\" \/>\n<meta property=\"og:description\" content=\"Declaraci\u00f3n de accesibilidad elpalaciodelviento.com se compromete a garantizar la accesibilidad de su sitio web de conformidad con la Directiva (UE) 2019\/882 (European Accessibility Act) y la normativa espa\u00f1ola de accesibilidad digital. Situaci\u00f3n de cumplimiento Este sitio web se encuentra en fase de revisi\u00f3n.Actualmente, no se han completado todos los tests de accesibilidad y se est\u00e1n [&hellip;]\" \/>\n<meta property=\"og:url\" content=\"https:\/\/elpalaciodelviento.com\/ar\/\u0628\u064a\u0627\u0646-\u0625\u0645\u0643\u0627\u0646\u064a\u0629-\u0627\u0644\u0648\u0635\u0648\u0644\/\" \/>\n<meta property=\"og:site_name\" content=\"El Palacio del Viento\" \/>\n<meta property=\"article:modified_time\" content=\"2025-10-02T12:22:40+00:00\" \/>\n<meta name=\"twitter:card\" content=\"summary_large_image\" \/>\n<meta name=\"twitter:label1\" content=\"\u0648\u0642\u062a \u0627\u0644\u0642\u0631\u0627\u0621\u0629 \u0627\u0644\u0645\u064f\u0642\u062f\u0651\u0631\" \/>\n\t<meta name=\"twitter:data1\" content=\"\u062f\u0642\u064a\u0642\u0629 \u0648\u0627\u062d\u062f\u0629\" \/>\n<script type=\"application\/ld+json\" class=\"yoast-schema-graph\">{\"@context\":\"https:\/\/schema.org\",\"@graph\":[{\"@type\":\"WebPage\",\"@id\":\"https:\/\/elpalaciodelviento.com\/declaracion-de-accesibilidad\/\",\"url\":\"https:\/\/elpalaciodelviento.com\/declaracion-de-accesibilidad\/\",\"name\":\"Declaraci\u00f3n de accesibilidad - El Palacio del Viento\",\"isPartOf\":{\"@id\":\"https:\/\/elpalaciodelviento.com\/#website\"},\"datePublished\":\"2025-10-02T12:19:52+00:00\",\"dateModified\":\"2025-10-02T12:22:40+00:00\",\"breadcrumb\":{\"@id\":\"https:\/\/elpalaciodelviento.com\/declaracion-de-accesibilidad\/#breadcrumb\"},\"inLanguage\":\"ar\",\"potentialAction\":[{\"@type\":\"ReadAction\",\"target\":[\"https:\/\/elpalaciodelviento.com\/declaracion-de-accesibilidad\/\"]}]},{\"@type\":\"BreadcrumbList\",\"@id\":\"https:\/\/elpalaciodelviento.com\/declaracion-de-accesibilidad\/#breadcrumb\",\"itemListElement\":[{\"@type\":\"ListItem\",\"position\":1,\"name\":\"Home\",\"item\":\"https:\/\/elpalaciodelviento.com\/\"},{\"@type\":\"ListItem\",\"position\":2,\"name\":\"Declaraci\u00f3n de accesibilidad\"}]},{\"@type\":\"WebSite\",\"@id\":\"https:\/\/elpalaciodelviento.com\/#website\",\"url\":\"https:\/\/elpalaciodelviento.com\/\",\"name\":\"El Palacio del Viento\",\"description\":\"\",\"publisher\":{\"@id\":\"https:\/\/elpalaciodelviento.com\/#organization\"},\"potentialAction\":[{\"@type\":\"SearchAction\",\"target\":{\"@type\":\"EntryPoint\",\"urlTemplate\":\"https:\/\/elpalaciodelviento.com\/?s={search_term_string}\"},\"query-input\":{\"@type\":\"PropertyValueSpecification\",\"valueRequired\":true,\"valueName\":\"search_term_string\"}}],\"inLanguage\":\"ar\"},{\"@type\":\"Organization\",\"@id\":\"https:\/\/elpalaciodelviento.com\/#organization\",\"name\":\"El Palacio del Viento\",\"url\":\"https:\/\/elpalaciodelviento.com\/\",\"logo\":{\"@type\":\"ImageObject\",\"inLanguage\":\"ar\",\"@id\":\"https:\/\/elpalaciodelviento.com\/#\/schema\/logo\/image\/\",\"url\":\"https:\/\/elpalaciodelviento.com\/wp-content\/uploads\/2024\/05\/cropped-color.png\",\"contentUrl\":\"https:\/\/elpalaciodelviento.com\/wp-content\/uploads\/2024\/05\/cropped-color.png\",\"width\":512,\"height\":512,\"caption\":\"El Palacio del Viento\"},\"image\":{\"@id\":\"https:\/\/elpalaciodelviento.com\/#\/schema\/logo\/image\/\"}}]}<\/script>\n<!-- \/ Yoast SEO plugin. -->","yoast_head_json":{"title":"Declaraci\u00f3n de accesibilidad - El Palacio del Viento","robots":{"index":"index","follow":"follow","max-snippet":"max-snippet:-1","max-image-preview":"max-image-preview:large","max-video-preview":"max-video-preview:-1"},"canonical":"https:\/\/elpalaciodelviento.com\/ar\/\u0628\u064a\u0627\u0646-\u0625\u0645\u0643\u0627\u0646\u064a\u0629-\u0627\u0644\u0648\u0635\u0648\u0644\/","og_locale":"ar_AR","og_type":"article","og_title":"Declaraci\u00f3n de accesibilidad - El Palacio del Viento","og_description":"Declaraci\u00f3n de accesibilidad elpalaciodelviento.com se compromete a garantizar la accesibilidad de su sitio web de conformidad con la Directiva (UE) 2019\/882 (European Accessibility Act) y la normativa espa\u00f1ola de accesibilidad digital. Situaci\u00f3n de cumplimiento Este sitio web se encuentra en fase de revisi\u00f3n.Actualmente, no se han completado todos los tests de accesibilidad y se est\u00e1n [&hellip;]","og_url":"https:\/\/elpalaciodelviento.com\/ar\/\u0628\u064a\u0627\u0646-\u0625\u0645\u0643\u0627\u0646\u064a\u0629-\u0627\u0644\u0648\u0635\u0648\u0644\/","og_site_name":"El Palacio del Viento","article_modified_time":"2025-10-02T12:22:40+00:00","twitter_card":"summary_large_image","twitter_misc":{"\u0648\u0642\u062a \u0627\u0644\u0642\u0631\u0627\u0621\u0629 \u0627\u0644\u0645\u064f\u0642\u062f\u0651\u0631":"\u062f\u0642\u064a\u0642\u0629 \u0648\u0627\u062d\u062f\u0629"},"schema":{"@context":"https:\/\/schema.org","@graph":[{"@type":"WebPage","@id":"https:\/\/elpalaciodelviento.com\/declaracion-de-accesibilidad\/","url":"https:\/\/elpalaciodelviento.com\/declaracion-de-accesibilidad\/","name":"Declaraci\u00f3n de accesibilidad - El Palacio del Viento","isPartOf":{"@id":"https:\/\/elpalaciodelviento.com\/#website"},"datePublished":"2025-10-02T12:19:52+00:00","dateModified":"2025-10-02T12:22:40+00:00","breadcrumb":{"@id":"https:\/\/elpalaciodelviento.com\/declaracion-de-accesibilidad\/#breadcrumb"},"inLanguage":"ar","potentialAction":[{"@type":"ReadAction","target":["https:\/\/elpalaciodelviento.com\/declaracion-de-accesibilidad\/"]}]},{"@type":"BreadcrumbList","@id":"https:\/\/elpalaciodelviento.com\/declaracion-de-accesibilidad\/#breadcrumb","itemListElement":[{"@type":"ListItem","position":1,"name":"Home","item":"https:\/\/elpalaciodelviento.com\/"},{"@type":"ListItem","position":2,"name":"Declaraci\u00f3n de accesibilidad"}]},{"@type":"WebSite","@id":"https:\/\/elpalaciodelviento.com\/#website","url":"https:\/\/elpalaciodelviento.com\/","name":"El Palacio del Viento","description":"","publisher":{"@id":"https:\/\/elpalaciodelviento.com\/#organization"},"potentialAction":[{"@type":"SearchAction","target":{"@type":"EntryPoint","urlTemplate":"https:\/\/elpalaciodelviento.com\/?s={search_term_string}"},"query-input":{"@type":"PropertyValueSpecification","valueRequired":true,"valueName":"search_term_string"}}],"inLanguage":"ar"},{"@type":"Organization","@id":"https:\/\/elpalaciodelviento.com\/#organization","name":"El Palacio del Viento","url":"https:\/\/elpalaciodelviento.com\/","logo":{"@type":"ImageObject","inLanguage":"ar","@id":"https:\/\/elpalaciodelviento.com\/#\/schema\/logo\/image\/","url":"https:\/\/elpalaciodelviento.com\/wp-content\/uploads\/2024\/05\/cropped-color.png","contentUrl":"https:\/\/elpalaciodelviento.com\/wp-content\/uploads\/2024\/05\/cropped-color.png","width":512,"height":512,"caption":"El Palacio del Viento"},"image":{"@id":"https:\/\/elpalaciodelviento.com\/#\/schema\/logo\/image\/"}}]}},"_links":{"self":[{"href":"https:\/\/elpalaciodelviento.com\/ar\/wp-json\/wp\/v2\/pages\/1503","targetHints":{"allow":["GET"]}}],"collection":[{"href":"https:\/\/elpalaciodelviento.com\/ar\/wp-json\/wp\/v2\/pages"}],"about":[{"href":"https:\/\/elpalaciodelviento.com\/ar\/wp-json\/wp\/v2\/types\/page"}],"author":[{"embeddable":true,"href":"https:\/\/elpalaciodelviento.com\/ar\/wp-json\/wp\/v2\/users\/1"}],"replies":[{"embeddable":true,"href":"https:\/\/elpalaciodelviento.com\/ar\/wp-json\/wp\/v2\/comments?post=1503"}],"version-history":[{"count":7,"href":"https:\/\/elpalaciodelviento.com\/ar\/wp-json\/wp\/v2\/pages\/1503\/revisions"}],"predecessor-version":[{"id":1515,"href":"https:\/\/elpalaciodelviento.com\/ar\/wp-json\/wp\/v2\/pages\/1503\/revisions\/1515"}],"wp:attachment":[{"href":"https:\/\/elpalaciodelviento.com\/ar\/wp-json\/wp\/v2\/media?parent=1503"}],"curies":[{"name":"wp","href":"https:\/\/api.w.org\/{rel}","templated":true}]}}